{"id":605,"date":"2021-08-04T13:07:27","date_gmt":"2021-08-04T16:07:27","guid":{"rendered":"https:\/\/www.ufmg.br\/proex\/?page_id=605"},"modified":"2022-01-27T17:15:10","modified_gmt":"2022-01-27T20:15:10","slug":"plano-de-gestao-2018-2022","status":"publish","type":"page","link":"https:\/\/www.ufmg.br\/proex\/sobre\/plano-de-gestao-2018-2022\/","title":{"rendered":"Plano de Gest\u00e3o 2018-2022"},"content":{"rendered":"<p>A cada quatros anos, o plano de gest\u00e3o da Pr\u00f3-Reitoria de Extens\u00e3o estabelece um conjunto princ\u00edpios e metas que orientam a atua\u00e7\u00e3o, a formula\u00e7\u00e3o e implementa\u00e7\u00e3o de a\u00e7\u00f5es da extens\u00e3o, visando fortalec\u00ea-la como dimens\u00e3o acad\u00eamica e concretizar metas do Plano de Desenvolvimento Institucional (PDI) da UFMG.<\/p>\n<p><a href=\"https:\/\/www.ufmg.br\/proex\/wp-content\/uploads\/2022\/01\/PROEX-2018-2022_-alterado.pdf\" target=\"_blank\" rel=\"noopener\">Leia o\u00a0Plano de Gest\u00e3o da atual gest\u00e3o (2018-2022) da Proex.<\/a><\/p>\n<p>&nbsp;<\/p>\n<p>&nbsp;<\/p>\n<p>&nbsp;<\/p>\n<p>&nbsp;<\/p>\n<p>&nbsp;<\/p>\n<p>&nbsp;<\/p>\n<p>&nbsp;<\/p>\n<p>&nbsp;<\/p>\n","protected":false},"excerpt":{"rendered":"<p>A cada quatros anos, o plano de gest\u00e3o da Pr\u00f3-Reitoria [&hellip;]<\/p>\n","protected":false},"author":2,"featured_media":0,"parent":357,"menu_order":0,"comment_status":"closed","ping_status":"closed","template":"","meta":[],"tags":[49,51,289,23,25,287,291,157,29,4],"_links":{"self":[{"href":"https:\/\/www.ufmg.br\/proex\/wp-json\/wp\/v2\/pages\/605"}],"collection":[{"href":"https:\/\/www.ufmg.br\/proex\/wp-json\/wp\/v2\/pages"}],"about":[{"href":"https:\/\/www.ufmg.br\/proex\/wp-json\/wp\/v2\/types\/page"}],"author":[{"embeddable":true,"href":"https:\/\/www.ufmg.br\/proex\/wp-json\/wp\/v2\/users\/2"}],"replies":[{"embeddable":true,"href":"https:\/\/www.ufmg.br\/proex\/wp-json\/wp\/v2\/comments?post=605"}],"version-history":[{"count":15,"href":"https:\/\/www.ufmg.br\/proex\/wp-json\/wp\/v2\/pages\/605\/revisions"}],"predecessor-version":[{"id":4176,"href":"https:\/\/www.ufmg.br\/proex\/wp-json\/wp\/v2\/pages\/605\/revisions\/4176"}],"up":[{"embeddable":true,"href":"https:\/\/www.ufmg.br\/proex\/wp-json\/wp\/v2\/pages\/357"}],"wp:attachment":[{"href":"https:\/\/www.ufmg.br\/proex\/wp-json\/wp\/v2\/media?parent=605"}],"wp:term":[{"taxonomy":"post_tag","embeddable":true,"href":"https:\/\/www.ufmg.br\/proex\/wp-json\/wp\/v2\/tags?post=605"}],"curies":[{"name":"wp","href":"https:\/\/api.w.org\/{rel}","templated":true}]}}