{"id":6056,"date":"2022-09-05T10:03:39","date_gmt":"2022-09-05T13:03:39","guid":{"rendered":"https:\/\/www.ufmg.br\/proex\/?page_id=6056"},"modified":"2023-02-10T12:22:07","modified_gmt":"2023-02-10T14:22:07","slug":"espaco-do-conhecimento-nucleo-de-expografia-e-producao","status":"publish","type":"page","link":"https:\/\/www.ufmg.br\/proex\/espaco-do-conhecimento-nucleo-de-expografia-e-producao\/","title":{"rendered":"Espa\u00e7o do Conhecimento &#8211; N\u00facleo de Expografia e Produ\u00e7\u00e3o"},"content":{"rendered":"<p>Est\u00e3o abertas, <strong>at\u00e9 14 de fevereiro,<\/strong> as inscri\u00e7\u00f5es para bolsa de extens\u00e3o no N\u00facleo de Expografia e Setor de Produ\u00e7\u00e3o do Espa\u00e7o do Conhecimento UFMG.<\/p>\n<p><strong>Vaga:<\/strong>\u00a002 (duas)<\/p>\n<ul>\n<li><strong>1 (uma)<\/strong>\u00a0para atuar no N\u00facleo de Expografia<\/li>\n<li><strong>1 (uma)<\/strong>\u00a0para atuar no Setor de Produ\u00e7\u00e3o<\/li>\n<\/ul>\n<p>Inscri\u00e7\u00f5es atrav\u00e9s do e-mail <a href=\"mailto:expografia.conhecimento@gmail.com\" target=\"_blank\" rel=\"noopener\">expografia.conhecimento@gmail.com<\/a><\/p>\n<p><strong>Per\u00edodo de vig\u00eancia da bolsa<\/strong>: : 01\/03\/2023 a 28\/02\/2024<\/p>\n<p><strong>Valor da bolsa<\/strong>: R$400,00<\/p>\n<p><strong>Carga-hor\u00e1ria<\/strong>: 12 horas semanais<\/p>\n<p><strong>Pr\u00e9-requisitos:<\/strong><\/p>\n<p><strong>\u2013 Perfil 1: N\u00facleo de Expografia<\/strong><br \/>\nEstudante com interesse por projeto de exposi\u00e7\u00f5es tempor\u00e1rias (pesquisas em curadoria, concep\u00e7\u00e3o espacial, projeto expogr\u00e1fico, elabora\u00e7\u00e3o de identidade visual, diagrama\u00e7\u00e3o de pe\u00e7as gr\u00e1ficas e montagem). \u00c9 desej\u00e1vel o dom\u00ednio de ferramentas de detalhamento de desenho arquitet\u00f4nico, edi\u00e7\u00e3o de imagens, diagrama\u00e7\u00e3o, modelagem 3d e excel.<br \/>\n<strong>\u2013 Perfil 2: Setor de produ\u00e7\u00e3o<\/strong><br \/>\nEstudante com interesse por planejamento de exposi\u00e7\u00f5es e produ\u00e7\u00e3o de eventos em geral (montagem, organiza\u00e7\u00e3o e layout de espa\u00e7os, relacionamento com fornecedores, elabora\u00e7\u00e3o de or\u00e7amentos, cronogramas e planilhas de programa\u00e7\u00e3o). \u00c9 desej\u00e1vel o dom\u00ednio de ferramentas de edi\u00e7\u00e3o, diagrama\u00e7\u00e3o de imagens e excel<\/p>\n<p><span style=\"font-weight: 400;\">Os resultados finais ser\u00e3o divulgados at\u00e9 o dia 17 de fevereiro de 2023 no <a href=\"http:\/\/www.ufmg.br\/espacodoconhecimento\" target=\"_blank\" rel=\"noopener\">site do Espa\u00e7o<\/a>.<\/span><\/p>\n<p><span style=\"font-weight: 400;\">As informa\u00e7\u00f5es completas devem ser consultadas no <a href=\"https:\/\/www.ufmg.br\/espacodoconhecimento\/wp-content\/uploads\/2023\/02\/Edital-04-2023-N%C3%BAcleo-Expografia-e-Producao.pdf\" target=\"_blank\" rel=\"noopener\">Edital 01\/23.<\/a><\/span><\/p>\n","protected":false},"excerpt":{"rendered":"<p>Est\u00e3o abertas, at\u00e9 14 de fevereiro, as inscri\u00e7\u00f5es para bolsa [&hellip;]<\/p>\n","protected":false},"author":1,"featured_media":0,"parent":0,"menu_order":0,"comment_status":"closed","ping_status":"closed","template":"","meta":[],"tags":[],"_links":{"self":[{"href":"https:\/\/www.ufmg.br\/proex\/wp-json\/wp\/v2\/pages\/6056"}],"collection":[{"href":"https:\/\/www.ufmg.br\/proex\/wp-json\/wp\/v2\/pages"}],"about":[{"href":"https:\/\/www.ufmg.br\/proex\/wp-json\/wp\/v2\/types\/page"}],"author":[{"embeddable":true,"href":"https:\/\/www.ufmg.br\/proex\/wp-json\/wp\/v2\/users\/1"}],"replies":[{"embeddable":true,"href":"https:\/\/www.ufmg.br\/proex\/wp-json\/wp\/v2\/comments?post=6056"}],"version-history":[{"count":8,"href":"https:\/\/www.ufmg.br\/proex\/wp-json\/wp\/v2\/pages\/6056\/revisions"}],"predecessor-version":[{"id":7133,"href":"https:\/\/www.ufmg.br\/proex\/wp-json\/wp\/v2\/pages\/6056\/revisions\/7133"}],"wp:attachment":[{"href":"https:\/\/www.ufmg.br\/proex\/wp-json\/wp\/v2\/media?parent=6056"}],"wp:term":[{"taxonomy":"post_tag","embeddable":true,"href":"https:\/\/www.ufmg.br\/proex\/wp-json\/wp\/v2\/tags?post=6056"}],"curies":[{"name":"wp","href":"https:\/\/api.w.org\/{rel}","templated":true}]}}