{"id":6074,"date":"2022-09-09T12:11:01","date_gmt":"2022-09-09T15:11:01","guid":{"rendered":"https:\/\/www.ufmg.br\/proex\/?page_id=6074"},"modified":"2026-02-20T12:27:42","modified_gmt":"2026-02-20T15:27:42","slug":"programa-de-humanizacao-hospitalar","status":"publish","type":"page","link":"https:\/\/www.ufmg.br\/proex\/programa-de-humanizacao-hospitalar\/","title":{"rendered":"Programa de Humaniza\u00e7\u00e3o HC\/UFMG"},"content":{"rendered":"<p>Est\u00e3o abertas, <strong>at\u00e9 o dia 3 de mar\u00e7o de 2026<\/strong>, inscri\u00e7\u00f5es para bolsa de extens\u00e3o PBEXT no Programa de Humaniza\u00e7\u00e3o do Hospitalar do Hospital das Cl\u00ednicas da UFMG\/Ebserh.<\/p>\n<p>A oportunidade \u00e9 destinada a estudantes da UFMG dos seguintes cursos de gradua\u00e7\u00e3o (cursando a partir do 2\u00b0 per\u00edodo):<br \/>\n&#8211; Enfermagem;<br \/>\n&#8211; Farm\u00e1cia;<br \/>\n&#8211; Fisioterapia;<br \/>\n&#8211; Fonoaudiologia;<br \/>\n&#8211; Gest\u00e3o de Servi\u00e7os de Sa\u00fade;<br \/>\n&#8211; Medicina;<br \/>\n&#8211; Pedagogia;<br \/>\n&#8211; Psicologia;<br \/>\n&#8211; Radiologia; e<br \/>\n&#8211; Terapia Ocupacional.<\/p>\n<p><strong>Valor da bolsa:<\/strong> R$ 700\/mensal<br \/>\n<strong>Vig\u00eancia<\/strong>: mar\u00e7o de 2026 a fevereiro de 2027<\/p>\n<p>O bolsista vai cumprir jornada de 20 horas\/semanais, sendo 12 horas, no m\u00ednimo, presencias.<\/p>\n<p><strong>Inscri\u00e7\u00f5es<br \/>\n<\/strong>Os(as) estudantes interessados(as) devem enviar documenta\u00e7\u00e3o para o e-mail <a href=\"mailto:ouv.hc-ufmg@ebserh.gov.br\">ouv.hc-ufmg@ebserh.gov.br<\/a>:<\/p>\n<ul>\n<li>Curriculum Vitae (registrado na Plataforma Lattes)<\/li>\n<li>C\u00f3pia da Carteira de Identidade<\/li>\n<li>Hist\u00f3rico Escolar (contendo Rendimento Semestral Global &#8211; RSG)<\/li>\n<li>Formas de contato<\/li>\n<\/ul>\n<p>As informa\u00e7\u00f5es completas devem ser consultadas nos editais:<br \/>\n<a href=\"https:\/\/www.ufmg.br\/proex\/wp-content\/uploads\/2026\/02\/MODELO-EDITAL-PARA-PROGRAMA-DE-HUMANIZACAO.pdf\" target=\"_blank\" rel=\"noopener\">Programa de Humaniza\u00e7\u00e3o<\/a><br \/>\n<a href=\"https:\/\/www.ufmg.br\/proex\/wp-content\/uploads\/2026\/02\/MODELO-EDITAL-PARA-PROJETO-OUVIDORIA.pdf\" target=\"_blank\" rel=\"noopener\">Projeto Ouvidoria<\/a><\/p>\n<p>&nbsp;<\/p>\n<p>&nbsp;<\/p>\n","protected":false},"excerpt":{"rendered":"<p>Est\u00e3o abertas, at\u00e9 o dia 3 de mar\u00e7o de 2026, [&hellip;]<\/p>\n","protected":false},"author":2,"featured_media":0,"parent":0,"menu_order":0,"comment_status":"closed","ping_status":"closed","template":"","meta":[],"tags":[191,893,897,895],"_links":{"self":[{"href":"https:\/\/www.ufmg.br\/proex\/wp-json\/wp\/v2\/pages\/6074"}],"collection":[{"href":"https:\/\/www.ufmg.br\/proex\/wp-json\/wp\/v2\/pages"}],"about":[{"href":"https:\/\/www.ufmg.br\/proex\/wp-json\/wp\/v2\/types\/page"}],"author":[{"embeddable":true,"href":"https:\/\/www.ufmg.br\/proex\/wp-json\/wp\/v2\/users\/2"}],"replies":[{"embeddable":true,"href":"https:\/\/www.ufmg.br\/proex\/wp-json\/wp\/v2\/comments?post=6074"}],"version-history":[{"count":11,"href":"https:\/\/www.ufmg.br\/proex\/wp-json\/wp\/v2\/pages\/6074\/revisions"}],"predecessor-version":[{"id":17107,"href":"https:\/\/www.ufmg.br\/proex\/wp-json\/wp\/v2\/pages\/6074\/revisions\/17107"}],"wp:attachment":[{"href":"https:\/\/www.ufmg.br\/proex\/wp-json\/wp\/v2\/media?parent=6074"}],"wp:term":[{"taxonomy":"post_tag","embeddable":true,"href":"https:\/\/www.ufmg.br\/proex\/wp-json\/wp\/v2\/tags?post=6074"}],"curies":[{"name":"wp","href":"https:\/\/api.w.org\/{rel}","templated":true}]}}