{"id":6082,"date":"2024-12-11T08:31:31","date_gmt":"2024-12-11T11:31:31","guid":{"rendered":"https:\/\/www.ufmg.br\/proex\/?page_id=6082"},"modified":"2025-08-28T15:45:37","modified_gmt":"2025-08-28T18:45:37","slug":"museuponto","status":"publish","type":"page","link":"https:\/\/www.ufmg.br\/proex\/museuponto\/","title":{"rendered":"Museu Itinerante Ponto UFMG"},"content":{"rendered":"<p><span style=\"font-weight: 400;\">Est\u00e3o abertas as inscri\u00e7\u00f5es para bolsa Pbext (uma vaga) no projeto de extens\u00e3o Museu Itinerante Ponto UFMG, vinculado ao Centro Pedag\u00f3gico (CP\/UFMG).<\/span><\/p>\n<p>As inscri\u00e7\u00f5es v\u00e3o <strong>at\u00e9 7 de setembro de 2025.<\/strong><\/p>\n<p>Podem se candidatar estudantes da UFMG dos seguintes cursos de gradua\u00e7\u00e3o: <strong>Cinema de Anima\u00e7\u00e3o e Artes Digitais, Design, Jornalismo e Artes Visuais<\/strong>, preferencialmente cursando do 3\u00ba ao pen\u00faltimo per\u00edodo.<\/p>\n<p>O(a) discente dever\u00e1 cumprir 20 horas semanais presenciais no per\u00edodo da manh\u00e3 ou tarde, sem preju\u00edzo das atividades acad\u00eamicas.<\/p>\n<p>Os (as) interessados(as) devem preencher <a href=\"https:\/\/docs.google.com\/forms\/d\/e\/1FAIpQLSdTOSxyVmTdqvFnGFQNt7MyC8vGfImtagJXOhuaPchp47dvuA\/viewform\" target=\"_blank\" rel=\"noopener\">formul\u00e1rio eletr\u00f4nico<\/a> e enviar os seguintes documentos:<\/p>\n<ul>\n<li>Curriculum Vitae;<\/li>\n<li>Carta de inten\u00e7\u00f5es;<\/li>\n<li>Comprovante de matr\u00edcula 2025\/2;<\/li>\n<li>Hist\u00f3rico Escolar;<\/li>\n<li>C\u00f3pias da Carteira de Identidade e CPF.<\/li>\n<\/ul>\n<p>A sele\u00e7\u00e3o compreender\u00e1:<br \/>\nPrimeira etapa: an\u00e1lise dos documentos e respostas enviadas via formul\u00e1rio.<br \/>\nSegunda etapa: entrevista presencial na sede do projeto<\/p>\n<p>A convoca\u00e7\u00e3o para a entrevista ser\u00e1 divulgada no <a href=\"http:\/\/www.cp.ufmg.br\/editais\/programas-e-projetos\" target=\"_blank\" rel=\"noopener\">site do Centro Pedag\u00f3gico<\/a>.<\/p>\n<p><span style=\"font-weight: 400;\">As informa\u00e7\u00f5es completas est\u00e3o no <a href=\"https:\/\/www.cp.ufmg.br\/wp-content\/uploads\/2025\/01\/Edital_PBEXT_2025_2_Bolsista_assinado.pdf\" target=\"_blank\" rel=\"noopener\">edital de sele\u00e7\u00e3o.<\/a><\/span><\/p>\n<p>&nbsp;<\/p>\n","protected":false},"excerpt":{"rendered":"<p>Est\u00e3o abertas as inscri\u00e7\u00f5es para bolsa Pbext (uma vaga) no [&hellip;]<\/p>\n","protected":false},"author":1,"featured_media":0,"parent":0,"menu_order":0,"comment_status":"closed","ping_status":"closed","template":"","meta":[],"tags":[191,799,23,797],"_links":{"self":[{"href":"https:\/\/www.ufmg.br\/proex\/wp-json\/wp\/v2\/pages\/6082"}],"collection":[{"href":"https:\/\/www.ufmg.br\/proex\/wp-json\/wp\/v2\/pages"}],"about":[{"href":"https:\/\/www.ufmg.br\/proex\/wp-json\/wp\/v2\/types\/page"}],"author":[{"embeddable":true,"href":"https:\/\/www.ufmg.br\/proex\/wp-json\/wp\/v2\/users\/1"}],"replies":[{"embeddable":true,"href":"https:\/\/www.ufmg.br\/proex\/wp-json\/wp\/v2\/comments?post=6082"}],"version-history":[{"count":29,"href":"https:\/\/www.ufmg.br\/proex\/wp-json\/wp\/v2\/pages\/6082\/revisions"}],"predecessor-version":[{"id":16333,"href":"https:\/\/www.ufmg.br\/proex\/wp-json\/wp\/v2\/pages\/6082\/revisions\/16333"}],"wp:attachment":[{"href":"https:\/\/www.ufmg.br\/proex\/wp-json\/wp\/v2\/media?parent=6082"}],"wp:term":[{"taxonomy":"post_tag","embeddable":true,"href":"https:\/\/www.ufmg.br\/proex\/wp-json\/wp\/v2\/tags?post=6082"}],"curies":[{"name":"wp","href":"https:\/\/api.w.org\/{rel}","templated":true}]}}