{"id":6280,"date":"2022-09-27T16:15:46","date_gmt":"2022-09-27T19:15:46","guid":{"rendered":"https:\/\/www.ufmg.br\/proex\/?page_id=6280"},"modified":"2022-09-27T16:17:35","modified_gmt":"2022-09-27T19:17:35","slug":"selecao-de-voluntarios-para-revista-interfaces","status":"publish","type":"page","link":"https:\/\/www.ufmg.br\/proex\/selecao-de-voluntarios-para-revista-interfaces\/","title":{"rendered":"Sele\u00e7\u00e3o de volunt\u00e1rios para Revista Interfaces"},"content":{"rendered":"<p>At\u00e9 11 de outubro, est\u00e3o abertas as inscri\u00e7\u00f5es para duas vagas de volunt\u00e1rios para atuar na Interfaces \u2013 Revista de Extens\u00e3o da UFMG.<\/p>\n<p>As vagas s\u00e3o destinadas a estudantes de gradua\u00e7\u00e3o dos seguintes cursos da UFMG: Design, Artes Visuais, Design de Moda, Arquitetura, Jornalismo e Publicidade e Propaganda.<\/p>\n<p>O estudante desenvolver\u00e1 atividades de ilustra\u00e7\u00f5es, design gr\u00e1fico e audiovisual e diagrama\u00e7\u00e3o.<\/p>\n<p>As inscri\u00e7\u00f5es ser\u00e3o recebidas pelo <a href=\"mailto:revistainterfaces@proex.ufmg.br\" target=\"_blank\" rel=\"noopener\">revistainterfaces@proex.ufmg.br<\/a> (identificar no campo assunto <em>Inscri\u00e7\u00e3o Volunt\u00e1rio &#8211; Design<\/em>).<\/p>\n<p>Os candidatos dever\u00e3o enviar a seguinte documenta\u00e7\u00e3o digitalizada:<\/p>\n<ul>\n<li>Hist\u00f3rico Escolar (ser\u00e1 aceita vers\u00e3o do hist\u00f3rico dispon\u00edvel na intranet);<\/li>\n<li>Texto contendo uma exposi\u00e7\u00e3o dos motivos que levaram o(a) estudante a pleitear sua participa\u00e7\u00e3o no projeto, em uma lauda, com fonte Arial 12 e espa\u00e7amento entre linhas de 1,5;<\/li>\n<li>Portf\u00f3lio, com trabalhos que o(a) candidato(a) considerar relevantes para demonstrar aptid\u00e3o no desenvolvimento de ilustra\u00e7\u00f5es e design gr\u00e1fico (ser\u00e1 aceita vers\u00e3o digital em PDF).<\/li>\n<\/ul>\n<p>As demais informa\u00e7\u00f5es devem ser consultadas\u00a0 no<a href=\"https:\/\/www.ufmg.br\/proex\/wp-content\/uploads\/2022\/09\/SELECAO-DE-VOLUNTARIOS-PARA-A-REVISTA-INTERFACES.pdf\" target=\"_blank\" rel=\"noopener\"> Edital 1609\/2022\/PROEX-CDP-UFMG.<\/a><\/p>\n<p>&nbsp;<\/p>\n","protected":false},"excerpt":{"rendered":"<p>At\u00e9 11 de outubro, est\u00e3o abertas as inscri\u00e7\u00f5es para duas [&hellip;]<\/p>\n","protected":false},"author":2,"featured_media":0,"parent":0,"menu_order":0,"comment_status":"closed","ping_status":"closed","template":"","meta":[],"tags":[],"_links":{"self":[{"href":"https:\/\/www.ufmg.br\/proex\/wp-json\/wp\/v2\/pages\/6280"}],"collection":[{"href":"https:\/\/www.ufmg.br\/proex\/wp-json\/wp\/v2\/pages"}],"about":[{"href":"https:\/\/www.ufmg.br\/proex\/wp-json\/wp\/v2\/types\/page"}],"author":[{"embeddable":true,"href":"https:\/\/www.ufmg.br\/proex\/wp-json\/wp\/v2\/users\/2"}],"replies":[{"embeddable":true,"href":"https:\/\/www.ufmg.br\/proex\/wp-json\/wp\/v2\/comments?post=6280"}],"version-history":[{"count":6,"href":"https:\/\/www.ufmg.br\/proex\/wp-json\/wp\/v2\/pages\/6280\/revisions"}],"predecessor-version":[{"id":6288,"href":"https:\/\/www.ufmg.br\/proex\/wp-json\/wp\/v2\/pages\/6280\/revisions\/6288"}],"wp:attachment":[{"href":"https:\/\/www.ufmg.br\/proex\/wp-json\/wp\/v2\/media?parent=6280"}],"wp:term":[{"taxonomy":"post_tag","embeddable":true,"href":"https:\/\/www.ufmg.br\/proex\/wp-json\/wp\/v2\/tags?post=6280"}],"curies":[{"name":"wp","href":"https:\/\/api.w.org\/{rel}","templated":true}]}}