{"id":6324,"date":"2022-10-05T23:53:14","date_gmt":"2022-10-06T02:53:14","guid":{"rendered":"https:\/\/www.ufmg.br\/proex\/?page_id=6324"},"modified":"2022-10-05T23:53:14","modified_gmt":"2022-10-06T02:53:14","slug":"eeffto","status":"publish","type":"page","link":"https:\/\/www.ufmg.br\/proex\/eeffto\/","title":{"rendered":"EEFFTO"},"content":{"rendered":"<p>Est\u00e3o abertas, at\u00e9 12\/10, as inscri\u00e7\u00f5es para bolsistas de extens\u00e3o na Assessoria de Comunica\u00e7\u00e3o da EEFFTO.<\/p>\n<p>Podem se inscrever alunos matriculados a partir do 2\u00b0 per\u00edodo do curso de gradua\u00e7\u00e3o em Jornalismo ou Rela\u00e7\u00f5es P\u00fablicas da UFMG.<\/p>\n<p>Interessados devem enviar e-mail para comunicaeeffto@gmail.com e anexar (PDF):<\/p>\n<ul>\n<li>Curr\u00edculo.<\/li>\n<\/ul>\n<p>Estudantes selecionados cumprir\u00e3o uma jornada de 20 horas semanais.<\/p>\n<p>Para mais informa\u00e7\u00f5es acesse o <a href=\"https:\/\/www.ufmg.br\/proex\/wp-content\/uploads\/2022\/10\/Edital_BOLSISTA.docx_ASCOM-EEFFTO.pdf\" target=\"_blank\" rel=\"noopener\">EDITAL 03\/12<\/a>.<\/p>\n","protected":false},"excerpt":{"rendered":"<p>Est\u00e3o abertas, at\u00e9 12\/10, as inscri\u00e7\u00f5es para bolsistas de extens\u00e3o [&hellip;]<\/p>\n","protected":false},"author":1,"featured_media":0,"parent":0,"menu_order":0,"comment_status":"closed","ping_status":"closed","template":"","meta":[],"tags":[],"_links":{"self":[{"href":"https:\/\/www.ufmg.br\/proex\/wp-json\/wp\/v2\/pages\/6324"}],"collection":[{"href":"https:\/\/www.ufmg.br\/proex\/wp-json\/wp\/v2\/pages"}],"about":[{"href":"https:\/\/www.ufmg.br\/proex\/wp-json\/wp\/v2\/types\/page"}],"author":[{"embeddable":true,"href":"https:\/\/www.ufmg.br\/proex\/wp-json\/wp\/v2\/users\/1"}],"replies":[{"embeddable":true,"href":"https:\/\/www.ufmg.br\/proex\/wp-json\/wp\/v2\/comments?post=6324"}],"version-history":[{"count":1,"href":"https:\/\/www.ufmg.br\/proex\/wp-json\/wp\/v2\/pages\/6324\/revisions"}],"predecessor-version":[{"id":6326,"href":"https:\/\/www.ufmg.br\/proex\/wp-json\/wp\/v2\/pages\/6324\/revisions\/6326"}],"wp:attachment":[{"href":"https:\/\/www.ufmg.br\/proex\/wp-json\/wp\/v2\/media?parent=6324"}],"wp:term":[{"taxonomy":"post_tag","embeddable":true,"href":"https:\/\/www.ufmg.br\/proex\/wp-json\/wp\/v2\/tags?post=6324"}],"curies":[{"name":"wp","href":"https:\/\/api.w.org\/{rel}","templated":true}]}}