{"id":6411,"date":"2026-01-18T13:23:22","date_gmt":"2026-01-18T16:23:22","guid":{"rendered":"https:\/\/www.ufmg.br\/proex\/?page_id=6411"},"modified":"2026-03-16T14:25:10","modified_gmt":"2026-03-16T17:25:10","slug":"mhnjb","status":"publish","type":"page","link":"https:\/\/www.ufmg.br\/proex\/mhnjb\/","title":{"rendered":"Museu de Hist\u00f3ria Natural e Jardim Bot\u00e2nico"},"content":{"rendered":"<p>O <a href=\"https:\/\/www.ufmg.br\/mhnjb\/\" target=\"_blank\" rel=\"noopener\">Museu de Hist\u00f3ria Natural e Jardim Bot\u00e2nico (MHNJB\/UFMG)<\/a> seleciona estudantes da gradua\u00e7\u00e3o da UFMG para atuar como bolsista na modalidade PBEXT (ampla concorr\u00eancia) e na modalidade PBEXT A\u00e7\u00e3o Afirmativa.<\/p>\n<h4><strong>Bolsa PBEXT<\/strong><\/h4>\n<p>O <a href=\"https:\/\/www.ufmg.br\/proex\/wp-content\/uploads\/2026\/03\/MHNJB_No-03_2026-Edital-de-Selec\u0327a\u0303o-de-Bolsistas_-13_marco_2026.pdf\" target=\"_blank\" rel=\"noopener\">Edital 03\/2026<\/a> oferece bolsa (1 vaga) na modalidade modalidade PBEXT, para participar do projeto <em>Museu Mirim: Brincando e aprendendo na e com a natureza<\/em>.<\/p>\n<p>Podem se inscrever alunos(as) destes cursos: <strong>Pedagogia, Licenciatura em Educa\u00e7\u00e3o do Campo, Forma\u00e7\u00e3o Intercultural para Educadores Ind\u00edgenas, Licenciatura em Artes Visuais, Ci\u00eancias Socioambientais, Letras e \u00e1reas afins, a partir do 2\u00ba per\u00edodo<\/strong>.<\/p>\n<p>As inscri\u00e7\u00f5es v\u00e3o <strong>at\u00e9 22 de mar\u00e7o de 2026.<\/strong><\/p>\n<p><strong>Valor da bolsa<\/strong>: R$ 700\/mensal<br \/>\n<strong>Vig\u00eancia<\/strong>: abril a junho de 2026, com possibilidade de prorroga\u00e7\u00e3o<\/p>\n<p><strong>Como se inscrever<\/strong><\/p>\n<ul>\n<li>Preencher <a href=\"https:\/\/forms.gle\/EKE1UpBHb5WeNe388\" target=\"_blank\" rel=\"noopener\">formul\u00e1rio de inscri\u00e7\u00e3o<\/a><\/li>\n<li>Encaminhar para o e-mail <a href=\"mailto:educativo@mhnjb.ufmg.br\" target=\"_blank\" rel=\"noopener\">educativo@mhnjb.ufmg.br<\/a> os seguintes documentos: Curr\u00edculo Lattes preenchido e atualizado; Extrato de Integraliza\u00e7\u00e3o Curricular; e carta de inten\u00e7\u00e3o (Anexo I do edital 03\/2026). Os documentos dever\u00e3o ser enviados em arquivo \u00fanico, formato pdf e renomeado com o nome completo do candidato.<\/li>\n<li>No assunto do e-mail escrever Sele\u00e7\u00e3o de Bolsista e o nome do candidato<\/li>\n<\/ul>\n<h4><strong>Bolsa PBEXT A\u00e7\u00e3o Afirmativa<\/strong><\/h4>\n<p>J\u00e1 o <a href=\"https:\/\/www.ufmg.br\/proex\/wp-content\/uploads\/2026\/03\/MHNJB_no_04_2026_-_Edital_de_Selecao_de_bolsistas__260312_134645.pdf\" target=\"_blank\" rel=\"noopener\">Edital 04\/2026<\/a> oferece bolsa (1 vaga) na modalidade modalidade PBEXT A\u00e7\u00e3o Afirmativa, para participar do projeto <em>Melipon\u00e1rios p\u00fablicos e abelhas sem ferr\u00e3o: educa\u00e7\u00e3o <\/em><em>ambiental, ci\u00eancia e servi\u00e7os ecossist\u00eamicos.<\/em><\/p>\n<p>Podem se inscrever discentes da gradua\u00e7\u00e3o em <strong>Ci\u00eancias Biol\u00f3gicas. <\/strong><\/p>\n<p>As inscri\u00e7\u00f5es v\u00e3o <strong>at\u00e9 27 de mar\u00e7o de 2026.<\/strong><\/p>\n<p><strong>Valor da bolsa<\/strong>: R$ 700\/mensal<br \/>\n<strong>Vig\u00eancia<\/strong>: abril a julho de 2026<\/p>\n<p>A Bolsa PBEXT A\u00e7\u00e3o Afirmativa \u00e9 destinada, exclusivamente, a estudantes que:<\/p>\n<ul>\n<li>Ingressaram na UFMG pelo sistema de cotas;<\/li>\n<li>Classificados(as) socioeconomicamente no n\u00edvel I, II ou III pela FUMP;<\/li>\n<li>Estudantes m\u00e3es com crian\u00e7a cursando a Educa\u00e7\u00e3o Infantil ou o Ensino Fundamental na rede p\u00fablica de ensino;<\/li>\n<li>Estudantes travestis e transexuais;<\/li>\n<li>Estudantes com defici\u00eancia;<\/li>\n<li>Estudantes ind\u00edgenas e quilombolas;<\/li>\n<li>Estudantes refugiados(as).<\/li>\n<\/ul>\n<p><strong>Como se inscrever<\/strong><\/p>\n<p>As inscri\u00e7\u00f5es s\u00e3o realizadas por meio de <a href=\"https:\/\/forms.gle\/u4qVRMb5wTyz7r8X9\" target=\"_blank\" rel=\"noopener\">formul\u00e1rio eletr\u00f4nico.<\/a><\/p>\n<p>O(a) candidato(a) deve informar, pelo formul\u00e1rio, nome, curso, per\u00edodo, n\u00famero de matr\u00edcula, telefone para contato, disponibilidade de turno para dedica\u00e7\u00e3o \u00e0s atividades presenciais (manh\u00e3, tarde, noite, fim de semana), link do Curr\u00edculo Lattes atualizado.<\/p>\n<p>Os seguintes documentos dever\u00e3o ser anexados ao formul\u00e1rio:<br \/>\n\u25cf Extrato de Integraliza\u00e7\u00e3o Curricular, dever\u00e1 ser anexado no formul\u00e1rio em formato PDF;<br \/>\n\u25cf Documento que comprove uma das condi\u00e7\u00f5es descritas no item 2.1.1 do edital 04\/2026.<\/p>\n<p data-start=\"993\" data-end=\"1088\">As informa\u00e7\u00f5es completas devem ser consultadas nos editais de sele\u00e7\u00e3o.<\/p>\n<p data-start=\"993\" data-end=\"1088\">\n","protected":false},"excerpt":{"rendered":"<p>O Museu de Hist\u00f3ria Natural e Jardim Bot\u00e2nico (MHNJB\/UFMG) seleciona [&hellip;]<\/p>\n","protected":false},"author":2,"featured_media":0,"parent":0,"menu_order":0,"comment_status":"closed","ping_status":"closed","template":"","meta":[],"tags":[23,867,109],"_links":{"self":[{"href":"https:\/\/www.ufmg.br\/proex\/wp-json\/wp\/v2\/pages\/6411"}],"collection":[{"href":"https:\/\/www.ufmg.br\/proex\/wp-json\/wp\/v2\/pages"}],"about":[{"href":"https:\/\/www.ufmg.br\/proex\/wp-json\/wp\/v2\/types\/page"}],"author":[{"embeddable":true,"href":"https:\/\/www.ufmg.br\/proex\/wp-json\/wp\/v2\/users\/2"}],"replies":[{"embeddable":true,"href":"https:\/\/www.ufmg.br\/proex\/wp-json\/wp\/v2\/comments?post=6411"}],"version-history":[{"count":118,"href":"https:\/\/www.ufmg.br\/proex\/wp-json\/wp\/v2\/pages\/6411\/revisions"}],"predecessor-version":[{"id":17372,"href":"https:\/\/www.ufmg.br\/proex\/wp-json\/wp\/v2\/pages\/6411\/revisions\/17372"}],"wp:attachment":[{"href":"https:\/\/www.ufmg.br\/proex\/wp-json\/wp\/v2\/media?parent=6411"}],"wp:term":[{"taxonomy":"post_tag","embeddable":true,"href":"https:\/\/www.ufmg.br\/proex\/wp-json\/wp\/v2\/tags?post=6411"}],"curies":[{"name":"wp","href":"https:\/\/api.w.org\/{rel}","templated":true}]}}