{"id":6448,"date":"2022-11-01T10:05:34","date_gmt":"2022-11-01T13:05:34","guid":{"rendered":"https:\/\/www.ufmg.br\/proex\/?page_id=6448"},"modified":"2022-11-01T10:10:30","modified_gmt":"2022-11-01T13:10:30","slug":"projeto-atencao-nutricional-ao-idoso","status":"publish","type":"page","link":"https:\/\/www.ufmg.br\/proex\/projeto-atencao-nutricional-ao-idoso\/","title":{"rendered":"Projeto Aten\u00e7\u00e3o Nutricional ao Idoso"},"content":{"rendered":"<p>Est\u00e3o abertas as inscri\u00e7\u00f5es para exame de sele\u00e7\u00e3o para volunt\u00e1rio de extens\u00e3o do projeto Aten\u00e7\u00e3o Nutricional ao Idoso, coordenado pela professora Ann Kristine Jansen.<\/p>\n<p>Os interessados devem se inscrever <strong>at\u00e9 10 de novembro<\/strong> na Secretaria do Centro de Extens\u00e3o (Cenex) da Escola de Enfermagem (campus Sa\u00fade UFMG).<\/p>\n<p>S\u00e3o oferecidas duas vagas para estudantes regularmente matriculados do 4\u00ba at\u00e9 o 8\u00ba per\u00edodo do curso de Nutri\u00e7\u00e3o. O estudante deve estar cursando ou ter cursado as disciplinas de Avalia\u00e7\u00e3o Nutricional e Ciclos da Vida.<\/p>\n<p>Documenta\u00e7\u00e3o necess\u00e1ria: Hist\u00f3rico Escolar, Curriculum Vitae e Carta de Inten\u00e7\u00e3o, que devem ser serem entregues no ato da inscri\u00e7\u00e3o.<\/p>\n<p>Outras informa\u00e7\u00f5es est\u00e3o no <a href=\"https:\/\/www.ufmg.br\/proex\/wp-content\/uploads\/2022\/11\/Edital_1790_2022_extensao_voluntario_Ann.pdf\" target=\"_blank\" rel=\"noopener\">edital de sele\u00e7\u00e3o.<\/a><\/p>\n","protected":false},"excerpt":{"rendered":"<p>Est\u00e3o abertas as inscri\u00e7\u00f5es para exame de sele\u00e7\u00e3o para volunt\u00e1rio [&hellip;]<\/p>\n","protected":false},"author":2,"featured_media":0,"parent":0,"menu_order":0,"comment_status":"closed","ping_status":"closed","template":"","meta":[],"tags":[],"_links":{"self":[{"href":"https:\/\/www.ufmg.br\/proex\/wp-json\/wp\/v2\/pages\/6448"}],"collection":[{"href":"https:\/\/www.ufmg.br\/proex\/wp-json\/wp\/v2\/pages"}],"about":[{"href":"https:\/\/www.ufmg.br\/proex\/wp-json\/wp\/v2\/types\/page"}],"author":[{"embeddable":true,"href":"https:\/\/www.ufmg.br\/proex\/wp-json\/wp\/v2\/users\/2"}],"replies":[{"embeddable":true,"href":"https:\/\/www.ufmg.br\/proex\/wp-json\/wp\/v2\/comments?post=6448"}],"version-history":[{"count":7,"href":"https:\/\/www.ufmg.br\/proex\/wp-json\/wp\/v2\/pages\/6448\/revisions"}],"predecessor-version":[{"id":6457,"href":"https:\/\/www.ufmg.br\/proex\/wp-json\/wp\/v2\/pages\/6448\/revisions\/6457"}],"wp:attachment":[{"href":"https:\/\/www.ufmg.br\/proex\/wp-json\/wp\/v2\/media?parent=6448"}],"wp:term":[{"taxonomy":"post_tag","embeddable":true,"href":"https:\/\/www.ufmg.br\/proex\/wp-json\/wp\/v2\/tags?post=6448"}],"curies":[{"name":"wp","href":"https:\/\/api.w.org\/{rel}","templated":true}]}}