{"id":647,"date":"2021-08-04T17:23:29","date_gmt":"2021-08-04T20:23:29","guid":{"rendered":"https:\/\/www.ufmg.br\/proex\/?page_id=647"},"modified":"2021-12-02T21:49:08","modified_gmt":"2021-12-03T00:49:08","slug":"camara-de-extensao","status":"publish","type":"page","link":"https:\/\/www.ufmg.br\/proex\/documentos\/resolucoes\/camara-de-extensao\/","title":{"rendered":"C\u00e2mara de Extens\u00e3o"},"content":{"rendered":"<p><a href=\"https:\/\/www.ufmg.br\/proex\/wp-content\/uploads\/2021\/12\/05_2021_RESOLUCAO_DE_DIRETRIZES_PARA_AVALIACAO_DE_EXTENSAO.pdf\" target=\"_blank\" rel=\"noopener\">Resolu\u00e7\u00e3o n\u00ba 05\/2021, de 21 de outubro de 2021\u00a0<\/a>\u2013 Estabelece Diretrizes para a Pol\u00edtica de Avalia\u00e7\u00e3o da Extens\u00e3o UFMG.<\/p>\n<p><a href=\"https:\/\/www.ufmg.br\/proex\/wp-content\/uploads\/2021\/12\/Resolucao_04_2021.pdf\" target=\"_blank\" rel=\"noopener\">Resolu\u00e7\u00e3o n\u00b0 04\/2021, de 01 de julho de 2021\u00a0<\/a>\u2013 Regulamenta as normas para a formaliza\u00e7\u00e3o da participa\u00e7\u00e3o de colaborador volunt\u00e1rio externo em atividades de extens\u00e3o da UFMG e revoga a Resolu\u00e7\u00e3o n\u00ba02\/2021, de 28 de janeiro de 2021.<\/p>\n<p><a href=\"https:\/\/www.ufmg.br\/proex\/wp-content\/uploads\/2021\/12\/Resolucao_03_2021.pdf\" target=\"_blank\" rel=\"noopener\">Resolu\u00e7\u00e3o n\u00ba 03\/2021, de 01 de julho de 2021<\/a>\u00a0\u2013 Estabelece os crit\u00e9rios e prazos para a aprecia\u00e7\u00e3o das propostas de Cursos de Aperfei\u00e7oamento pela C\u00e2mara de Extens\u00e3o.<\/p>\n<p><a href=\"https:\/\/www.ufmg.br\/proex\/wp-content\/uploads\/2021\/12\/Resolucao_01_2021_final.pdf\" target=\"_blank\" rel=\"noopener\">Resolu\u00e7\u00e3o n\u00ba 01\/2021, de 28 de Janeiro de 2021<\/a>\u00a0\u2013 Regulamenta a apresenta\u00e7\u00e3o de propostas de atividades de extens\u00e3o na UFMG e a respectiva certifica\u00e7\u00e3o de participa\u00e7\u00e3o e revoga a Resolu\u00e7\u00e3o n\u00ba 03\/2016 de 17 de maio de 2016.<\/p>\n<p><a href=\"https:\/\/www.ufmg.br\/proex\/wp-content\/uploads\/2021\/12\/Resolucao-sobre-o-Programa_Camara-de-Extensao_APROVADO_03dedez.pdf\" target=\"_blank\" rel=\"noopener\">Resolu\u00e7\u00e3o n\u00ba 01\/2020, de 14 de janeiro de 2020<\/a>\u00a0\u2013 Disp\u00f5e sobre o \u201cPrograma UFMG Jovem \u2013 conhecimento para todos\u201d e reedita a Resolu\u00e7\u00e3o da C\u00e2mara de Extens\u00e3o n\u00ba 01\/2017, de 25 de abril de 2017.<\/p>\n<p><a href=\"https:\/\/www.ufmg.br\/proex\/wp-content\/uploads\/2021\/12\/Resolucao-No-01-2015_Comites-Assessores-da-Camara-de-Extensao.pdf\" target=\"_blank\" rel=\"noopener\">Resolu\u00e7\u00e3o n\u00b0 01\/2015, de 10 de mar\u00e7o de 2015\u00a0<\/a>\u2013\u00a0Reedita, com altera\u00e7\u00f5es, a Resolu\u00e7\u00e3o N\u00b0 01\/2012, de 25 de setembro de 2012, que define as atribui\u00e7\u00f5es e composi\u00e7\u00e3o dos Comit\u00eas Assessores da C\u00e2mara de Extens\u00e3o.<\/p>\n<p><a href=\"https:\/\/www.ufmg.br\/proex\/wp-content\/uploads\/2021\/12\/Resolucao-sobre-Forum-de-Coordenadores-de-Extensao.pdf\" target=\"_blank\" rel=\"noopener\">Resolu\u00e7\u00e3o n\u00b0 01\/2004, de 13 de maio de 2004\u00a0<\/a>\u2013 Cria o F\u00f3rum de Coordenadores de Extens\u00e3o da UFMG.<\/p>\n<p>&nbsp;<\/p>\n<p>&nbsp;<\/p>\n<p>&nbsp;<\/p>\n","protected":false},"excerpt":{"rendered":"<p>Resolu\u00e7\u00e3o n\u00ba 05\/2021, de 21 de outubro de 2021\u00a0\u2013 Estabelece [&hellip;]<\/p>\n","protected":false},"author":2,"featured_media":0,"parent":595,"menu_order":0,"comment_status":"closed","ping_status":"closed","template":"","meta":[],"tags":[49,51,55,265,23,25,29,297,273,295,4],"_links":{"self":[{"href":"https:\/\/www.ufmg.br\/proex\/wp-json\/wp\/v2\/pages\/647"}],"collection":[{"href":"https:\/\/www.ufmg.br\/proex\/wp-json\/wp\/v2\/pages"}],"about":[{"href":"https:\/\/www.ufmg.br\/proex\/wp-json\/wp\/v2\/types\/page"}],"author":[{"embeddable":true,"href":"https:\/\/www.ufmg.br\/proex\/wp-json\/wp\/v2\/users\/2"}],"replies":[{"embeddable":true,"href":"https:\/\/www.ufmg.br\/proex\/wp-json\/wp\/v2\/comments?post=647"}],"version-history":[{"count":10,"href":"https:\/\/www.ufmg.br\/proex\/wp-json\/wp\/v2\/pages\/647\/revisions"}],"predecessor-version":[{"id":3824,"href":"https:\/\/www.ufmg.br\/proex\/wp-json\/wp\/v2\/pages\/647\/revisions\/3824"}],"up":[{"embeddable":true,"href":"https:\/\/www.ufmg.br\/proex\/wp-json\/wp\/v2\/pages\/595"}],"wp:attachment":[{"href":"https:\/\/www.ufmg.br\/proex\/wp-json\/wp\/v2\/media?parent=647"}],"wp:term":[{"taxonomy":"post_tag","embeddable":true,"href":"https:\/\/www.ufmg.br\/proex\/wp-json\/wp\/v2\/tags?post=647"}],"curies":[{"name":"wp","href":"https:\/\/api.w.org\/{rel}","templated":true}]}}