{"id":6516,"date":"2022-11-23T15:19:36","date_gmt":"2022-11-23T18:19:36","guid":{"rendered":"https:\/\/www.ufmg.br\/proex\/?page_id=6516"},"modified":"2022-11-25T14:31:34","modified_gmt":"2022-11-25T17:31:34","slug":"compras","status":"publish","type":"page","link":"https:\/\/www.ufmg.br\/proex\/compras\/","title":{"rendered":"Compras"},"content":{"rendered":"<p>O setor de Compras da Proex se encarrega de executar os processos de licita\u00e7\u00e3o para a aquisi\u00e7\u00e3o de materiais e contrata\u00e7\u00e3o de servi\u00e7os para as se\u00e7\u00f5es e unidades ligadas \u00e0 Pr\u00f3-reitoria de Extens\u00e3o.<\/p>\n<p>Os materiais de consumo fornecidos pelo Almoxarifado Central dever\u00e3o ser solicitados ao setor de compras da Proex por meio do e-mail <a href=\"mailto:scompras@proex.ufmg.br\" target=\"_blank\" rel=\"noopener\">scompras@proex.ufmg.br<\/a><\/p>\n<p>Confira, a seguir, alguns servi\u00e7os prestados pelo setor e orienta\u00e7\u00f5es, por assunto, disponibilizadas aos interessados.<\/p>\n\n<table id=\"tablepress-25\" class=\"tablepress tablepress-id-25\">\n<tbody class=\"row-hover\">\n<tr class=\"row-1 odd\">\n\t<td class=\"column-1\">Planejamento e Gerenciamento de Compras \u2013 PGC<\/td><td class=\"column-2\"><a href=\"https:\/\/www.ufmg.br\/proex\/planejamento\" rel=\"noopener\" target=\"_blank\">Instru\u00e7\u00f5es<\/a><\/td>\n<\/tr>\n<tr class=\"row-2 even\">\n\t<td class=\"column-1\">Sistema de Registro de Pre\u00e7os - SRP<\/td><td class=\"column-2\"><a href=\"https:\/\/www.ufmg.br\/proex\/sistemaregistrodeprecos\" rel=\"noopener\" target=\"_blank\">Instru\u00e7\u00f5es<\/a><\/td>\n<\/tr>\n<tr class=\"row-3 odd\">\n\t<td class=\"column-1\">Dispensa de Licita\u00e7\u00e3o<\/td><td class=\"column-2\"><a href=\"https:\/\/www.ufmg.br\/proex\/compras\/dispensa-de-licitacao\/\" rel=\"noopener\" target=\"_blank\">Instru\u00e7\u00f5es<\/a><\/td>\n<\/tr>\n<tr class=\"row-4 even\">\n\t<td class=\"column-1\">Imprensa Universit\u00e1ria<\/td><td class=\"column-2\"><a href=\"https:\/\/www.ufmg.br\/proex\/compras\/imprensauniversitaria\/\" rel=\"noopener\" target=\"_blank\">Instru\u00e7\u00f5es<\/a><\/td>\n<\/tr>\n<tr class=\"row-5 odd\">\n\t<td class=\"column-1\">Funda\u00e7\u00e3o de Apoio da UFMG<\/td><td class=\"column-2\"><a href=\"https:\/\/www.ufmg.br\/proex\/fundacaodeapoiodaufmg\/\" rel=\"noopener\" target=\"_blank\">Instru\u00e7\u00f5es<\/a><\/td>\n<\/tr>\n<tr class=\"row-6 even\">\n\t<td class=\"column-1\">Assinatura Eletr\u00f4nica <\/td><td class=\"column-2\"><a href=\"https:\/\/www.ufmg.br\/proex\/compras\/assinaturaeletronica\/\" rel=\"noopener\" target=\"_blank\">Instru\u00e7\u00f5es<\/a><\/td>\n<\/tr>\n<tr class=\"row-7 odd\">\n\t<td class=\"column-1\">Afixa\u00e7\u00e3o de faixas na UFMG<\/td><td class=\"column-2\"><a href=\"https:\/\/www.ufmg.br\/proex\/compras\/afixacaodefaixas\/\" rel=\"noopener\" target=\"_blank\">Instru\u00e7\u00f5es<\/a><\/td>\n<\/tr>\n<\/tbody>\n<tfoot>\n<tr class=\"row-8 even\">\n\t<th class=\"column-1\"><\/th><th class=\"column-2\"><\/th>\n<\/tr>\n<\/tfoot>\n<\/table>\n<!-- #tablepress-25 from cache -->\n","protected":false},"excerpt":{"rendered":"<p>O setor de Compras da Proex se encarrega de executar [&hellip;]<\/p>\n","protected":false},"author":2,"featured_media":0,"parent":0,"menu_order":0,"comment_status":"closed","ping_status":"closed","template":"","meta":[],"tags":[],"_links":{"self":[{"href":"https:\/\/www.ufmg.br\/proex\/wp-json\/wp\/v2\/pages\/6516"}],"collection":[{"href":"https:\/\/www.ufmg.br\/proex\/wp-json\/wp\/v2\/pages"}],"about":[{"href":"https:\/\/www.ufmg.br\/proex\/wp-json\/wp\/v2\/types\/page"}],"author":[{"embeddable":true,"href":"https:\/\/www.ufmg.br\/proex\/wp-json\/wp\/v2\/users\/2"}],"replies":[{"embeddable":true,"href":"https:\/\/www.ufmg.br\/proex\/wp-json\/wp\/v2\/comments?post=6516"}],"version-history":[{"count":11,"href":"https:\/\/www.ufmg.br\/proex\/wp-json\/wp\/v2\/pages\/6516\/revisions"}],"predecessor-version":[{"id":6684,"href":"https:\/\/www.ufmg.br\/proex\/wp-json\/wp\/v2\/pages\/6516\/revisions\/6684"}],"wp:attachment":[{"href":"https:\/\/www.ufmg.br\/proex\/wp-json\/wp\/v2\/media?parent=6516"}],"wp:term":[{"taxonomy":"post_tag","embeddable":true,"href":"https:\/\/www.ufmg.br\/proex\/wp-json\/wp\/v2\/tags?post=6516"}],"curies":[{"name":"wp","href":"https:\/\/api.w.org\/{rel}","templated":true}]}}