{"id":6537,"date":"2022-11-22T16:29:04","date_gmt":"2022-11-22T19:29:04","guid":{"rendered":"https:\/\/www.ufmg.br\/proex\/?page_id=6537"},"modified":"2023-06-01T12:03:48","modified_gmt":"2023-06-01T15:03:48","slug":"planejamento","status":"publish","type":"page","link":"https:\/\/www.ufmg.br\/proex\/compras\/planejamento\/","title":{"rendered":"Planejamento e Gerenciamento de Compras \u2013 PGC"},"content":{"rendered":"<p>Um bom planejamento reduz o tempo com o acompanhamento e a\u00e7\u00f5es corretivas, pois previne riscos desnecess\u00e1rios e faz com que a execu\u00e7\u00e3o seja mais assertiva. Ou seja, quando voc\u00ea planeja voc\u00ea n\u00e3o perde tempo, voc\u00ea investe tempo para ter um retorno no futuro.<\/p>\n<p>O sistema PGC \u00e9 uma ferramenta eletr\u00f4nica que consolida todas as contrata\u00e7\u00f5es que o \u00f3rg\u00e3o ou entidade pretende realizar no exerc\u00edcio subsequente, acompanhadas dos respectivos Estudos preliminares e Gerenciamento de riscos.<\/p>\n<p>A ferramenta permite a elabora\u00e7\u00e3o do Plano Anual de Contrata\u00e7\u00f5es, por meio de m\u00f3dulos de preenchimento simplificado, estruturando as informa\u00e7\u00f5es relativas ao planejamento das contrata\u00e7\u00f5es p\u00fablicas dos \u00f3rg\u00e3os ou entidades da Administra\u00e7\u00e3o P\u00fablica federal direta, aut\u00e1rquica e fundacional.<\/p>\n<p><span lang=\"pt-BR\">Nenhuma contrata\u00e7\u00e3o\/<\/span><span lang=\"pt-BR\">aquisi\u00e7\u00e3o<\/span><span lang=\"pt-BR\"> poder\u00e1 ser realizada se n\u00e3o estiver prevista no PGC.<\/span><\/p>\n<p><img loading=\"lazy\" class=\"alignnone wp-image-8278\" src=\"https:\/\/www.ufmg.br\/proex\/wp-content\/uploads\/2023\/05\/M2-300x122.png\" alt=\"\" width=\"620\" height=\"252\" srcset=\"https:\/\/www.ufmg.br\/proex\/wp-content\/uploads\/2023\/05\/M2-300x122.png 300w, https:\/\/www.ufmg.br\/proex\/wp-content\/uploads\/2023\/05\/M2.png 501w\" sizes=\"(max-width: 620px) 100vw, 620px\" \/><\/p>\n<p><strong>Relat\u00f3rios PCA &#8211; PROEX<br \/>\n<\/strong><a href=\"https:\/\/pncp.gov.br\/app\/pca\/17217985000104\/2024\/12\" target=\"_blank\" rel=\"noopener\">Plano de Contrata\u00e7\u00f5es Anuais 2024<strong><br \/>\n<\/strong><\/a><a href=\"https:\/\/pncp.gov.br\/app\/pca\/17217985000104\/2023\/14\" target=\"_blank\" rel=\"noopener\">Plano de Contrata\u00e7\u00f5es Anuais 2023<\/a><br \/>\n<a href=\"https:\/\/pncp.gov.br\/app\/pca\/17217985000104\/2022\/13\" target=\"_blank\" rel=\"noopener\">Plano de Contrata\u00e7\u00f5es Anuais 2022<\/a><br \/>\n<a href=\"https:\/\/www.ufmg.br\/proex\/wp-content\/uploads\/2021\/12\/Plano-Anual-de-Contratacoes-Publicas-2021.pdf\" target=\"_blank\" rel=\"noopener\">Plano de Contrata\u00e7\u00f5es Anuais 2021<\/a><br \/>\nPlano de Contrata\u00e7\u00f5es Anuais 2020 (<a href=\"https:\/\/www.ufmg.br\/proex\/wp-content\/uploads\/2021\/12\/Plano-anual-de-contratacoes-2020-Parte-01.pdf\" target=\"_blank\" rel=\"noopener\">parte 1<\/a> e <a href=\"https:\/\/www.ufmg.br\/proex\/wp-content\/uploads\/2021\/12\/Plano-Anual-de-Contratacoes-2020-Parte-02.pdf\" target=\"_blank\" rel=\"noopener\">parte 2)<\/a><\/p>\n<p><a href=\"https:\/\/www.ufmg.br\/proex\/wp-content\/uploads\/2023\/04\/Manual-Resumido-PGC-Versao-2-PDF.pdf\" target=\"_blank\" rel=\"noopener\">Manual Simplificado PGC <\/a><\/p>\n<p><strong>Legisla\u00e7\u00e3o relacionada<\/strong><br \/>\nLei 14.133\/2021 &#8211; Lei de Licita\u00e7\u00f5es e Contratos Administrativos;<br \/>\nDecreto 10.947\/2022 &#8211; Disp\u00f5e sobre o plano de contrata\u00e7\u00f5es anual;<br \/>\nINSTRU\u00c7\u00c3O NORMATIVA SEGES ME N\u00ba 65\/2021 &#8211; Disp\u00f5e sobre a pesquisa de pre\u00e7os.<\/p>\n","protected":false},"excerpt":{"rendered":"<p>Um bom planejamento reduz o tempo com o acompanhamento e [&hellip;]<\/p>\n","protected":false},"author":2,"featured_media":0,"parent":6516,"menu_order":0,"comment_status":"closed","ping_status":"closed","template":"","meta":[],"tags":[],"_links":{"self":[{"href":"https:\/\/www.ufmg.br\/proex\/wp-json\/wp\/v2\/pages\/6537"}],"collection":[{"href":"https:\/\/www.ufmg.br\/proex\/wp-json\/wp\/v2\/pages"}],"about":[{"href":"https:\/\/www.ufmg.br\/proex\/wp-json\/wp\/v2\/types\/page"}],"author":[{"embeddable":true,"href":"https:\/\/www.ufmg.br\/proex\/wp-json\/wp\/v2\/users\/2"}],"replies":[{"embeddable":true,"href":"https:\/\/www.ufmg.br\/proex\/wp-json\/wp\/v2\/comments?post=6537"}],"version-history":[{"count":24,"href":"https:\/\/www.ufmg.br\/proex\/wp-json\/wp\/v2\/pages\/6537\/revisions"}],"predecessor-version":[{"id":8631,"href":"https:\/\/www.ufmg.br\/proex\/wp-json\/wp\/v2\/pages\/6537\/revisions\/8631"}],"up":[{"embeddable":true,"href":"https:\/\/www.ufmg.br\/proex\/wp-json\/wp\/v2\/pages\/6516"}],"wp:attachment":[{"href":"https:\/\/www.ufmg.br\/proex\/wp-json\/wp\/v2\/media?parent=6537"}],"wp:term":[{"taxonomy":"post_tag","embeddable":true,"href":"https:\/\/www.ufmg.br\/proex\/wp-json\/wp\/v2\/tags?post=6537"}],"curies":[{"name":"wp","href":"https:\/\/api.w.org\/{rel}","templated":true}]}}