{"id":6543,"date":"2022-11-22T16:48:03","date_gmt":"2022-11-22T19:48:03","guid":{"rendered":"https:\/\/www.ufmg.br\/proex\/?page_id=6543"},"modified":"2023-10-06T16:48:36","modified_gmt":"2023-10-06T19:48:36","slug":"sistemaregistrodeprecos","status":"publish","type":"page","link":"https:\/\/www.ufmg.br\/proex\/compras\/sistemaregistrodeprecos\/","title":{"rendered":"Sistema de Registro de Pre\u00e7os"},"content":{"rendered":"<p>O Sistema de Registro de Pre\u00e7os (SRP) \u00e9 um procedimento licitat\u00f3rio que serve para registrar os pre\u00e7os de fornecedores para compras futuras do poder p\u00fablico, desde que essa demanda esteja inclu\u00edda em seu <a href=\"https:\/\/www.ufmg.br\/proex\/compras\/planejamento\" target=\"_blank\" rel=\"noopener\">Planejamento Anual de Compras (PGC).<\/a><\/p>\n<p>A Lei 14.133\/2021, art. 82, inciso VIII, prev\u00ea a veda\u00e7\u00e3o \u00e0 participa\u00e7\u00e3o do \u00f3rg\u00e3o ou entidade em mais de uma ata de registro de pre\u00e7os com o mesmo objeto no prazo de validade daquela de que j\u00e1 tiver participado, salvo na ocorr\u00eancia de ata que tenha registrado quantitativo inferior ao m\u00e1ximo previsto no edital.<\/p>\n<p><img loading=\"lazy\" class=\"alignnone wp-image-8067\" src=\"https:\/\/www.ufmg.br\/proex\/wp-content\/uploads\/2023\/04\/M2-300x93.png\" alt=\"\" width=\"950\" height=\"295\" srcset=\"https:\/\/www.ufmg.br\/proex\/wp-content\/uploads\/2023\/04\/M2-300x93.png 300w, https:\/\/www.ufmg.br\/proex\/wp-content\/uploads\/2023\/04\/M2-1024x318.png 1024w, https:\/\/www.ufmg.br\/proex\/wp-content\/uploads\/2023\/04\/M2-768x239.png 768w, https:\/\/www.ufmg.br\/proex\/wp-content\/uploads\/2023\/04\/M2.png 1045w\" sizes=\"(max-width: 950px) 100vw, 950px\" \/><\/p>\n<p>A seguir, lista dos processos de SRP dos quais a PROEX \u00e9 participante.<\/p>\n\n<table id=\"tablepress-27\" class=\"tablepress tablepress-id-27\">\n<thead>\n<tr class=\"row-1 odd\">\n\t<th class=\"column-1\">Preg\u00e3o<\/th><th class=\"column-2\">N\u00ba do Processo<\/th><th class=\"column-3\">Objeto<\/th><th class=\"column-4\">Validade da Ata<\/th><th class=\"column-5\">Ata<\/th>\n<\/tr>\n<\/thead>\n<tbody class=\"row-hover\">\n<tr class=\"row-2 even\">\n\t<td class=\"column-1\">2023\/40 (DLO) <\/td><td class=\"column-2\">23072.270148\/2023-66<\/td><td class=\"column-3\">M\u00e1quinas, materiais el\u00e9tricos e ferramentas<\/td><td class=\"column-4\">At\u00e9 12\/12\/2025<\/td><td class=\"column-5\"><a href=\"https:\/\/www.ufmg.br\/proex\/wp-content\/uploads\/2025\/09\/Ata_de_Registro_de_Precos-40-2023-com-marcacoes-1.pdf\" rel=\"noopener\" target=\"_blank\">Ata<\/a><\/td>\n<\/tr>\n<tr class=\"row-3 odd\">\n\t<td class=\"column-1\">2023\/37 (DLO)<\/td><td class=\"column-2\">23072.265628\/2023-13<\/td><td class=\"column-3\">Manuten\u00e7\u00e3o em materiais agr\u00edcola<\/td><td class=\"column-4\">2025\/01<\/td><td class=\"column-5\"><a href=\"https:\/\/www.ufmg.br\/proex\/wp-content\/uploads\/2024\/01\/PREGAO-2023-37.pdf\" rel=\"noopener\" target=\"_blank\">Ata<\/a><\/td>\n<\/tr>\n<tr class=\"row-4 even\">\n\t<td class=\"column-1\">2023\/36 (DLO)<\/td><td class=\"column-2\">23072.264704\/2023-65<\/td><td class=\"column-3\">Componentes Eletr\u00f4nicos<\/td><td class=\"column-4\">22\/10\/2024 a 22\/10\/2025 <\/td><td class=\"column-5\"><a href=\"https:\/\/www.ufmg.br\/proex\/wp-content\/uploads\/2025\/09\/ATA_36.2023_Componentes_eletronicos.pdf\" rel=\"noopener\" target=\"_blank\">Ata<\/a><\/td>\n<\/tr>\n<tr class=\"row-5 odd\">\n\t<td class=\"column-1\">2023\/33 (DLO)<\/td><td class=\"column-2\">23072.264703\/2023-11<\/td><td class=\"column-3\">Aquisi\u00e7\u00e3o de persianas e cortinas <\/td><td class=\"column-4\">21\/08\/2024 a 21\/08\/2025 <\/td><td class=\"column-5\"><a href=\"https:\/\/www.ufmg.br\/proex\/wp-content\/uploads\/2025\/09\/Ata-SRP-33.2024-persiana.pdf\" rel=\"noopener\" target=\"_blank\">Ata<\/a><\/td>\n<\/tr>\n<tr class=\"row-6 even\">\n\t<td class=\"column-1\">2023\/32 (DLO) <\/td><td class=\"column-2\">23072.263661\/2023-09 <\/td><td class=\"column-3\">Mobili\u00e1rio <\/td><td class=\"column-4\"><\/td><td class=\"column-5\"><a href=\"https:\/\/www.ufmg.br\/proex\/wp-content\/uploads\/2025\/09\/EMAIL_AVISO_REVOGACAO.pdf\" rel=\"noopener\" target=\"_blank\">Revogado<\/a><\/td>\n<\/tr>\n<tr class=\"row-7 odd\">\n\t<td class=\"column-1\">2023\/04 (MED)<\/td><td class=\"column-2\">23072.254598\/2023-10<\/td><td class=\"column-3\">Aquisi\u00e7\u00e3o de Eletroport\u00e1teis<\/td><td class=\"column-4\">2024\/12<\/td><td class=\"column-5\"><a href=\"https:\/\/www.ufmg.br\/proex\/wp-content\/uploads\/2024\/01\/PREGAO-2023-04.pdf\" rel=\"noopener\" target=\"_blank\">Ata<\/a><\/td>\n<\/tr>\n<tr class=\"row-8 even\">\n\t<td class=\"column-1\">2023\/03 (MED)<\/td><td class=\"column-2\">23072.254451\/2023-11<\/td><td class=\"column-3\">Equipamentos TIC<\/td><td class=\"column-4\"><\/td><td class=\"column-5\">Em andamento<\/td>\n<\/tr>\n<tr class=\"row-9 odd\">\n\t<td class=\"column-1\">2023\/26 (DLO)<\/td><td class=\"column-2\">23072.249195\/2023-41<\/td><td class=\"column-3\">Lubrificantes <\/td><td class=\"column-4\">2025\/01<\/td><td class=\"column-5\"><a href=\"https:\/\/www.ufmg.br\/proex\/wp-content\/uploads\/2024\/01\/PREGAO-2023-26.pdf\" rel=\"noopener\" target=\"_blank\">Ata<\/a><\/td>\n<\/tr>\n<tr class=\"row-10 even\">\n\t<td class=\"column-1\">2023\/25 (DLO)<\/td><td class=\"column-2\">23072.245698\/2023-47<\/td><td class=\"column-3\">Materiais e loca\u00e7\u00f5es para eventos<\/td><td class=\"column-4\">2025\/01<\/td><td class=\"column-5\"><a href=\"https:\/\/www.ufmg.br\/proex\/wp-content\/uploads\/2024\/02\/SEI_UFMG-2959155-Ata-de-Registro-de-Precos.pdf\" rel=\"noopener\" target=\"_blank\">Ata<\/a><\/td>\n<\/tr>\n<tr class=\"row-11 odd\">\n\t<td class=\"column-1\">2023\/18 (DLO)<\/td><td class=\"column-2\">23072.249039\/2023-80<\/td><td class=\"column-3\">Insumos para plantio<\/td><td class=\"column-4\"><\/td><td class=\"column-5\">Em andamento <\/td>\n<\/tr>\n<tr class=\"row-12 even\">\n\t<td class=\"column-1\">2023\/15 (DLO)<\/td><td class=\"column-2\">23072.257545\/2023-42<\/td><td class=\"column-3\">Ar Condicionado<\/td><td class=\"column-4\"><\/td><td class=\"column-5\">Em andamento <\/td>\n<\/tr>\n<tr class=\"row-13 odd\">\n\t<td class=\"column-1\">2023\/14 (DLO)<\/td><td class=\"column-2\">23072.257574\/2023-12<\/td><td class=\"column-3\">Materiais e ferramentas agr\u00edcolas<\/td><td class=\"column-4\"><\/td><td class=\"column-5\">Em andamento <\/td>\n<\/tr>\n<tr class=\"row-14 even\">\n\t<td class=\"column-1\">2023\/13 (DLO)<\/td><td class=\"column-2\">23072.229665\/2023-50<\/td><td class=\"column-3\">Servi\u00e7o de chaveiro, e aquisi\u00e7\u00e3o de Carimbos e Cadeados.<\/td><td class=\"column-4\">2024\/12<\/td><td class=\"column-5\"><a href=\"https:\/\/www.ufmg.br\/proex\/wp-content\/uploads\/2024\/01\/PREGAO-2023-13.pdf\" rel=\"noopener\" target=\"_blank\">Ata<\/a><\/td>\n<\/tr>\n<tr class=\"row-15 odd\">\n\t<td class=\"column-1\">2023\/12 (DLO)<\/td><td class=\"column-2\">23072.242656\/2023-54<\/td><td class=\"column-3\">Uniformes e EPIs<\/td><td class=\"column-4\">2024\/12<\/td><td class=\"column-5\"><a href=\"https:\/\/www.ufmg.br\/proex\/wp-content\/uploads\/2024\/01\/PREGAO-2023-12.pdf\" rel=\"noopener\" target=\"_blank\">Ata<\/a><\/td>\n<\/tr>\n<tr class=\"row-16 even\">\n\t<td class=\"column-1\">2023\/11 (DLO)<\/td><td class=\"column-2\">23072.226802\/2023-02<\/td><td class=\"column-3\">Materiais para CFTV <\/td><td class=\"column-4\">2024\/05<\/td><td class=\"column-5\"><a href=\"https:\/\/www.ufmg.br\/proex\/wp-content\/uploads\/2024\/01\/PREGAO-2023-11.pdf\" rel=\"noopener\" target=\"_blank\">Ata<\/a><\/td>\n<\/tr>\n<tr class=\"row-17 odd\">\n\t<td class=\"column-1\">2023\/09 (DLO)<\/td><td class=\"column-2\">23072.238110\/2023-07<\/td><td class=\"column-3\">Materiais de expediente<\/td><td class=\"column-4\">2024\/09<\/td><td class=\"column-5\"><a href=\"https:\/\/www.ufmg.br\/proex\/wp-content\/uploads\/2024\/01\/PREGAO-2023-09.pdf\" rel=\"noopener\" target=\"_blank\">Ata<\/a><\/td>\n<\/tr>\n<tr class=\"row-18 even\">\n\t<td class=\"column-1\">2023\/08 (DLO)<\/td><td class=\"column-2\">23072.220484\/2023-68<\/td><td class=\"column-3\">Materiais de higiene, limpeza e g\u00eaneros aliment\u00edcios.<\/td><td class=\"column-4\">2024\/05<\/td><td class=\"column-5\"><a href=\"https:\/\/www.ufmg.br\/proex\/wp-content\/uploads\/2023\/10\/Ata_de_Registro_de_Precos_DLO_08_2023-1.pdf\" rel=\"noopener\" target=\"_blank\">Ata<\/a><\/td>\n<\/tr>\n<tr class=\"row-19 odd\">\n\t<td class=\"column-1\">2022\/20 (DLO)<\/td><td class=\"column-2\">23072.256376\/2022-42<\/td><td class=\"column-3\">Acess\u00f3rios de inform\u00e1tica<\/td><td class=\"column-4\">2024\/05<\/td><td class=\"column-5\"><a href=\"https:\/\/www.ufmg.br\/proex\/wp-content\/uploads\/2023\/06\/Ata_de_Registro_de_Precos_20_2022.pdf\" rel=\"noopener\" target=\"_blank\">Ata<\/a><\/td>\n<\/tr>\n<tr class=\"row-20 even\">\n\t<td class=\"column-1\">2022\/15 (DLO)<\/td><td class=\"column-2\">23072.248282\/2022-08<\/td><td class=\"column-3\">Aquisi\u00e7\u00e3o de Eletroport\u00e1teis<\/td><td class=\"column-4\">2023\/12<\/td><td class=\"column-5\"><a href=\"https:\/\/www.ufmg.br\/proex\/wp-content\/uploads\/2023\/01\/ATA-SRP-15-2022.pdf\" rel=\"noopener\" target=\"_blank\">Ata<\/a><\/td>\n<\/tr>\n<tr class=\"row-21 odd\">\n\t<td class=\"column-1\">2022\/08 (ME)<\/td><td class=\"column-2\">23072.221415\/2022-91<\/td><td class=\"column-3\">Microcomputador \u2013 Monitor e Notebook<\/td><td class=\"column-4\">2023\/11<\/td><td class=\"column-5\"><a href=\"https:\/\/www.ufmg.br\/proex\/wp-content\/uploads\/2022\/11\/2-Compilado-item-3-Desktop-08-2022-ME.pdf\" rel=\"noopener\" target=\"_blank\">Ata microcomputador<\/a><br \/>\n<br \/>\n<a href=\"https:\/\/www.ufmg.br\/proex\/wp-content\/uploads\/2022\/11\/2-Compilado-item-11-Monitor-08-2022-ME.pdf\" rel=\"noopener\" target=\"_blank\">Ata monitor<\/a><br \/>\n<br \/>\n<a href=\"https:\/\/www.ufmg.br\/proex\/wp-content\/uploads\/2022\/11\/2-Compilado-item-8-Notebook-08-2022-ME.pdf\" rel=\"noopener\" target=\"_blank\">Ata notebook<\/a><\/td>\n<\/tr>\n<tr class=\"row-22 even\">\n\t<td class=\"column-1\">2021\/08 (DTI)<\/td><td class=\"column-2\">23072.257917\/2021-79<\/td><td class=\"column-3\">Webcam e Headset<\/td><td class=\"column-4\">2022\/12<\/td><td class=\"column-5\">Ata<\/td>\n<\/tr>\n<tr class=\"row-23 odd\">\n\t<td class=\"column-1\">2021\/03 (DLO)<\/td><td class=\"column-2\">23072.260101\/2021-22<\/td><td class=\"column-3\">Microcomputador \u2013 Monitor e Notebook<\/td><td class=\"column-4\">2021\/12<\/td><td class=\"column-5\">Ata<\/td>\n<\/tr>\n<\/tbody>\n<\/table>\n<!-- #tablepress-27 from cache -->\n<p><strong>Legisla\u00e7\u00e3o relacionada<\/strong><\/p>\n<p>Lei 14.133\/2021 &#8211; Lei de Licita\u00e7\u00f5es e Contratos Administrativos<\/p>\n<p>&nbsp;<\/p>\n","protected":false},"excerpt":{"rendered":"<p>O Sistema de Registro de Pre\u00e7os (SRP) \u00e9 um procedimento [&hellip;]<\/p>\n","protected":false},"author":2,"featured_media":0,"parent":6516,"menu_order":0,"comment_status":"closed","ping_status":"closed","template":"","meta":[],"tags":[],"_links":{"self":[{"href":"https:\/\/www.ufmg.br\/proex\/wp-json\/wp\/v2\/pages\/6543"}],"collection":[{"href":"https:\/\/www.ufmg.br\/proex\/wp-json\/wp\/v2\/pages"}],"about":[{"href":"https:\/\/www.ufmg.br\/proex\/wp-json\/wp\/v2\/types\/page"}],"author":[{"embeddable":true,"href":"https:\/\/www.ufmg.br\/proex\/wp-json\/wp\/v2\/users\/2"}],"replies":[{"embeddable":true,"href":"https:\/\/www.ufmg.br\/proex\/wp-json\/wp\/v2\/comments?post=6543"}],"version-history":[{"count":14,"href":"https:\/\/www.ufmg.br\/proex\/wp-json\/wp\/v2\/pages\/6543\/revisions"}],"predecessor-version":[{"id":10619,"href":"https:\/\/www.ufmg.br\/proex\/wp-json\/wp\/v2\/pages\/6543\/revisions\/10619"}],"up":[{"embeddable":true,"href":"https:\/\/www.ufmg.br\/proex\/wp-json\/wp\/v2\/pages\/6516"}],"wp:attachment":[{"href":"https:\/\/www.ufmg.br\/proex\/wp-json\/wp\/v2\/media?parent=6543"}],"wp:term":[{"taxonomy":"post_tag","embeddable":true,"href":"https:\/\/www.ufmg.br\/proex\/wp-json\/wp\/v2\/tags?post=6543"}],"curies":[{"name":"wp","href":"https:\/\/api.w.org\/{rel}","templated":true}]}}