{"id":656,"date":"2021-08-04T17:49:27","date_gmt":"2021-08-04T20:49:27","guid":{"rendered":"https:\/\/www.ufmg.br\/proex\/?page_id=656"},"modified":"2021-12-06T11:49:03","modified_gmt":"2021-12-06T14:49:03","slug":"regimentos-internos","status":"publish","type":"page","link":"https:\/\/www.ufmg.br\/proex\/documentos\/regimentos-internos\/","title":{"rendered":"Regimentos Internos"},"content":{"rendered":"<ul>\n<li><a href=\"https:\/\/www.ufmg.br\/proex\/wp-content\/uploads\/2021\/12\/Regimento-Rede-Versa\u0303o-revisada-apo\u0301s-aprovac\u0327a\u0303o-da-Ca\u0302mara-de-Extensa\u0303o-1.pdf\" target=\"_blank\" rel=\"noopener\">Rede de Museus e Espa\u00e7os de Ci\u00eancias e Cultura.<\/a> Tem por miss\u00e3o a articula\u00e7\u00e3o e a proposi\u00e7\u00e3o de pol\u00edticas para o desenvolvimento de a\u00e7\u00f5es nas \u00e1reas de ensino, pesquisa e extens\u00e3o, relacionadas aos Museus e Espa\u00e7os de Ci\u00eancias e Cultura da UFMG.<\/li>\n<\/ul>\n<p>&nbsp;<\/p>\n<ul>\n<li>A <a href=\"https:\/\/www.ufmg.br\/proex\/wp-content\/uploads\/2021\/12\/RESOLUC\u0327A\u0303O-03_2021-E-REGIMENTO-EECO.pdf\" target=\"_blank\" rel=\"noopener\">Esta\u00e7\u00e3o Ecol\u00f3gica da UFMG (EECO-UFMG).<\/a> Tem por objetivo a realiza\u00e7\u00e3o de atividades de extens\u00e3o, ensino, pesquisa e conserva\u00e7\u00e3o do seu patrim\u00f4nio natural e hist\u00f3rico-cultural.<\/li>\n<\/ul>\n<p>&nbsp;<\/p>\n<p>&nbsp;<\/p>\n<p>&nbsp;<\/p>\n<p>&nbsp;<\/p>\n<p>&nbsp;<\/p>\n<p>&nbsp;<\/p>\n<p>&nbsp;<\/p>\n<p>&nbsp;<\/p>\n<p>&nbsp;<\/p>\n","protected":false},"excerpt":{"rendered":"<p>Rede de Museus e Espa\u00e7os de Ci\u00eancias e Cultura. Tem [&hellip;]<\/p>\n","protected":false},"author":2,"featured_media":0,"parent":467,"menu_order":0,"comment_status":"closed","ping_status":"closed","template":"","meta":[],"tags":[49,51,73,23,25,29,299,303,301,4],"_links":{"self":[{"href":"https:\/\/www.ufmg.br\/proex\/wp-json\/wp\/v2\/pages\/656"}],"collection":[{"href":"https:\/\/www.ufmg.br\/proex\/wp-json\/wp\/v2\/pages"}],"about":[{"href":"https:\/\/www.ufmg.br\/proex\/wp-json\/wp\/v2\/types\/page"}],"author":[{"embeddable":true,"href":"https:\/\/www.ufmg.br\/proex\/wp-json\/wp\/v2\/users\/2"}],"replies":[{"embeddable":true,"href":"https:\/\/www.ufmg.br\/proex\/wp-json\/wp\/v2\/comments?post=656"}],"version-history":[{"count":14,"href":"https:\/\/www.ufmg.br\/proex\/wp-json\/wp\/v2\/pages\/656\/revisions"}],"predecessor-version":[{"id":3922,"href":"https:\/\/www.ufmg.br\/proex\/wp-json\/wp\/v2\/pages\/656\/revisions\/3922"}],"up":[{"embeddable":true,"href":"https:\/\/www.ufmg.br\/proex\/wp-json\/wp\/v2\/pages\/467"}],"wp:attachment":[{"href":"https:\/\/www.ufmg.br\/proex\/wp-json\/wp\/v2\/media?parent=656"}],"wp:term":[{"taxonomy":"post_tag","embeddable":true,"href":"https:\/\/www.ufmg.br\/proex\/wp-json\/wp\/v2\/tags?post=656"}],"curies":[{"name":"wp","href":"https:\/\/api.w.org\/{rel}","templated":true}]}}