{"id":6572,"date":"2022-11-23T15:19:53","date_gmt":"2022-11-23T18:19:53","guid":{"rendered":"https:\/\/www.ufmg.br\/proex\/?page_id=6572"},"modified":"2023-05-05T13:49:46","modified_gmt":"2023-05-05T16:49:46","slug":"dispensa-de-licitacao","status":"publish","type":"page","link":"https:\/\/www.ufmg.br\/proex\/compras\/dispensa-de-licitacao\/","title":{"rendered":"Dispensa de Licita\u00e7\u00e3o"},"content":{"rendered":"<p>Dispensa de licita\u00e7\u00e3o \u00e9 a possibilidade de celebra\u00e7\u00e3o direta de contrato entre a Administra\u00e7\u00e3o e o particular, nos casos estabelecidos no art. 75, da Lei 14.133\/2021.<\/p>\n<p>O aviso de Contrata\u00e7\u00e3o Direta dever\u00e1 ser publicado no Portal Nacional de Contrata\u00e7\u00f5es P\u00fablicas (PNCP), por no m\u00ednimo 3 (tr\u00eas) dias \u00fateis, contados da data de divulga\u00e7\u00e3o do aviso e ficar dispon\u00edvel para o envio de lances p\u00fablicos por per\u00edodo nunca inferior a 6 (seis) horas, em conformidade com o art. 6\u00ba, par\u00e1grafo \u00fanico e art. 11, da Instru\u00e7\u00e3o Normativa-IN 67\/2021, respectivamente.<\/p>\n<p><a href=\"https:\/\/www.ufmg.br\/proex\/wp-content\/uploads\/2022\/11\/3-Manual-de-Compras-PROEX-2022-Solicitante-Versao-3-PDF.pdf\" target=\"_blank\" rel=\"noopener\">Guia PROEX solicita\u00e7\u00f5es de compra<\/a><\/p>\n<p><a href=\"https:\/\/www.ufmg.br\/proex\/wp-content\/uploads\/2023\/05\/Modelo-de-Orcamento.docx\">Modelo de or\u00e7amento<\/a><\/p>\n<p><a href=\"https:\/\/www.ufmg.br\/proex\/wp-content\/uploads\/2022\/11\/3-Caderno-de-Especificacoes-Mobiliarias.-V2.pdf\" target=\"_blank\" rel=\"noopener\">Caderno de Especifica\u00e7\u00e3o Mobili\u00e1rio<\/a><\/p>\n\n<table id=\"tablepress-29\" class=\"tablepress tablepress-id-29\">\n<thead>\n<tr class=\"row-1 odd\">\n\t<th class=\"column-1\">N\u00ba da Dispensa<\/th><th class=\"column-2\">N\u00ba do Processo<\/th><th class=\"column-3\">Objeto<\/th><th class=\"column-4\">Link PNCP<\/th><th class=\"column-5\">Status<\/th>\n<\/tr>\n<\/thead>\n<tbody class=\"row-hover\">\n<tr class=\"row-2 even\">\n\t<td class=\"column-1\"><br \/>\n<\/td><td class=\"column-2\">23072.226810\/2024-21<\/td><td class=\"column-3\">Ambul\u00e2ncia \u2013 Domingo no Campus 2024<\/td><td class=\"column-4\"><a href=\"https:\/\/pncp.gov.br\/app\/pca\/17217985000104\/2024\/12\" rel=\"noopener\" target=\"_blank\">Clique aqui<\/a><\/td><td class=\"column-5\">Conclu\u00edda <\/td>\n<\/tr>\n<tr class=\"row-3 odd\">\n\t<td class=\"column-1\"><br \/>\n<\/td><td class=\"column-2\">23072.220731\/2024-15<\/td><td class=\"column-3\">Faixas \u2013 Domingo no Campus 2024<\/td><td class=\"column-4\"><a href=\"https:\/\/pncp.gov.br\/app\/pca\/17217985000104\/2024\/12\" rel=\"noopener\" target=\"_blank\">clique aqui<\/a><\/td><td class=\"column-5\">Conclu\u00edda <\/td>\n<\/tr>\n<tr class=\"row-4 even\">\n\t<td class=\"column-1\"><br \/>\n<\/td><td class=\"column-2\">23072.226815\/2024-54<\/td><td class=\"column-3\">Banheiro Qu\u00edmico \u2013 Domingo no Campus 2024<\/td><td class=\"column-4\"><a href=\"https:\/\/pncp.gov.br\/app\/pca\/17217985000104\/2024\/12\" rel=\"noopener\" target=\"_blank\">Clique aqui<\/a><\/td><td class=\"column-5\">Conclu\u00edda <\/td>\n<\/tr>\n<tr class=\"row-5 odd\">\n\t<td class=\"column-1\"><br \/>\n<\/td><td class=\"column-2\">23072.227472\/2024-45<\/td><td class=\"column-3\">Refrigerador - EECO<\/td><td class=\"column-4\"><a href=\"https:\/\/pncp.gov.br\/app\/pca\/17217985000104\/2024\/12\" rel=\"noopener\" target=\"_blank\">Clique aqui<\/a><\/td><td class=\"column-5\">Conclu\u00edda <\/td>\n<\/tr>\n<tr class=\"row-6 even\">\n\t<td class=\"column-1\">90211\/2024<\/td><td class=\"column-2\">23072.232726\/2024-47<\/td><td class=\"column-3\">Carrinho de transporte bandejado<\/td><td class=\"column-4\"><\/td><td class=\"column-5\">Conclu\u00edda<\/td>\n<\/tr>\n<tr class=\"row-7 odd\">\n\t<td class=\"column-1\"><br \/>\n<\/td><td class=\"column-2\">23072.234285\/2024-18<\/td><td class=\"column-3\">Ferramentas de Jardinagem - EECO<\/td><td class=\"column-4\"><a href=\"https:\/\/pncp.gov.br\/app\/pca\/17217985000104\/2024\/12\" rel=\"noopener\" target=\"_blank\">clique aqui<\/a><\/td><td class=\"column-5\">conclu\u00edda<\/td>\n<\/tr>\n<tr class=\"row-8 even\">\n\t<td class=\"column-1\"><\/td><td class=\"column-2\">23072.235665\/2024-70<\/td><td class=\"column-3\">Chaveiro - EECO<\/td><td class=\"column-4\"><a href=\"https:\/\/pncp.gov.br\/app\/pca\/17217985000104\/2024\/12\" rel=\"noopener\" target=\"_blank\">clique aqui<\/a><\/td><td class=\"column-5\">Conclu\u00edda<\/td>\n<\/tr>\n<tr class=\"row-9 odd\">\n\t<td class=\"column-1\"><\/td><td class=\"column-2\">23072.243367\/2024-53<\/td><td class=\"column-3\">G\u00e1s Esta\u00e7\u00e3o Ecol\u00f3gica<\/td><td class=\"column-4\"><a href=\"https:\/\/pncp.gov.br\/app\/pca\/17217985000104\/2024\/12\" rel=\"noopener\" target=\"_blank\">clique aqui<\/a><\/td><td class=\"column-5\">Conclu\u00edda<\/td>\n<\/tr>\n<tr class=\"row-10 even\">\n\t<td class=\"column-1\"><\/td><td class=\"column-2\">23072.227403\/2024-31<\/td><td class=\"column-3\">\u00d3leo Lubrificante - EECO<\/td><td class=\"column-4\"><a href=\"https:\/\/pncp.gov.br\/app\/pca\/17217985000104\/2024\/12\" rel=\"noopener\" target=\"_blank\">clique aqui<\/a><\/td><td class=\"column-5\">Conclu\u00edda<\/td>\n<\/tr>\n<tr class=\"row-11 odd\">\n\t<td class=\"column-1\"><\/td><td class=\"column-2\">23072.253892\/2024-87<\/td><td class=\"column-3\">Ambul\u00e2ncia \u2013 25\u00aa UFMG JOVEM<\/td><td class=\"column-4\"><a href=\"https:\/\/pncp.gov.br\/app\/pca\/17217985000104\/2024\/12\" rel=\"noopener\" target=\"_blank\">Clique aqui<\/a><\/td><td class=\"column-5\">Conclu\u00edda<\/td>\n<\/tr>\n<tr class=\"row-12 even\">\n\t<td class=\"column-1\"><\/td><td class=\"column-2\">23072.247216\/2024-74<\/td><td class=\"column-3\">Faixas \u2013 25\u00aa UFMG JOVEM<\/td><td class=\"column-4\"><a href=\"https:\/\/pncp.gov.br\/app\/pca\/17217985000104\/2024\/12\" rel=\"noopener\" target=\"_blank\">clique aqui<\/a><\/td><td class=\"column-5\">Conclu\u00edda<\/td>\n<\/tr>\n<tr class=\"row-13 odd\">\n\t<td class=\"column-1\"><\/td><td class=\"column-2\">23072.246238\/2024-17<\/td><td class=\"column-3\">Camisas \u2013 25\u00aa UFMG JOVEM<\/td><td class=\"column-4\"><a href=\"https:\/\/pncp.gov.br\/app\/pca\/17217985000104\/2024\/12\" rel=\"noopener\" target=\"_blank\">clique aqui<\/a><\/td><td class=\"column-5\">Conclu\u00edda<\/td>\n<\/tr>\n<tr class=\"row-14 even\">\n\t<td class=\"column-1\">90276\/2024<\/td><td class=\"column-2\">23072.248955\/2024-83<\/td><td class=\"column-3\">Kit Lanche - 27\u00ba Encontro de Extens\u00e3o - DAGE<\/td><td class=\"column-4\"><\/td><td class=\"column-5\">Conclu\u00edda<\/td>\n<\/tr>\n<tr class=\"row-15 odd\">\n\t<td class=\"column-1\"><\/td><td class=\"column-2\">23072.256297\/2024-01<\/td><td class=\"column-3\">Aquisi\u00e7\u00e3o de Cartazes para divulga\u00e7\u00e3o da 2\u00aa edi\u00e7\u00e3o Domingo no Campus<\/td><td class=\"column-4\"><\/td><td class=\"column-5\">Conclu\u00edda<\/td>\n<\/tr>\n<tr class=\"row-16 even\">\n\t<td class=\"column-1\"><\/td><td class=\"column-2\">23072.247351\/2024-10<\/td><td class=\"column-3\">Aquisi\u00e7\u00e3o de Tickets para lanche e alimenta\u00e7\u00e3o<\/td><td class=\"column-4\"><\/td><td class=\"column-5\">Conclu\u00edda<\/td>\n<\/tr>\n<tr class=\"row-17 odd\">\n\t<td class=\"column-1\">90164\/2024<\/td><td class=\"column-2\">23072.264185\/2024-16<\/td><td class=\"column-3\">Kit Lanche - 2\u00ba Encontro CENEX - DAGE<\/td><td class=\"column-4\"><\/td><td class=\"column-5\">Conclu\u00edda<\/td>\n<\/tr>\n<tr class=\"row-18 even\">\n\t<td class=\"column-1\">90295\/2024<\/td><td class=\"column-2\">23072.260819\/2024-61<\/td><td class=\"column-3\">Coffee Break - Lan\u00e7amento do Livro da Rede de Museus<\/td><td class=\"column-4\"><\/td><td class=\"column-5\">compra direta 295\/2024<\/td>\n<\/tr>\n<tr class=\"row-19 odd\">\n\t<td class=\"column-1\"><\/td><td class=\"column-2\">23072.246839\/2024-20<\/td><td class=\"column-3\">Sacolas de TNT com 02 al\u00e7as<\/td><td class=\"column-4\"><a href=\"https:\/\/pncp.gov.br\/app\/pca\/17217985000104\/2024\/12\" rel=\"noopener\" target=\"_blank\">Clique aqui<\/a><\/td><td class=\"column-5\">Conclu\u00edda<\/td>\n<\/tr>\n<tr class=\"row-20 even\">\n\t<td class=\"column-1\"><\/td><td class=\"column-2\">23072.269162\/2024-06<\/td><td class=\"column-3\">Crach\u00e1s V Jornada de Direitos Humanos<\/td><td class=\"column-4\"><\/td><td class=\"column-5\">Conclu\u00edda<\/td>\n<\/tr>\n<tr class=\"row-21 odd\">\n\t<td class=\"column-1\"><\/td><td class=\"column-2\">23072.200719\/2024-86<\/td><td class=\"column-3\">Conserto Nobreak Gabinete<\/td><td class=\"column-4\"><a href=\"https:\/\/pncp.gov.br\/app\/pca\/17217985000104\/2024\/12\" rel=\"noopener\" target=\"_blank\">Clique aqui<\/a><\/td><td class=\"column-5\">Conclu\u00edda<\/td>\n<\/tr>\n<tr class=\"row-22 even\">\n\t<td class=\"column-1\"><\/td><td class=\"column-2\">23072.203708\/2024-58<\/td><td class=\"column-3\">Vassouras - EECO<\/td><td class=\"column-4\"><\/td><td class=\"column-5\">Conclu\u00edda via Ades\u00e3o<\/td>\n<\/tr>\n<tr class=\"row-23 odd\">\n\t<td class=\"column-1\"><\/td><td class=\"column-2\">23072.204366\/2024-93<\/td><td class=\"column-3\">Anuidade REDPOP<\/td><td class=\"column-4\"><a href=\"https:\/\/pncp.gov.br\/app\/pca\/17217985000104\/2024\/12\" rel=\"noopener\" target=\"_blank\">Clique aqui<\/a><\/td><td class=\"column-5\">Conclu\u00edda<\/td>\n<\/tr>\n<tr class=\"row-24 even\">\n\t<td class=\"column-1\"><\/td><td class=\"column-2\">23072.207444\/2024-10<\/td><td class=\"column-3\">Apoio de p\u00e9s PROEX<\/td><td class=\"column-4\"><a href=\"https:\/\/pncp.gov.br\/app\/pca\/17217985000104\/2024\/12\" rel=\"noopener\" target=\"_blank\">Clique aqui<\/a><\/td><td class=\"column-5\">Conclu\u00edda via Ades\u00e3o<\/td>\n<\/tr>\n<tr class=\"row-25 odd\">\n\t<td class=\"column-1\"><\/td><td class=\"column-2\">23072.208303\/2024-14<\/td><td class=\"column-3\">Chaveiro Salas PROEX<\/td><td class=\"column-4\"><a href=\"https:\/\/pncp.gov.br\/app\/pca\/17217985000104\/2024\/12\" rel=\"noopener\" target=\"_blank\">Clique aqui<\/a><\/td><td class=\"column-5\">Conclu\u00edda via Ades\u00e3o<\/td>\n<\/tr>\n<tr class=\"row-26 even\">\n\t<td class=\"column-1\">90070\/2024 (DLO)<\/td><td class=\"column-2\">23072.215746\/2024-53<\/td><td class=\"column-3\">Kit Lanche - 2\u00aa ed. Oficina Extens\u00e3o Acad\u00eamica na Pr\u00e1tica<\/td><td class=\"column-4\"><a href=\"https:\/\/pncp.gov.br\/app\/pca\/17217985000104\/2024\/12\" rel=\"noopener\" target=\"_blank\">Clique aqui<\/a><\/td><td class=\"column-5\">Conclu\u00edda<\/td>\n<\/tr>\n<tr class=\"row-27 odd\">\n\t<td class=\"column-1\">90087\/2024 (DLO)<\/td><td class=\"column-2\">23072.224596\/2024-79<\/td><td class=\"column-3\">Kit Lanche - Jornada de Extens\u00e3o da UFMG<\/td><td class=\"column-4\"><a href=\"https:\/\/pncp.gov.br\/app\/pca\/17217985000104\/2024\/12\" rel=\"noopener\" target=\"_blank\">Clique aqui<\/a><\/td><td class=\"column-5\">Conclu\u00edda<\/td>\n<\/tr>\n<tr class=\"row-28 even\">\n\t<td class=\"column-1\"><\/td><td class=\"column-2\">23072.226823\/2024-09<\/td><td class=\"column-3\">\u00c1gua \u2013 Domingo no Campus 2024<\/td><td class=\"column-4\"><a href=\"https:\/\/pncp.gov.br\/app\/pca\/17217985000104\/2024\/12\" rel=\"noopener\" target=\"_blank\">Clique aqui<\/a><\/td><td class=\"column-5\">Conclu\u00edda via Ades\u00e3o<\/td>\n<\/tr>\n<tr class=\"row-29 odd\">\n\t<td class=\"column-1\">2023\/00194 (DLO)<\/td><td class=\"column-2\">23072.236964\/2023-41<\/td><td class=\"column-3\">Mouse vertical<\/td><td class=\"column-4\"><a href=\"https:\/\/pncp.gov.br\/app\/editais\/17217985000104\/2023\/246\" rel=\"noopener\" target=\"_blank\">Clique aqui<\/a><\/td><td class=\"column-5\">Conclu\u00edda <\/td>\n<\/tr>\n<tr class=\"row-30 even\">\n\t<td class=\"column-1\">-<\/td><td class=\"column-2\">23072.239834\/2023-60<\/td><td class=\"column-3\">Camisas e faixas \u2013 UFMG JOVEM 2023<\/td><td class=\"column-4\">-<\/td><td class=\"column-5\">Conclu\u00edda via Ades\u00e3o <\/td>\n<\/tr>\n<tr class=\"row-31 odd\">\n\t<td class=\"column-1\">2023\/00180 (DLO)<\/td><td class=\"column-2\">23072.241827\/2023-28<\/td><td class=\"column-3\">Lanches UFMG Jovem 2023 <\/td><td class=\"column-4\"><a href=\"https:\/\/pncp.gov.br\/app\/editais\/17217985000104\/2023\/306\" rel=\"noopener\" target=\"_blank\">Clique aqui<\/a><\/td><td class=\"column-5\">Cancelada\/Revogada <\/td>\n<\/tr>\n<tr class=\"row-32 even\">\n\t<td class=\"column-1\">2023\/00226 (DLO)<\/td><td class=\"column-2\">23072.241827\/2023-28<\/td><td class=\"column-3\">Lanches UFMG Jovem 2023 <\/td><td class=\"column-4\"><a href=\"https:\/\/pncp.gov.br\/app\/editais\/17217985000104\/2023\/306\" rel=\"noopener\" target=\"_blank\">Clique aqui<\/a><\/td><td class=\"column-5\">Conclu\u00edda <br \/>\n<\/td>\n<\/tr>\n<tr class=\"row-33 odd\">\n\t<td class=\"column-1\">2023\/00190 (DLO)<\/td><td class=\"column-2\">23072.241832\/2023-31<\/td><td class=\"column-3\">Refei\u00e7\u00e3o UFMG Jovem 2023 <\/td><td class=\"column-4\"><a href=\"https:\/\/pncp.gov.br\/app\/editais\/17217985000104\/2023\/231\" rel=\"noopener\" target=\"_blank\">Clique aqui<\/a><\/td><td class=\"column-5\">Cancelada\/Revogada <\/td>\n<\/tr>\n<tr class=\"row-34 even\">\n\t<td class=\"column-1\">2023\/00192 (DLO)<\/td><td class=\"column-2\">23072.241877\/2023-13<\/td><td class=\"column-3\">Sacolas TNT UFMG Jovem 2023 <\/td><td class=\"column-4\"><a href=\"https:\/\/pncp.gov.br\/app\/editais\/17217985000104\/2023\/238\" rel=\"noopener\" target=\"_blank\">Clique aqui<\/a><\/td><td class=\"column-5\">Conclu\u00edda <\/td>\n<\/tr>\n<tr class=\"row-35 odd\">\n\t<td class=\"column-1\">-<\/td><td class=\"column-2\">23072.245639\/2023-79<\/td><td class=\"column-3\">Faixas \u2013 Domingo no Campus 2023<\/td><td class=\"column-4\">-<\/td><td class=\"column-5\">Conclu\u00edda via Ades\u00e3o <\/td>\n<\/tr>\n<tr class=\"row-36 even\">\n\t<td class=\"column-1\">-<\/td><td class=\"column-2\">23072.211632\/2023-53<\/td><td class=\"column-3\">Ferramentas de Jardinagem<\/td><td class=\"column-4\">-<\/td><td class=\"column-5\">Abortado<\/td>\n<\/tr>\n<tr class=\"row-37 odd\">\n\t<td class=\"column-1\">2023\/00091 (DLO)<\/td><td class=\"column-2\">23072.212968\/2023-33<\/td><td class=\"column-3\">Acess\u00f3rios para Ro\u00e7adeira<\/td><td class=\"column-4\"><a href=\"https:\/\/pncp.gov.br\/app\/editais\/17217985000104\/2023\/126\" rel=\"noopener\" target=\"_blank\">Clique aqui<\/a><\/td><td class=\"column-5\">Conclu\u00edda<\/td>\n<\/tr>\n<tr class=\"row-38 even\">\n\t<td class=\"column-1\">2022\/00167 (PROEX)<\/td><td class=\"column-2\">23072.215179\/2022-73<\/td><td class=\"column-3\">Manuten\u00e7\u00e3o Nobreak<\/td><td class=\"column-4\"><a href=\"https:\/\/pncp.gov.br\/app\/editais\/17217985000104\/2022\/494\" rel=\"noopener\" target=\"_blank\">Clique aqui<\/a><\/td><td class=\"column-5\">Conclu\u00edda<\/td>\n<\/tr>\n<tr class=\"row-39 odd\">\n\t<td class=\"column-1\">2023\/00119 (DLO)<\/td><td class=\"column-2\">23072.216984\/2023-03<\/td><td class=\"column-3\">Servi\u00e7o de Ambul\u00e2ncia<\/td><td class=\"column-4\"><a href=\"https:\/\/pncp.gov.br\/app\/editais\/17217985000104\/2023\/121\" rel=\"noopener\" target=\"_blank\">Clique aqui<\/a><\/td><td class=\"column-5\">Conclu\u00edda<\/td>\n<\/tr>\n<tr class=\"row-40 even\">\n\t<td class=\"column-1\">2022\/00005 (PROEX)<\/td><td class=\"column-2\">23072.224702\/2022-52 <br \/>\n<\/td><td class=\"column-3\">Campainha sem fio <\/td><td class=\"column-4\"><a href=\"https:\/\/pncp.gov.br\/app\/editais\/17217985000104\/2022\/199\" rel=\"noopener\" target=\"_blank\">Clique aqui<\/a><\/td><td class=\"column-5\">Conclu\u00edda<\/td>\n<\/tr>\n<tr class=\"row-41 odd\">\n\t<td class=\"column-1\">2022\/00003 (PROEX)<\/td><td class=\"column-2\">23072.228077\/2022-18 <br \/>\n<br \/>\n<\/td><td class=\"column-3\">Forno Micro-ondas<\/td><td class=\"column-4\"><a href=\"https:\/\/pncp.gov.br\/app\/editais\/17217985000104\/2022\/178\" rel=\"noopener\" target=\"_blank\">Clique aqui<\/a><\/td><td class=\"column-5\">Conclu\u00edda<\/td>\n<\/tr>\n<tr class=\"row-42 even\">\n\t<td class=\"column-1\">2022\/00002 (PROEX)<\/td><td class=\"column-2\">23072.228081\/2022-86<\/td><td class=\"column-3\">Servi\u00e7o de Ambul\u00e2ncia<\/td><td class=\"column-4\"><a href=\"https:\/\/pncp.gov.br\/app\/editais\/17217985000104\/2022\/174\" rel=\"noopener\" target=\"_blank\">Clique aqui<\/a><\/td><td class=\"column-5\">Conclu\u00edda<\/td>\n<\/tr>\n<tr class=\"row-43 odd\">\n\t<td class=\"column-1\">2022\/00006 (PROEX)<\/td><td class=\"column-2\">23072.229055\/2022-75<\/td><td class=\"column-3\">Servi\u00e7o de Loca\u00e7\u00e3o de Cabine Sanit\u00e1ria<\/td><td class=\"column-4\"><a href=\"https:\/\/pncp.gov.br\/app\/editais\/17217985000104\/2022\/220\" rel=\"noopener\" target=\"_blank\">Clique aqui<\/a><\/td><td class=\"column-5\">Conclu\u00edda<\/td>\n<\/tr>\n<tr class=\"row-44 even\">\n\t<td class=\"column-1\">2022\/00116 (PROEX)<\/td><td class=\"column-2\">23072.244555\/2022-37<\/td><td class=\"column-3\">Camisas UFMG Jovem 2022<\/td><td class=\"column-4\"><a href=\"https:\/\/pncp.gov.br\/app\/editais\/17217985000104\/2022\/408\" rel=\"noopener\" target=\"_blank\">Clique aqui<\/a><\/td><td class=\"column-5\">Conclu\u00edda<\/td>\n<\/tr>\n<tr class=\"row-45 odd\">\n\t<td class=\"column-1\">2022\/00164 (PROEX)<\/td><td class=\"column-2\">23072.244673\/2022-45<\/td><td class=\"column-3\">Sacolas TNT UFMG Jovem<\/td><td class=\"column-4\"><a href=\"https:\/\/pncp.gov.br\/app\/editais\/17217985000104\/2022\/463\" rel=\"noopener\" target=\"_blank\">Clique aqui<\/a><\/td><td class=\"column-5\">Conclu\u00edda<\/td>\n<\/tr>\n<tr class=\"row-46 even\">\n\t<td class=\"column-1\">2022\/00123 (PROEX)<\/td><td class=\"column-2\">23072.244904\/2022-11<\/td><td class=\"column-3\">Servi\u00e7o de Faixas UFMG Jovem<\/td><td class=\"column-4\"><a href=\"https:\/\/pncp.gov.br\/app\/editais\/17217985000104\/2022\/417\" rel=\"noopener\" target=\"_blank\">Clique aqui<\/a><\/td><td class=\"column-5\">Conclu\u00edda<\/td>\n<\/tr>\n<tr class=\"row-47 odd\">\n\t<td class=\"column-1\">2022\/00115 (PROEX)<\/td><td class=\"column-2\">23072.244916\/2022-45<\/td><td class=\"column-3\">Banners UFMG Jovem 2022<\/td><td class=\"column-4\"><a href=\"https:\/\/pncp.gov.br\/app\/editais\/17217985000104\/2022\/406\" rel=\"noopener\" target=\"_blank\">Clique aqui<\/a><\/td><td class=\"column-5\">Conclu\u00edda<\/td>\n<\/tr>\n<tr class=\"row-48 even\">\n\t<td class=\"column-1\">2022\/00117 (PROEX)<\/td><td class=\"column-2\">23072.246228\/2022-10<\/td><td class=\"column-3\">Lanches UFMG Jovem 2022<\/td><td class=\"column-4\"><a href=\"https:\/\/pncp.gov.br\/app\/editais\/17217985000104\/2022\/405\" rel=\"noopener\" target=\"_blank\">Clique aqui<\/a><\/td><td class=\"column-5\">Conclu\u00edda<\/td>\n<\/tr>\n<tr class=\"row-49 odd\">\n\t<td class=\"column-1\">2022\/00128 (PROEX)<\/td><td class=\"column-2\">23072.248023\/2022-79<\/td><td class=\"column-3\">Servi\u00e7o de Ambul\u00e2ncia<\/td><td class=\"column-4\"><a href=\"https:\/\/pncp.gov.br\/app\/editais\/17217985000104\/2022\/422\" rel=\"noopener\" target=\"_blank\">Clique aqui<\/a><\/td><td class=\"column-5\">Conclu\u00edda<\/td>\n<\/tr>\n<tr class=\"row-50 even\">\n\t<td class=\"column-1\">2022\/00119 (PROEX)<\/td><td class=\"column-2\">23072.248067\/2022-07<\/td><td class=\"column-3\">Servi\u00e7o de Loca\u00e7\u00e3o de Cabine Sanit\u00e1ria<\/td><td class=\"column-4\"><a href=\"https:\/\/pncp.gov.br\/app\/editais\/17217985000104\/2022\/412\" rel=\"noopener\" target=\"_blank\">Clique aqui<\/a><\/td><td class=\"column-5\">Conclu\u00edda<\/td>\n<\/tr>\n<tr class=\"row-51 odd\">\n\t<td class=\"column-1\">2022\/00186 (PROEX)<\/td><td class=\"column-2\">23072.255446\/2022-45<\/td><td class=\"column-3\">Aquisi\u00e7\u00e3o de Ro\u00e7adeira<\/td><td class=\"column-4\"><a href=\"https:\/\/pncp.gov.br\/app\/editais\/17217985000104\/2022\/500\" rel=\"noopener\" target=\"_blank\">Clique aqui<\/a><\/td><td class=\"column-5\">Aquisi\u00e7\u00e3o de Ro\u00e7adeira<\/td>\n<\/tr>\n<tr class=\"row-52 even\">\n\t<td class=\"column-1\">2022\/00219 (PROEX)<\/td><td class=\"column-2\">23072.258324\/2022-19<\/td><td class=\"column-3\">Lanche - Encontro de Extens\u00e3o<\/td><td class=\"column-4\"><a href=\"https:\/\/pncp.gov.br\/app\/editais\/17217985000104\/2022\/549\" rel=\"noopener\" target=\"_blank\">Clique aqui<\/a><\/td><td class=\"column-5\">Conclu\u00edda<\/td>\n<\/tr>\n<tr class=\"row-53 odd\">\n\t<td class=\"column-1\">2022\/00231 (PROEX)<\/td><td class=\"column-2\">23072.260371\/2022-14<\/td><td class=\"column-3\">Camisas EECO<\/td><td class=\"column-4\"><a href=\"https:\/\/pncp.gov.br\/app\/editais\/17217985000104\/2022\/566\" rel=\"noopener\" target=\"_blank\">Clique aqui<\/a><\/td><td class=\"column-5\">Conclu\u00edda<\/td>\n<\/tr>\n<tr class=\"row-54 even\">\n\t<td class=\"column-1\">2022\/00001 (PROEX)<\/td><td class=\"column-2\">23072.227066\/2022-11<\/td><td class=\"column-3\">Lanche Jornada de Extens\u00e3o 2022<\/td><td class=\"column-4\"><a href=\"https:\/\/pncp.gov.br\/app\/editais\/17217985000104\/2022\/142\" rel=\"noopener\" target=\"_blank\">Clique aqui<\/a><\/td><td class=\"column-5\">Cancelada\/Revogada<\/td>\n<\/tr>\n<tr class=\"row-55 odd\">\n\t<td class=\"column-1\">2022\/00004 (PROEX)<\/td><td class=\"column-2\">23072.229055\/2022-75<\/td><td class=\"column-3\">Servi\u00e7o de Loca\u00e7\u00e3o de Cabine Sanit\u00e1ria<\/td><td class=\"column-4\"><a href=\"https:\/\/pncp.gov.br\/app\/editais\/17217985000104\/2022\/194\" rel=\"noopener\" target=\"_blank\">Clique aqui<\/a><\/td><td class=\"column-5\">Cancelada\/Revogada<\/td>\n<\/tr>\n<tr class=\"row-56 even\">\n\t<td class=\"column-1\">-<\/td><td class=\"column-2\">23072.250463\/2022-96<\/td><td class=\"column-3\">Aquisi\u00e7\u00e3o de Ro\u00e7adeira<\/td><td class=\"column-4\">-<\/td><td class=\"column-5\">Cancelada\/Revogada<\/td>\n<\/tr>\n<tr class=\"row-57 odd\">\n\t<td class=\"column-1\">-<\/td><td class=\"column-2\">23072.261892\/2022-99<\/td><td class=\"column-3\">Faixa Evento Brigadistas<\/td><td class=\"column-4\">-<\/td><td class=\"column-5\">Cancelada\/Revogada<\/td>\n<\/tr>\n<\/tbody>\n<\/table>\n<!-- #tablepress-29 from cache -->\n<p><strong>Legisla\u00e7\u00e3o relacionada<br \/>\n<\/strong>Lei n\u00ba 14.133, de 2021 &#8211;\u00a0 Lei de Licita\u00e7\u00f5es e Contratos Administrativos;<br \/>\nINSTRU\u00c7\u00c3O NORMATIVA SEGES\/ME N\u00ba 67\/2021 &#8211; Disp\u00f5e sobre a dispensa de licita\u00e7\u00e3o;<br \/>\nINSTRU\u00c7\u00c3O NORMATIVA SEGES <em>ME N\u00ba 65\/<\/em>2021 &#8211; Disp\u00f5e sobre a pesquisa de pre\u00e7os.<\/p>\n<p>&nbsp;<\/p>\n<p>&nbsp;<\/p>\n<p>&nbsp;<\/p>\n<p>&nbsp;<\/p>\n","protected":false},"excerpt":{"rendered":"<p>Dispensa de licita\u00e7\u00e3o \u00e9 a possibilidade de celebra\u00e7\u00e3o direta de [&hellip;]<\/p>\n","protected":false},"author":2,"featured_media":0,"parent":6516,"menu_order":0,"comment_status":"closed","ping_status":"closed","template":"","meta":[],"tags":[351,23],"_links":{"self":[{"href":"https:\/\/www.ufmg.br\/proex\/wp-json\/wp\/v2\/pages\/6572"}],"collection":[{"href":"https:\/\/www.ufmg.br\/proex\/wp-json\/wp\/v2\/pages"}],"about":[{"href":"https:\/\/www.ufmg.br\/proex\/wp-json\/wp\/v2\/types\/page"}],"author":[{"embeddable":true,"href":"https:\/\/www.ufmg.br\/proex\/wp-json\/wp\/v2\/users\/2"}],"replies":[{"embeddable":true,"href":"https:\/\/www.ufmg.br\/proex\/wp-json\/wp\/v2\/comments?post=6572"}],"version-history":[{"count":15,"href":"https:\/\/www.ufmg.br\/proex\/wp-json\/wp\/v2\/pages\/6572\/revisions"}],"predecessor-version":[{"id":8285,"href":"https:\/\/www.ufmg.br\/proex\/wp-json\/wp\/v2\/pages\/6572\/revisions\/8285"}],"up":[{"embeddable":true,"href":"https:\/\/www.ufmg.br\/proex\/wp-json\/wp\/v2\/pages\/6516"}],"wp:attachment":[{"href":"https:\/\/www.ufmg.br\/proex\/wp-json\/wp\/v2\/media?parent=6572"}],"wp:term":[{"taxonomy":"post_tag","embeddable":true,"href":"https:\/\/www.ufmg.br\/proex\/wp-json\/wp\/v2\/tags?post=6572"}],"curies":[{"name":"wp","href":"https:\/\/api.w.org\/{rel}","templated":true}]}}