{"id":6610,"date":"2022-11-24T14:25:34","date_gmt":"2022-11-24T17:25:34","guid":{"rendered":"https:\/\/www.ufmg.br\/proex\/?page_id=6610"},"modified":"2022-11-25T14:37:25","modified_gmt":"2022-11-25T17:37:25","slug":"imprensauniversitaria","status":"publish","type":"page","link":"https:\/\/www.ufmg.br\/proex\/compras\/imprensauniversitaria\/","title":{"rendered":"Imprensa Universit\u00e1ria"},"content":{"rendered":"<p>Autorizada pelo Conselho Universit\u00e1rio em nove de maio de 1955, sob a presid\u00eancia do Reitor Professor Lincoln Prates, a Imprensa Universit\u00e1ria contou com a aquisi\u00e7\u00e3o do seu maquin\u00e1rio neste mesmo ano. Inicialmente funcionando em um galp\u00e3o constru\u00eddo nos terrenos da antiga Cidade Universit\u00e1ria no bairro Santo Agostinho, o novo parque gr\u00e1fico da UFMG, destinado a atender a demanda universit\u00e1ria, teve seu funcionamento iniciado em nove de setembro de 1956.<\/p>\n<p><strong>Fluxo de demandas<br \/>\n<\/strong>1 \u2013 Solicite o or\u00e7amento \u00e0 Imprensa Universit\u00e1ria;<\/p>\n<p>2 \u2013 Abra um processo no <a href=\"https:\/\/sei.ufmg.br\/index.php\/acesse-o-sei\/\" target=\"_blank\" rel=\"noopener\">SEI<\/a> (compartilhe o processo com PROEX-SCO);<\/p>\n<p>3 \u2013 Inclua e preencha o formul\u00e1rio PEDIDO DE MATERIAL OU SERVI\u00c7O-PMS;<\/p>\n<p>4 \u2013 No PMS dever\u00e1 conter as seguintes assinaturas: de quem confeccionou o formul\u00e1rio, da chefia imediata e do(a) ordenador(a) de despesas;<\/p>\n<p>5 \u2013 O(a) ordenador(a) de despesas envia despacho \u00e0 Contabilidade autorizando o envio do recurso;<\/p>\n<p>6 \u2013 A Contabilidade incluiu o documento que comprova a transfer\u00eancia do recurso;<\/p>\n<p>7 \u2013 Ap\u00f3s a execu\u00e7\u00e3o do servi\u00e7o e\/ou entrega do produto o requisitante anexa ao processo o formul\u00e1rio de ATESTE, que assegura a perfeita conformidade do que foi contratado.<\/p>\n<p><strong>Contatos \u00fateis<br \/>\n<\/strong>Setor de Or\u00e7amento e Atendimento ao Cliente\u00a0 \u2013 3409-5155 \/ <a href=\"https:\/\/www.ufmg.br\/proex\/compras\/\" target=\"_blank\" rel=\"noopener\">satend@imprensa.ufmg.br<\/a><br \/>\nSe\u00e7\u00e3o Contabilidade\u00a0 \u2013 3409-5170 \/ <a href=\"mailto:scontab@imprensa.ufmg.br\" target=\"_blank\" rel=\"noopener\">scontab@imprensa.ufmg.br<\/a><br \/>\nSecretaria Administrativa \u2013 3409-5171 \/ <a href=\"https:\/\/www.ufmg.br\/proex\/compras\/dispensa-de-licitacao\/\" target=\"_blank\" rel=\"noopener\">sadm@imprensa.ufmg.br<\/a><\/p>\n","protected":false},"excerpt":{"rendered":"<p>Autorizada pelo Conselho Universit\u00e1rio em nove de maio de 1955, [&hellip;]<\/p>\n","protected":false},"author":2,"featured_media":0,"parent":6516,"menu_order":0,"comment_status":"closed","ping_status":"closed","template":"","meta":[],"tags":[],"_links":{"self":[{"href":"https:\/\/www.ufmg.br\/proex\/wp-json\/wp\/v2\/pages\/6610"}],"collection":[{"href":"https:\/\/www.ufmg.br\/proex\/wp-json\/wp\/v2\/pages"}],"about":[{"href":"https:\/\/www.ufmg.br\/proex\/wp-json\/wp\/v2\/types\/page"}],"author":[{"embeddable":true,"href":"https:\/\/www.ufmg.br\/proex\/wp-json\/wp\/v2\/users\/2"}],"replies":[{"embeddable":true,"href":"https:\/\/www.ufmg.br\/proex\/wp-json\/wp\/v2\/comments?post=6610"}],"version-history":[{"count":6,"href":"https:\/\/www.ufmg.br\/proex\/wp-json\/wp\/v2\/pages\/6610\/revisions"}],"predecessor-version":[{"id":6685,"href":"https:\/\/www.ufmg.br\/proex\/wp-json\/wp\/v2\/pages\/6610\/revisions\/6685"}],"up":[{"embeddable":true,"href":"https:\/\/www.ufmg.br\/proex\/wp-json\/wp\/v2\/pages\/6516"}],"wp:attachment":[{"href":"https:\/\/www.ufmg.br\/proex\/wp-json\/wp\/v2\/media?parent=6610"}],"wp:term":[{"taxonomy":"post_tag","embeddable":true,"href":"https:\/\/www.ufmg.br\/proex\/wp-json\/wp\/v2\/tags?post=6610"}],"curies":[{"name":"wp","href":"https:\/\/api.w.org\/{rel}","templated":true}]}}