{"id":6614,"date":"2022-11-24T14:33:04","date_gmt":"2022-11-24T17:33:04","guid":{"rendered":"https:\/\/www.ufmg.br\/proex\/?page_id=6614"},"modified":"2023-06-07T13:21:39","modified_gmt":"2023-06-07T16:21:39","slug":"fundacaodeapoiodaufmg","status":"publish","type":"page","link":"https:\/\/www.ufmg.br\/proex\/compras\/fundacaodeapoiodaufmg\/","title":{"rendered":"Funda\u00e7\u00e3o de Apoio da UFMG"},"content":{"rendered":"<p>A Fundep nasceu dentro da UFMG, como sua funda\u00e7\u00e3o de apoio, com o objetivo de viabilizar projetos da Universidade e contribuir com seu crescimento e desenvolvimento.<\/p>\n<p><strong>Links e documentos \u00fateis<br \/>\n<\/strong><a href=\"https:\/\/ec.fundep.ufmg.br\/Site\/login\/login.aspx\" target=\"_blank\" rel=\"noopener\">Espa\u00e7o do Coordenador<\/a><br \/>\n<a href=\"https:\/\/www.ufmg.br\/proex\/wp-content\/uploads\/2022\/11\/5-Manual-Espaco-do-Coordenador_versao25-Completo.pdf\" target=\"_blank\" rel=\"noopener\">Manual Espa\u00e7o do Coordenador<\/a><br \/>\n<a href=\"https:\/\/portaldecompras.fundep.ufmg.br\/Publico\/SolicitarCadastroFornecedor.aspx\" target=\"_blank\" rel=\"noopener\">Cadastro de fornecedores Fundep<\/a><br \/>\n<a href=\"https:\/\/www.ufmg.br\/proex\/wp-content\/uploads\/2023\/06\/Compilado-de-Instrucoes.pdf\" target=\"_blank\" rel=\"noopener\">Concess\u00e3o da bolsa de pesquisa para alunos de gradua\u00e7\u00e3o e p\u00f3s-gradua\u00e7\u00e3o<\/a><br \/>\n<a href=\"https:\/\/www.ufmg.br\/proex\/wp-content\/uploads\/2023\/06\/Coletanea-de-Entedimentos-CGU.pdf\" target=\"_blank\" rel=\"noopener\">Coletanea de Entedimentos &#8211; CGU<\/a><\/p>\n<p><strong>Legisla\u00e7\u00e3o relacionada<br \/>\n<\/strong>Decreto n\u00ba 9.235, de 15 de dezembro de 2017<br \/>\nLei no 8.958, de 20 de dezembro de 1994<br \/>\nDecreto n\u00ba 7.423, de 31 de dezembro de 2010<br \/>\nLei n\u00ba 12.349, de 15 de dezembro de 2010<br \/>\nLei n\u00ba 10.973, de 2 de dezembro de 2004<\/p>\n","protected":false},"excerpt":{"rendered":"<p>A Fundep nasceu dentro da UFMG, como sua funda\u00e7\u00e3o de [&hellip;]<\/p>\n","protected":false},"author":2,"featured_media":0,"parent":6516,"menu_order":0,"comment_status":"closed","ping_status":"closed","template":"","meta":[],"tags":[],"_links":{"self":[{"href":"https:\/\/www.ufmg.br\/proex\/wp-json\/wp\/v2\/pages\/6614"}],"collection":[{"href":"https:\/\/www.ufmg.br\/proex\/wp-json\/wp\/v2\/pages"}],"about":[{"href":"https:\/\/www.ufmg.br\/proex\/wp-json\/wp\/v2\/types\/page"}],"author":[{"embeddable":true,"href":"https:\/\/www.ufmg.br\/proex\/wp-json\/wp\/v2\/users\/2"}],"replies":[{"embeddable":true,"href":"https:\/\/www.ufmg.br\/proex\/wp-json\/wp\/v2\/comments?post=6614"}],"version-history":[{"count":16,"href":"https:\/\/www.ufmg.br\/proex\/wp-json\/wp\/v2\/pages\/6614\/revisions"}],"predecessor-version":[{"id":8730,"href":"https:\/\/www.ufmg.br\/proex\/wp-json\/wp\/v2\/pages\/6614\/revisions\/8730"}],"up":[{"embeddable":true,"href":"https:\/\/www.ufmg.br\/proex\/wp-json\/wp\/v2\/pages\/6516"}],"wp:attachment":[{"href":"https:\/\/www.ufmg.br\/proex\/wp-json\/wp\/v2\/media?parent=6614"}],"wp:term":[{"taxonomy":"post_tag","embeddable":true,"href":"https:\/\/www.ufmg.br\/proex\/wp-json\/wp\/v2\/tags?post=6614"}],"curies":[{"name":"wp","href":"https:\/\/api.w.org\/{rel}","templated":true}]}}