{"id":6619,"date":"2022-11-24T14:42:15","date_gmt":"2022-11-24T17:42:15","guid":{"rendered":"https:\/\/www.ufmg.br\/proex\/?page_id=6619"},"modified":"2022-11-24T16:18:10","modified_gmt":"2022-11-24T19:18:10","slug":"assinaturaeletronica","status":"publish","type":"page","link":"https:\/\/www.ufmg.br\/proex\/compras\/assinaturaeletronica\/","title":{"rendered":"Assinatura Eletr\u00f4nica"},"content":{"rendered":"<p>Assinatura GOV &#8211; A assinatura eletr\u00f4nica permite que voc\u00ea assine um documento em meio digital a partir da sua conta <a href=\"https:\/\/www.gov.br\/pt-br\" target=\"_blank\" rel=\"noopener\">gov.br<\/a>.<\/p>\n<p>O documento com a assinatura digital tem a mesma validade de um documento com assinatura f\u00edsica e \u00e9 regulamentado pelo Decreto N\u00ba 10.543, de 13\/11\/2020.<\/p>\n<p><a href=\"https:\/\/www.ufmg.br\/proex\/wp-content\/uploads\/2022\/11\/6-Tutorial-Assinatura-Eletronica-site-GOV.pdf\" target=\"_blank\" rel=\"noopener\">Tutorial Assinatura Eletr\u00f4nica site GOV<\/a><\/p>\n<p><a href=\"https:\/\/www.ufmg.br\/proex\/wp-content\/uploads\/2022\/11\/6-MANUAL-DO-USUARIO-EXTERNO-SEI-UFMG.pdf\" target=\"_blank\" rel=\"noopener\">Assinatura Externa SEI<\/a> &#8211; Destinado a alunos e membros externos \u00e0 comunidade UFMG que necessitem interagir com processos no SEI.<\/p>\n<p><a href=\"https:\/\/sei.ufmg.br\/wp-content\/uploads\/2020\/11\/fluxograma_cadastro_usuario_externo.png\" target=\"_blank\" rel=\"noopener\">Fluxograma cadastro de usu\u00e1rio externo SEI<\/a><\/p>\n<p>&nbsp;<\/p>\n<p>&nbsp;<\/p>\n<p>&nbsp;<\/p>\n","protected":false},"excerpt":{"rendered":"<p>Assinatura GOV &#8211; A assinatura eletr\u00f4nica permite que voc\u00ea assine [&hellip;]<\/p>\n","protected":false},"author":2,"featured_media":0,"parent":6516,"menu_order":0,"comment_status":"closed","ping_status":"closed","template":"","meta":[],"tags":[351,23],"_links":{"self":[{"href":"https:\/\/www.ufmg.br\/proex\/wp-json\/wp\/v2\/pages\/6619"}],"collection":[{"href":"https:\/\/www.ufmg.br\/proex\/wp-json\/wp\/v2\/pages"}],"about":[{"href":"https:\/\/www.ufmg.br\/proex\/wp-json\/wp\/v2\/types\/page"}],"author":[{"embeddable":true,"href":"https:\/\/www.ufmg.br\/proex\/wp-json\/wp\/v2\/users\/2"}],"replies":[{"embeddable":true,"href":"https:\/\/www.ufmg.br\/proex\/wp-json\/wp\/v2\/comments?post=6619"}],"version-history":[{"count":12,"href":"https:\/\/www.ufmg.br\/proex\/wp-json\/wp\/v2\/pages\/6619\/revisions"}],"predecessor-version":[{"id":6677,"href":"https:\/\/www.ufmg.br\/proex\/wp-json\/wp\/v2\/pages\/6619\/revisions\/6677"}],"up":[{"embeddable":true,"href":"https:\/\/www.ufmg.br\/proex\/wp-json\/wp\/v2\/pages\/6516"}],"wp:attachment":[{"href":"https:\/\/www.ufmg.br\/proex\/wp-json\/wp\/v2\/media?parent=6619"}],"wp:term":[{"taxonomy":"post_tag","embeddable":true,"href":"https:\/\/www.ufmg.br\/proex\/wp-json\/wp\/v2\/tags?post=6619"}],"curies":[{"name":"wp","href":"https:\/\/api.w.org\/{rel}","templated":true}]}}