{"id":6866,"date":"2022-12-15T11:52:35","date_gmt":"2022-12-15T14:52:35","guid":{"rendered":"https:\/\/www.ufmg.br\/proex\/?page_id=6866"},"modified":"2026-04-13T12:05:47","modified_gmt":"2026-04-13T15:05:47","slug":"eventos","status":"publish","type":"page","link":"https:\/\/www.ufmg.br\/proex\/eventos\/","title":{"rendered":"Eventos 2026"},"content":{"rendered":"<p><i class=\"wp-svg-calendar calendar\"><\/i> <strong>25\u00aa<\/strong> <strong>Jornada de Extens\u00e3o<br \/>\n<\/strong>Espa\u00e7o de encontro de extensionistas, trocas, est\u00edmulo a novas iniciativas e aproxima\u00e7\u00e3o de estudantes, professores, coordenadores, t\u00e9cnicos e representantes das comunidades parceiras nas atividades de extens\u00e3o da UFMG.<br \/>\n<strong>Data<\/strong>: 27 a 29 de abril<br \/>\n<strong>Onde<\/strong>: campus Pampulha<br \/>\n<a href=\"https:\/\/www.ufmg.br\/proex\/jornadadeextensaoufmg\/\" target=\"_blank\" rel=\"noopener\">Mais informa\u00e7\u00f5es<\/a><\/p>\n<p><i class=\"wp-svg-calendar calendar\"><\/i> <strong>14\u00aa Semana de Sa\u00fade Mental e Inclus\u00e3o Social<br \/>\n<\/strong>O objetivo \u00e9 contribuir para o fortalecimento do debate p\u00fablico sobre o tema. A programa\u00e7\u00e3o conta com eventos propostos em parceria com os movimentos sociais, sindicais, conselhos profissionais e coletivos.<br \/>\n<strong>Data:<\/strong> 18 e 22 de maio<br \/>\n<strong>Onde<\/strong>: campus Pampulha<br \/>\n<a href=\"https:\/\/www.ufmg.br\/semanasaudemental\/\" target=\"_blank\" rel=\"noopener\">Mais informa\u00e7\u00f5es<\/a><\/p>\n<p><i class=\"wp-svg-calendar calendar\"><\/i> <strong>Domingo no campus<br \/>\n<\/strong>A UFMG refor\u00e7a sua dimens\u00e3o p\u00fablica e promove, anualmente, em seus <em>campi, <\/em>atividades recreativas, culturais, de lazer e esportivas gratuitas e abertas \u00e0 popula\u00e7\u00e3o.<br \/>\n<strong>Data\/onde<\/strong>: 14 de junho (Campus Pampulha e Montes Claros); 6 de setembro (Campus Pampulha).<br \/>\n<a href=\"https:\/\/www.ufmg.br\/proex\/domingonocampus\/\" target=\"_blank\" rel=\"noopener\">Mais informa\u00e7\u00f5es<\/a><br \/>\n<a href=\"https:\/\/www.facebook.com\/domingonocampusufmg\/?ref=page_internal\" target=\"_blank\" rel=\"noopener\">Facebook do evento<\/a><\/p>\n<p><i class=\"wp-svg-calendar calendar\"><\/i><strong> 27\u00aa UFMG Jovem<br \/>\n<\/strong>A feira da educa\u00e7\u00e3o b\u00e1sica da UFMG promove o interc\u00e2mbio e a troca de experi\u00eancias entre a comunidade universit\u00e1ria e os professores e estudantes das escolas das redes p\u00fablica e privada da educa\u00e7\u00e3o infantil, ensino fundamental e ensino m\u00e9dio.<br \/>\n<strong>Data<\/strong>: 1 e 2 de outubro<br \/>\n<strong>Onde<\/strong>: campus Pampulha<br \/>\n<a href=\"https:\/\/www.ufmg.br\/ufmgjovem\/\" target=\"_blank\" rel=\"noopener\">Mais informa\u00e7\u00f5es<\/a><\/p>\n<p><i class=\"wp-svg-calendar calendar\"><\/i> <strong>29\u00ba Encontro de Extens\u00e3o (Semana do Conhecimento)<br \/>\n<\/strong>O evento divulga as atividades de extens\u00e3o desenvolvidas na UFMG e proporciona a troca de saberes e conhecimentos entre os estudantes bolsistas e volunt\u00e1rios, que apresentam seus trabalhos e experi\u00eancias de relev\u00e2ncia acad\u00eamica e social e concorrem \u00e0s principais distin\u00e7\u00f5es da Universidade.<br \/>\n<strong>Data<\/strong>: 21 de outubro<br \/>\n<strong>Onde<\/strong>: campus Pampulha<br \/>\n<a href=\"https:\/\/www.ufmg.br\/semanadoconhecimento\/\" target=\"_blank\" rel=\"noopener\">Mais informa\u00e7\u00f5es<\/a><\/p>\n<p><i class=\"wp-svg-calendar calendar\"><\/i><strong> 7\u00aa Jornada de Direitos Humanos<br \/>\n<\/strong>O objetivo \u00e9 fortalecer a articula\u00e7\u00e3o das a\u00e7\u00f5es da Universidade em di\u00e1logo com outros setores da sociedade, visando \u00e0 promo\u00e7\u00e3o e defesa dos direitos humanos como constru\u00e7\u00e3o coletiva. A programa\u00e7\u00e3o prev\u00ea palestras, rodas de conversa, confer\u00eancias, atividades art\u00edsticas e culturais e muito mais.<br \/>\n<strong>Data<\/strong>: 25 de novembro<br \/>\n<strong>Onde<\/strong>: campus Pampulha<br \/>\n<a href=\"https:\/\/www.ufmg.br\/proex\/jornadadh\/\" target=\"_blank\" rel=\"noopener\">Mais informa\u00e7\u00f5es<\/a><\/p>\n<p><i class=\"wp-svg-calendar calendar\"><\/i><strong> Escola de educa\u00e7\u00e3o em Direitos Humanos<br \/>\n<\/strong>Curso de extens\u00e3o que se prop\u00f5e a promover reflex\u00f5es aprofundadas acerca do contexto dos direitos humanos, com participa\u00e7\u00e3o principalmente de estudantes, docentes e t\u00e9cnicos de universidades, profissionais e gestores p\u00fablicos, professores da educa\u00e7\u00e3o b\u00e1sica e participantes de organiza\u00e7\u00f5es governamentais e n\u00e3o governamentais. As aulas s\u00e3o ministradas por docentes de universidades p\u00fablicas da AL.<br \/>\n<strong>Data<\/strong>: 24 a 28 de fevereiro 2025 (\u00faltima edi\u00e7\u00e3o)<br \/>\n<strong>Onde<\/strong>: campus Pampulha<br \/>\n<a href=\"https:\/\/www.ufmg.br\/proex\/escoladeveraodh\/\" target=\"_blank\" rel=\"noopener\">Mais informa\u00e7\u00f5es<\/a><\/p>\n<p>&nbsp;<\/p>\n","protected":false},"excerpt":{"rendered":"<p>25\u00aa Jornada de Extens\u00e3o Espa\u00e7o de encontro de extensionistas, trocas, [&hellip;]<\/p>\n","protected":false},"author":2,"featured_media":0,"parent":0,"menu_order":0,"comment_status":"closed","ping_status":"closed","template":"","meta":[],"tags":[731,25,29],"_links":{"self":[{"href":"https:\/\/www.ufmg.br\/proex\/wp-json\/wp\/v2\/pages\/6866"}],"collection":[{"href":"https:\/\/www.ufmg.br\/proex\/wp-json\/wp\/v2\/pages"}],"about":[{"href":"https:\/\/www.ufmg.br\/proex\/wp-json\/wp\/v2\/types\/page"}],"author":[{"embeddable":true,"href":"https:\/\/www.ufmg.br\/proex\/wp-json\/wp\/v2\/users\/2"}],"replies":[{"embeddable":true,"href":"https:\/\/www.ufmg.br\/proex\/wp-json\/wp\/v2\/comments?post=6866"}],"version-history":[{"count":61,"href":"https:\/\/www.ufmg.br\/proex\/wp-json\/wp\/v2\/pages\/6866\/revisions"}],"predecessor-version":[{"id":17604,"href":"https:\/\/www.ufmg.br\/proex\/wp-json\/wp\/v2\/pages\/6866\/revisions\/17604"}],"wp:attachment":[{"href":"https:\/\/www.ufmg.br\/proex\/wp-json\/wp\/v2\/media?parent=6866"}],"wp:term":[{"taxonomy":"post_tag","embeddable":true,"href":"https:\/\/www.ufmg.br\/proex\/wp-json\/wp\/v2\/tags?post=6866"}],"curies":[{"name":"wp","href":"https:\/\/api.w.org\/{rel}","templated":true}]}}