{"id":7065,"date":"2023-02-03T16:18:55","date_gmt":"2023-02-03T18:18:55","guid":{"rendered":"https:\/\/www.ufmg.br\/proex\/?page_id=7065"},"modified":"2023-02-03T16:20:37","modified_gmt":"2023-02-03T18:20:37","slug":"laboratorio-idea-real","status":"publish","type":"page","link":"https:\/\/www.ufmg.br\/proex\/laboratorio-idea-real\/","title":{"rendered":"Laborat\u00f3rio Idea Real"},"content":{"rendered":"<p data-pm-slice=\"1 1 []\">Est\u00e1 aberto o edital que visa selecionar 01 bolsista de extens\u00e3o na modalidade PBEXT para atua\u00e7\u00e3o no Projeto Idea Real &#8211; Laborat\u00f3rio Aberto Dedicado \u00e0 Biologia Sint\u00e9tica no ICB.<\/p>\n<p>As inscri\u00e7\u00f5es devem ser realizadas entre os dias <strong>01 e 10 de fevereiro de 2023.<\/strong><\/p>\n<p>Podem se candidatar estudantes de qualquer curso de gradua\u00e7\u00e3o, e \u00e0quele(a) selecionado(a) ser\u00e3o atribu\u00eddas atividades como: gera\u00e7\u00e3o de conte\u00fado de divulga\u00e7\u00e3o cient\u00edfica relacionados com a atua\u00e7\u00e3o do laborat\u00f3rio IdeaReal, gest\u00e3o de redes sociais e site do projeto, dentre outras similares.<\/p>\n<p><strong>Inscri\u00e7\u00f5es<\/strong><\/p>\n<p>Os(As) interessados(as) dever\u00e3o se inscrever por meio do preenchimento completo do <a href=\"https:\/\/docs.google.com\/forms\/d\/e\/1FAIpQLSfFvZcEoC0tOIJrB7XtR-pofhZggrxdVIz96fF17aLqyClklg\/viewform\" target=\"_blank\" rel=\"noopener\">formul\u00e1rio eletr\u00f4nico<\/a>, e anexar os seguintes documentos:<\/p>\n<p>&#8211; Hist\u00f3rico Escolar atualizado, incluindo o Rendimento Semestral Global;<\/p>\n<p>&#8211; Curr\u00edculo atualizado (pode ser ou n\u00e3o o curr\u00edulo Lattes).<\/p>\n<p>A sele\u00e7\u00e3o \u00e9 composta por uma avalia\u00e7\u00e3o escrita, seguida pela an\u00e1lise do curr\u00edculo e por uma entrevista.<\/p>\n<p>O resultado final do processo ser\u00e1 comunicado a(0)s candidatos(as) via e-mail no dia 23 de fevereiro de 2023.<\/p>\n<p>Confira outras informa\u00e7\u00f5es no <a href=\"https:\/\/www.ufmg.br\/proex\/wp-content\/uploads\/2023\/02\/Edital-Selecao-de-Bolsistas-IdeaReal.pdf\" target=\"_blank\" rel=\"noopener\">Edital<\/a>.<\/p>\n","protected":false},"excerpt":{"rendered":"<p>Est\u00e1 aberto o edital que visa selecionar 01 bolsista de [&hellip;]<\/p>\n","protected":false},"author":2,"featured_media":0,"parent":0,"menu_order":0,"comment_status":"closed","ping_status":"closed","template":"","meta":[],"tags":[],"_links":{"self":[{"href":"https:\/\/www.ufmg.br\/proex\/wp-json\/wp\/v2\/pages\/7065"}],"collection":[{"href":"https:\/\/www.ufmg.br\/proex\/wp-json\/wp\/v2\/pages"}],"about":[{"href":"https:\/\/www.ufmg.br\/proex\/wp-json\/wp\/v2\/types\/page"}],"author":[{"embeddable":true,"href":"https:\/\/www.ufmg.br\/proex\/wp-json\/wp\/v2\/users\/2"}],"replies":[{"embeddable":true,"href":"https:\/\/www.ufmg.br\/proex\/wp-json\/wp\/v2\/comments?post=7065"}],"version-history":[{"count":3,"href":"https:\/\/www.ufmg.br\/proex\/wp-json\/wp\/v2\/pages\/7065\/revisions"}],"predecessor-version":[{"id":7070,"href":"https:\/\/www.ufmg.br\/proex\/wp-json\/wp\/v2\/pages\/7065\/revisions\/7070"}],"wp:attachment":[{"href":"https:\/\/www.ufmg.br\/proex\/wp-json\/wp\/v2\/media?parent=7065"}],"wp:term":[{"taxonomy":"post_tag","embeddable":true,"href":"https:\/\/www.ufmg.br\/proex\/wp-json\/wp\/v2\/tags?post=7065"}],"curies":[{"name":"wp","href":"https:\/\/api.w.org\/{rel}","templated":true}]}}