{"id":7073,"date":"2025-12-22T07:43:23","date_gmt":"2025-12-22T10:43:23","guid":{"rendered":"https:\/\/www.ufmg.br\/proex\/?page_id=7073"},"modified":"2025-12-22T10:54:32","modified_gmt":"2025-12-22T13:54:32","slug":"bordas-da-imagem","status":"publish","type":"page","link":"https:\/\/www.ufmg.br\/proex\/bordas-da-imagem\/","title":{"rendered":"Projeto Bordas da Imagem"},"content":{"rendered":"<p data-pm-slice=\"1 1 []\">O projeto Bordas da Imagem, vinculado \u00e0 Escola de Belas Artes da UFMG, est\u00e1 com inscri\u00e7\u00f5es abertas para preenchimento de bolsa de extens\u00e3o (1 vaga).<\/p>\n<p>Podem se candidatar estudantes de qualquer curso de gradua\u00e7\u00e3o da UFMG, a partir do 2\u00ba per\u00edodo. \u00c9 necess\u00e1rio disponibilidade para cumprir 20 horas semanais e presenciais na Escola de Belas Artes, no campus Pampulha da universidade.<\/p>\n<p><strong>Valor da bolsa<\/strong>: R$ 700,00 (Pbext 2026)<br \/>\n<strong>Vig\u00eancia<\/strong>: mar\u00e7o de 2026 a fevereiro de 2027<\/p>\n<p>As inscri\u00e7\u00f5es v\u00e3o de <strong>2 de janeiro a<\/strong> <strong>26 de janeiro de 2026<\/strong>, por meio de <a href=\"https:\/\/forms.gle\/pkCCrQ8YLASizV7Z6\" target=\"_blank\" rel=\"noopener\">formul\u00e1rio eletr\u00f4nico<\/a>.<\/p>\n<p>No ato da inscri\u00e7\u00e3o, o (a) candidato (a) deve enviar hist\u00f3rico escolar, comprovante de matr\u00edcula no 2\u00ba semestre de 2025 e link para Curr\u00edculo Lattes atualizado<em>.<\/em><\/p>\n<p><strong>Atividades desenvolvidas<\/strong><\/p>\n<p>O (a) bolsista atuar\u00e1 em diversas atividades como:<\/p>\n<ul>\n<li>Planejamento, organiza\u00e7\u00e3o e media\u00e7\u00e3o do Grupo de Estudo, incluindo etapas de inscri\u00e7\u00f5es, apoio aos participantes externos, organiza\u00e7\u00e3o das plataformas envolvidas etc.<\/li>\n<li>Planejamento, organiza\u00e7\u00e3o, produ\u00e7\u00e3o e divulga\u00e7\u00e3o das Rodas de Di\u00e1logo<\/li>\n<li>Organiza\u00e7\u00e3o e manuten\u00e7\u00e3o do site e de redes sociais do projeto<\/li>\n<li>Elabora\u00e7\u00e3o de relat\u00f3rios e outras atividades de avalia\u00e7\u00e3o interna<\/li>\n<\/ul>\n<p>As informa\u00e7\u00f5es completas est\u00e3o no <a href=\"https:\/\/www.ufmg.br\/proex\/wp-content\/uploads\/2025\/12\/SEI_4837720_Edital_3409-bolsista_Bordas_da_Imagem.pdf\" target=\"_blank\" rel=\"noopener\">edital 3409\/2025.<\/a><\/p>\n<p><strong>Sobre o projeto<\/strong><\/p>\n<p>O Bordas da Imagem \u00e9 um projeto de extens\u00e3o coordenado pelo professor Eduardo Queiroga. A iniciativa \u00e9 focada em processos criativos e autoria na fotografia. Atualmente promove um Grupo de Estudos com encontros on-line, al\u00e9m de Rodas de Di\u00e1logos com artistas convidados e o Po\u00e9ticas do Bordas, consistindo em apresenta\u00e7\u00f5es e conversas sobre as produ\u00e7\u00f5es dos participantes do grupo.<\/p>\n<p>Outras informa\u00e7\u00f5es do projeto est\u00e3o em seu <a href=\"https:\/\/bordasdaimagem.wordpress.com\" target=\"_blank\" rel=\"noopener\">site<\/a> e <a href=\"https:\/\/www.instagram.com\/bordasdaimagem\" target=\"_blank\" rel=\"noopener\">Instagram<\/a>.<\/p>\n","protected":false},"excerpt":{"rendered":"<p>O projeto Bordas da Imagem, vinculado \u00e0 Escola de Belas [&hellip;]<\/p>\n","protected":false},"author":2,"featured_media":0,"parent":0,"menu_order":0,"comment_status":"closed","ping_status":"closed","template":"","meta":[],"tags":[191,751,23],"_links":{"self":[{"href":"https:\/\/www.ufmg.br\/proex\/wp-json\/wp\/v2\/pages\/7073"}],"collection":[{"href":"https:\/\/www.ufmg.br\/proex\/wp-json\/wp\/v2\/pages"}],"about":[{"href":"https:\/\/www.ufmg.br\/proex\/wp-json\/wp\/v2\/types\/page"}],"author":[{"embeddable":true,"href":"https:\/\/www.ufmg.br\/proex\/wp-json\/wp\/v2\/users\/2"}],"replies":[{"embeddable":true,"href":"https:\/\/www.ufmg.br\/proex\/wp-json\/wp\/v2\/comments?post=7073"}],"version-history":[{"count":27,"href":"https:\/\/www.ufmg.br\/proex\/wp-json\/wp\/v2\/pages\/7073\/revisions"}],"predecessor-version":[{"id":16928,"href":"https:\/\/www.ufmg.br\/proex\/wp-json\/wp\/v2\/pages\/7073\/revisions\/16928"}],"wp:attachment":[{"href":"https:\/\/www.ufmg.br\/proex\/wp-json\/wp\/v2\/media?parent=7073"}],"wp:term":[{"taxonomy":"post_tag","embeddable":true,"href":"https:\/\/www.ufmg.br\/proex\/wp-json\/wp\/v2\/tags?post=7073"}],"curies":[{"name":"wp","href":"https:\/\/api.w.org\/{rel}","templated":true}]}}