{"id":7077,"date":"2023-02-06T12:28:28","date_gmt":"2023-02-06T14:28:28","guid":{"rendered":"https:\/\/www.ufmg.br\/proex\/?page_id=7077"},"modified":"2023-11-07T16:56:49","modified_gmt":"2023-11-07T19:56:49","slug":"nucleo-de-astronomia-espaco-do-conhecimento","status":"publish","type":"page","link":"https:\/\/www.ufmg.br\/proex\/nucleo-de-astronomia-espaco-do-conhecimento\/","title":{"rendered":"N\u00facleo de Astronomia Espa\u00e7o do Conhecimento"},"content":{"rendered":"<p>Est\u00e3o abertas as inscri\u00e7\u00f5es para bolsa de extens\u00e3o no N\u00facleo de Astronomia do Espa\u00e7o do Conhecimento<\/p>\n<p><strong>Vagas:\u00a0<\/strong>01\u00a0(uma)<\/p>\n<p><strong>Inscri\u00e7\u00f5es<\/strong>: As inscri\u00e7\u00f5es ser\u00e3o realizadas de\u00a0<strong>06 a 19 de novembro<\/strong>, atrav\u00e9s do <a href=\"https:\/\/forms.gle\/6Qunro83GUTC3sFYA\" target=\"_blank\" rel=\"noopener\">formul\u00e1rio eletr\u00f4nico.<\/a><\/p>\n<p><strong>Per\u00edodo de vig\u00eancia da bolsa<\/strong>: at\u00e9 28\/02\/2024<\/p>\n<p><strong>Valor da bolsa<\/strong>: R$ 700,00<\/p>\n<p><strong>Carga-hor\u00e1ria<\/strong>: 20 horas semanais<\/p>\n<p><strong>Pr\u00e9-requisitos:<\/strong><\/p>\n<p>\u2013 Estar matriculado\u00a0<em>preferencialmente<\/em>\u00a0nos cursos de gradua\u00e7\u00e3o da \u00e1rea de Ci\u00eancias da Natureza (F\u00edsica, Biologia, Qu\u00edmica, Geologia e Geografia) da UFMG;<\/p>\n<p>\u2013 Ter\u00a0<em>preferencialmente<\/em>\u00a0experi\u00eancias pr\u00e9vias em atividades com a astronomia ou observa\u00e7\u00e3o do c\u00e9u;<\/p>\n<p>\u2013 Ter disponibilidade de 20 horas semanais para dedica\u00e7\u00e3o \u00e0s atividades de extens\u00e3o (media\u00e7\u00e3o de exposi\u00e7\u00f5es, participa\u00e7\u00e3o em oficinas e outras atividades presenciais e remotas)<\/p>\n<p>\u2013 N\u00e3o ter v\u00ednculo empregat\u00edcio ou ac\u00famulo de bolsas no per\u00edodo de desenvolvimento do projeto;<\/p>\n<p>\u2013 Estar dispon\u00edvel para assumir a bolsa\u00a0<strong>em dezembro de 2023;<\/strong><\/p>\n<p>\u2013 Caso seja selecionado para a bolsa, possuir conta corrente no Banco do Brasil, da qual seja o \u00fanico titular.<\/p>\n<p><b>Resultados:<\/b><\/p>\n<p>Os resultados finais ser\u00e3o divulgados at\u00e9 o dia 30 de novembro de 2023.<\/p>\n<p>Acesse as informa\u00e7\u00f5es completas no <a href=\"https:\/\/www.ufmg.br\/espacodoconhecimento\/wp-content\/uploads\/2023\/11\/Edital-11-2023-N%C3%BAcleo-de-Astronomia.pdf\" target=\"_blank\" rel=\"noopener\">Edital 11-2023.<\/a><\/p>\n","protected":false},"excerpt":{"rendered":"<p>Est\u00e3o abertas as inscri\u00e7\u00f5es para bolsa de extens\u00e3o no N\u00facleo [&hellip;]<\/p>\n","protected":false},"author":2,"featured_media":0,"parent":0,"menu_order":0,"comment_status":"closed","ping_status":"closed","template":"","meta":[],"tags":[],"_links":{"self":[{"href":"https:\/\/www.ufmg.br\/proex\/wp-json\/wp\/v2\/pages\/7077"}],"collection":[{"href":"https:\/\/www.ufmg.br\/proex\/wp-json\/wp\/v2\/pages"}],"about":[{"href":"https:\/\/www.ufmg.br\/proex\/wp-json\/wp\/v2\/types\/page"}],"author":[{"embeddable":true,"href":"https:\/\/www.ufmg.br\/proex\/wp-json\/wp\/v2\/users\/2"}],"replies":[{"embeddable":true,"href":"https:\/\/www.ufmg.br\/proex\/wp-json\/wp\/v2\/comments?post=7077"}],"version-history":[{"count":4,"href":"https:\/\/www.ufmg.br\/proex\/wp-json\/wp\/v2\/pages\/7077\/revisions"}],"predecessor-version":[{"id":10972,"href":"https:\/\/www.ufmg.br\/proex\/wp-json\/wp\/v2\/pages\/7077\/revisions\/10972"}],"wp:attachment":[{"href":"https:\/\/www.ufmg.br\/proex\/wp-json\/wp\/v2\/media?parent=7077"}],"wp:term":[{"taxonomy":"post_tag","embeddable":true,"href":"https:\/\/www.ufmg.br\/proex\/wp-json\/wp\/v2\/tags?post=7077"}],"curies":[{"name":"wp","href":"https:\/\/api.w.org\/{rel}","templated":true}]}}