{"id":7083,"date":"2023-02-08T14:30:36","date_gmt":"2023-02-08T16:30:36","guid":{"rendered":"https:\/\/www.ufmg.br\/proex\/?page_id=7083"},"modified":"2023-08-16T09:24:01","modified_gmt":"2023-08-16T12:24:01","slug":"cedecom","status":"publish","type":"page","link":"https:\/\/www.ufmg.br\/proex\/cedecom\/","title":{"rendered":"Centro de Comunica\u00e7\u00e3o da UFMG"},"content":{"rendered":"<p>O Centro de Comunica\u00e7\u00e3o (Cedecom\/UFMG) recebe, <strong>at\u00e9 22 de agosto de 2023 (at\u00e9 \u00e0s 17h), <\/strong>inscri\u00e7\u00f5es para preencher uma vaga de bolsa de extens\u00e3o. A oportunidade \u00e9 para estudantes de gradua\u00e7\u00e3o da Universidade a partir do 3\u00ba per\u00edodo de jornalismo.<\/p>\n<p>As vagas s\u00e3o oferecidas nas modalidades PBEXT relativas ao programa <em>CONEX\u00d5ES: Comunica\u00e7\u00e3o institucional no cen\u00e1rio contempor\u00e2neo<\/em> para atuar na R\u00e1dio UFMG Educativa \u2013 N\u00facleo de Produ\u00e7\u00e3o<em>.<\/em><\/p>\n<p>O <a href=\"https:\/\/www.ufmg.br\/proex\/wp-content\/uploads\/2023\/08\/Edital-09-2023-PROEX.pdf\" target=\"_blank\" rel=\"noopener\">edital de sele\u00e7\u00e3o<\/a> tem vig\u00eancias de 6 meses (de setembro\/2023 a fevereiro\/2024).<\/p>\n<p>Os requisitos para a inscri\u00e7\u00e3o s\u00e3o:<br \/>\n\u2013 Estar regularmente matriculado na gradua\u00e7\u00e3o;<br \/>\n\u2013 Ter disponibilidade e compromisso para cumprir 12 horas semanais;<br \/>\n\u2013 N\u00e3o estar recebendo nenhum outro tipo de bolsa acad\u00eamica.<\/p>\n<p>Os (as) interessados (as) devem encaminhar a documenta\u00e7\u00e3o (listada abaixo) para o e-mail:\u00a0 estagioscedecom@gmail.com com o assunto: \u201cSele\u00e7\u00e3o de bolsistas 09\/23\u201d.<\/p>\n<p>Documentos para inscri\u00e7\u00e3o:<br \/>\n&#8211; C\u00f3pia do Hist\u00f3rico Escolar da gradua\u00e7\u00e3o atualizado (dispon\u00edvel no Siga Minha UFMG);<br \/>\n&#8211; C\u00f3pia do Comprovante de Matr\u00edcula com QR Code em PDF (dispon\u00edvel no Siga Minha UFMG);<br \/>\n&#8211; Curr\u00edculo completo com endere\u00e7o residencial e telefones de contato;<br \/>\n&#8211; Carta explicando o interesse em integrar como bolsista a equipe do Cedecom e explicitando os motivos de escolha do n\u00facleo em quest\u00e3o. Esta carta ser\u00e1 considerada a<br \/>\nprova escrita;<\/p>\n<p>As demais informa\u00e7\u00f5es devem ser consultadas no edital.<\/p>\n","protected":false},"excerpt":{"rendered":"<p>O Centro de Comunica\u00e7\u00e3o (Cedecom\/UFMG) recebe, at\u00e9 22 de agosto [&hellip;]<\/p>\n","protected":false},"author":2,"featured_media":0,"parent":0,"menu_order":0,"comment_status":"closed","ping_status":"closed","template":"","meta":[],"tags":[],"_links":{"self":[{"href":"https:\/\/www.ufmg.br\/proex\/wp-json\/wp\/v2\/pages\/7083"}],"collection":[{"href":"https:\/\/www.ufmg.br\/proex\/wp-json\/wp\/v2\/pages"}],"about":[{"href":"https:\/\/www.ufmg.br\/proex\/wp-json\/wp\/v2\/types\/page"}],"author":[{"embeddable":true,"href":"https:\/\/www.ufmg.br\/proex\/wp-json\/wp\/v2\/users\/2"}],"replies":[{"embeddable":true,"href":"https:\/\/www.ufmg.br\/proex\/wp-json\/wp\/v2\/comments?post=7083"}],"version-history":[{"count":15,"href":"https:\/\/www.ufmg.br\/proex\/wp-json\/wp\/v2\/pages\/7083\/revisions"}],"predecessor-version":[{"id":9608,"href":"https:\/\/www.ufmg.br\/proex\/wp-json\/wp\/v2\/pages\/7083\/revisions\/9608"}],"wp:attachment":[{"href":"https:\/\/www.ufmg.br\/proex\/wp-json\/wp\/v2\/media?parent=7083"}],"wp:term":[{"taxonomy":"post_tag","embeddable":true,"href":"https:\/\/www.ufmg.br\/proex\/wp-json\/wp\/v2\/tags?post=7083"}],"curies":[{"name":"wp","href":"https:\/\/api.w.org\/{rel}","templated":true}]}}