{"id":7098,"date":"2023-02-09T13:14:44","date_gmt":"2023-02-09T15:14:44","guid":{"rendered":"https:\/\/www.ufmg.br\/proex\/?page_id=7098"},"modified":"2024-02-23T10:07:51","modified_gmt":"2024-02-23T13:07:51","slug":"projeto-comunidade-e-cultura","status":"publish","type":"page","link":"https:\/\/www.ufmg.br\/proex\/projeto-comunidade-e-cultura\/","title":{"rendered":"Projeto Comunidade e cultura"},"content":{"rendered":"<p><strong>At\u00e9 5 de mar\u00e7o de 2024<\/strong>, est\u00e3o abertas as inscri\u00e7\u00f5es em processo de sele\u00e7\u00e3o (1 vaga) para o projeto <em>Comunidade e cultura: criando espa\u00e7os de (para) mem\u00f3ria e informa\u00e7\u00e3o em comunidades, <\/em>coordenado pela professora Eliane Cristina de Freitas Rocha, da Escola de Ci\u00eancia da Informa\u00e7\u00e3o (ECI\/UFMG).<\/p>\n<p>Podem participar estudantes de gradua\u00e7\u00e3o da UFMG dos seguintes cursos: Jornalismo, Publicidade e Propaganda, Rela\u00e7\u00f5es P\u00fablicas, Museologia, Arquivologia, Biblioteconomia, matriculado a partir do terceiro per\u00edodo.<\/p>\n<p>As inscri\u00e7\u00f5es devem ser realizadas pelo e-mail <a href=\"mailto:prof.elianecfr@gmail.com\">prof.elianecfr@gmail.com<\/a>. Os (as) candidatos (as) devem enviar os seguintes documentos:<\/p>\n<ul>\n<li>Hist\u00f3rico escolar (pode ser o que o aluno possui acesso no SIGA);<\/li>\n<li>Comprovante de matr\u00edcula no 1\u00ba semestre de 2024 (digital);<\/li>\n<li>Curriculum Lattes (obrigat\u00f3rio cadastro na plataforma e envio apenas do link);<\/li>\n<li>Pequena reda\u00e7\u00e3o relatando o porqu\u00ea do interesse pelo projeto de extens\u00e3o;<\/li>\n<li>Dados pessoais para contato: nome completo, telefone e e-mail.<\/li>\n<\/ul>\n<p>Vig\u00eancia da bolsa: mar\u00e7o de 2024 a fevereiro de 2025.<\/p>\n<p>Outras informa\u00e7\u00f5es importantes devem ser consultadas no<a href=\"https:\/\/cenex.eci.ufmg.br\/wp-content\/uploads\/2024\/02\/Edital-3-2024-ECI-Cenex.pdf\" target=\"_blank\" rel=\"noopener\"> edital de sele\u00e7\u00e3o.<\/a><\/p>\n<p>&nbsp;<\/p>\n","protected":false},"excerpt":{"rendered":"<p>At\u00e9 5 de mar\u00e7o de 2024, est\u00e3o abertas as inscri\u00e7\u00f5es [&hellip;]<\/p>\n","protected":false},"author":2,"featured_media":0,"parent":0,"menu_order":0,"comment_status":"closed","ping_status":"closed","template":"","meta":[],"tags":[191,805,23],"_links":{"self":[{"href":"https:\/\/www.ufmg.br\/proex\/wp-json\/wp\/v2\/pages\/7098"}],"collection":[{"href":"https:\/\/www.ufmg.br\/proex\/wp-json\/wp\/v2\/pages"}],"about":[{"href":"https:\/\/www.ufmg.br\/proex\/wp-json\/wp\/v2\/types\/page"}],"author":[{"embeddable":true,"href":"https:\/\/www.ufmg.br\/proex\/wp-json\/wp\/v2\/users\/2"}],"replies":[{"embeddable":true,"href":"https:\/\/www.ufmg.br\/proex\/wp-json\/wp\/v2\/comments?post=7098"}],"version-history":[{"count":19,"href":"https:\/\/www.ufmg.br\/proex\/wp-json\/wp\/v2\/pages\/7098\/revisions"}],"predecessor-version":[{"id":11727,"href":"https:\/\/www.ufmg.br\/proex\/wp-json\/wp\/v2\/pages\/7098\/revisions\/11727"}],"wp:attachment":[{"href":"https:\/\/www.ufmg.br\/proex\/wp-json\/wp\/v2\/media?parent=7098"}],"wp:term":[{"taxonomy":"post_tag","embeddable":true,"href":"https:\/\/www.ufmg.br\/proex\/wp-json\/wp\/v2\/tags?post=7098"}],"curies":[{"name":"wp","href":"https:\/\/api.w.org\/{rel}","templated":true}]}}