{"id":7146,"date":"2023-02-13T12:00:47","date_gmt":"2023-02-13T14:00:47","guid":{"rendered":"https:\/\/www.ufmg.br\/proex\/?page_id=7146"},"modified":"2023-06-06T14:16:40","modified_gmt":"2023-06-06T17:16:40","slug":"lingua-alema-cenex-fale","status":"publish","type":"page","link":"https:\/\/www.ufmg.br\/proex\/lingua-alema-cenex-fale\/","title":{"rendered":"L\u00edngua Alem\u00e3 &#8211; Cenex\/FALE"},"content":{"rendered":"<p>At\u00e9 o dia <strong>18 de junho<\/strong>, est\u00e3o abertas as inscri\u00e7\u00f5es para sele\u00e7\u00e3o de estagi\u00e1rios(as) e bolsistas junto ao Centro de Extens\u00e3o da FALE\/UFMG, para L\u00edngua Alem\u00e3.<\/p>\n<p>Podem se candidatar ao processo estudantes regularmente matriculados na gradua\u00e7\u00e3o de Letras da UFMG (habilita\u00e7\u00e3o em Alem\u00e3o &#8211; licenciatura ou bacharelado), que tenham cursado, com aprova\u00e7\u00e3o, a disciplina L\u00edngua Alem\u00e3 IV; Tamb\u00e9m podem se inscrever estudantes de outra habilita\u00e7\u00e3o e alunos(as) vinculados(as) \u00e0 p\u00f3s-gradua\u00e7\u00e3o da FALE, desde que comprovem matr\u00edcula no respectivo curso e sua profici\u00eancia em L\u00edngua Alem\u00e3, por meio de certificados; ou mediante comprova\u00e7\u00e3o de disciplinas cursadas na FALE\/UFMG ou em Universidade estrangeiras.<\/p>\n<p>O est\u00e1gio ou a bolsa possuir\u00e1 a dura\u00e7\u00e3o de 20h. semanais e a vig\u00eancia de 4 meses. Para se inscrever, \u00e9 necess\u00e1rio preencher um <a href=\"https:\/\/docs.google.com\/forms\/d\/e\/1FAIpQLScMjvs5VvKYkoRQb6PAO73O84XwWEU4t-_TiuQdLnE-2Xtn9g\/viewform\" target=\"_blank\" rel=\"noopener\">formul\u00e1rio eletr\u00f4nico<\/a> e anexar a seguinte documenta\u00e7\u00e3o:<\/p>\n<p>&#8211; Estudantes de gradua\u00e7\u00e3o: c\u00f3pia do comprovante de matr\u00edcula do semestre e hist\u00f3rico escolar (ser\u00e1 aceito o hist\u00f3rico escolar emitido pela Internet);<\/p>\n<p>&#8211; Estudantes de p\u00f3s-gradua\u00e7\u00e3o: c\u00f3pia do comprovante de matr\u00edcula do semestre e comprovante de profici\u00eancia em Alem\u00e3o.<\/p>\n<p>A forma de sele\u00e7\u00e3o consistir\u00e1 em entrevista em ambiente virtual (dia 21\/06, \u00e0s 10h) e prova did\u00e1tica em ambiente virtual (dia 26\/06, \u00e0s 15h).<\/p>\n<p>O resultado final da sele\u00e7\u00e3o ser\u00e1 divulgado por e-mail pela Secret\u00e1ria o Cenex no dia 27 de junho de 2023.<\/p>\n<p>Demais informa\u00e7\u00f5es, como etapas de processo seletivo, devem ser consultadas no <a href=\"https:\/\/www.ufmg.br\/proex\/wp-content\/uploads\/2023\/06\/ED-063-2023-Selecao-CENEX-Alemao.pdf\" target=\"_blank\" rel=\"noopener\">Edital 063\/2023 -FALE\/UFMG.<\/a><\/p>\n","protected":false},"excerpt":{"rendered":"<p>At\u00e9 o dia 18 de junho, est\u00e3o abertas as inscri\u00e7\u00f5es [&hellip;]<\/p>\n","protected":false},"author":2,"featured_media":0,"parent":0,"menu_order":0,"comment_status":"closed","ping_status":"closed","template":"","meta":[],"tags":[],"_links":{"self":[{"href":"https:\/\/www.ufmg.br\/proex\/wp-json\/wp\/v2\/pages\/7146"}],"collection":[{"href":"https:\/\/www.ufmg.br\/proex\/wp-json\/wp\/v2\/pages"}],"about":[{"href":"https:\/\/www.ufmg.br\/proex\/wp-json\/wp\/v2\/types\/page"}],"author":[{"embeddable":true,"href":"https:\/\/www.ufmg.br\/proex\/wp-json\/wp\/v2\/users\/2"}],"replies":[{"embeddable":true,"href":"https:\/\/www.ufmg.br\/proex\/wp-json\/wp\/v2\/comments?post=7146"}],"version-history":[{"count":4,"href":"https:\/\/www.ufmg.br\/proex\/wp-json\/wp\/v2\/pages\/7146\/revisions"}],"predecessor-version":[{"id":8675,"href":"https:\/\/www.ufmg.br\/proex\/wp-json\/wp\/v2\/pages\/7146\/revisions\/8675"}],"wp:attachment":[{"href":"https:\/\/www.ufmg.br\/proex\/wp-json\/wp\/v2\/media?parent=7146"}],"wp:term":[{"taxonomy":"post_tag","embeddable":true,"href":"https:\/\/www.ufmg.br\/proex\/wp-json\/wp\/v2\/tags?post=7146"}],"curies":[{"name":"wp","href":"https:\/\/api.w.org\/{rel}","templated":true}]}}