{"id":7155,"date":"2023-02-13T12:28:59","date_gmt":"2023-02-13T14:28:59","guid":{"rendered":"https:\/\/www.ufmg.br\/proex\/?page_id=7155"},"modified":"2023-02-13T12:28:59","modified_gmt":"2023-02-13T14:28:59","slug":"entre-paginas","status":"publish","type":"page","link":"https:\/\/www.ufmg.br\/proex\/entre-paginas\/","title":{"rendered":"Entre P\u00e1ginas"},"content":{"rendered":"<p>A coordena\u00e7\u00e3o do projeto <em>Entre P\u00e1ginas: leitura para crian\u00e7as e adolescentes em hospitais<\/em>, recebe, <strong>at\u00e9 dia 21 de fevereiro de 2023<\/strong>, inscri\u00e7\u00f5es de candidatos(as)\u00a0 para o exame de sele\u00e7\u00e3o do referido projeto de extens\u00e3o.<\/p>\n<p>Podem participar estudantes regularmente matriculados(as) no curso de\u00a0Letras\u00a0da UFMG,\u00a0que possuam conhecimentos e habilidades adequadas para o bom exerc\u00edcio do plano de trabalho previsto para o(a) bolsista, que compreende atividades de media\u00e7\u00e3o de leitura a crian\u00e7as e adolescentes internados no Hospital das Cl\u00ednicas (HC-UFMG), organiza\u00e7\u00e3o de eventos de empagina\u00e7\u00e3o de livros, atualiza\u00e7\u00e3o do site do projeto, entre outras atividades que ser\u00e3o definidas juntamente com a coordena\u00e7\u00e3o do projeto.<\/p>\n<p>Para se inscrever \u00e9 necess\u00e1rio preencher um <a href=\"https:\/\/forms.gle\/sL511M9i8LoZEY959\" target=\"_blank\" rel=\"noopener\">formul\u00e1rio eletr\u00f4nico<\/a> e anexar os seguintes documentos:<\/p>\n<p>&#8211; Carteira de Identidade e CPF;<br \/>\n&#8211; Hist\u00f3rico escolar atualizado at\u00e9 o segundo semestre de 2022;<br \/>\n&#8211;\u00a0Curr\u00edculo em PDF apresentando as principais experi\u00eancias pessoais e acad\u00eamicas;<br \/>\n&#8211; Carta de inten\u00e7\u00f5es em PDF destacando suas experi\u00eancias anteriores relacionadas \u00e0 media\u00e7\u00e3o de leitura, e justificando o interesse em participar do projeto de extens\u00e3o.<\/p>\n<p>O resultado final ser\u00e1 divulgado ap\u00f3s delibera\u00e7\u00e3o da coordena\u00e7\u00e3o do projeto.<\/p>\n<p>Mais informa\u00e7\u00f5es, como etapas do processo seletivo e dura\u00e7\u00e3o da bolsa, podem ser consultadas no <a href=\"https:\/\/www.ufmg.br\/proex\/wp-content\/uploads\/2023\/02\/ED-004-2023-Proj.-Entre-Paginas.pdf\" target=\"_blank\" rel=\"noopener\">Edital 004\/2023 &#8211; FALE\/UFMG<\/a>.<\/p>\n","protected":false},"excerpt":{"rendered":"<p>A coordena\u00e7\u00e3o do projeto Entre P\u00e1ginas: leitura para crian\u00e7as e [&hellip;]<\/p>\n","protected":false},"author":2,"featured_media":0,"parent":0,"menu_order":0,"comment_status":"closed","ping_status":"closed","template":"","meta":[],"tags":[],"_links":{"self":[{"href":"https:\/\/www.ufmg.br\/proex\/wp-json\/wp\/v2\/pages\/7155"}],"collection":[{"href":"https:\/\/www.ufmg.br\/proex\/wp-json\/wp\/v2\/pages"}],"about":[{"href":"https:\/\/www.ufmg.br\/proex\/wp-json\/wp\/v2\/types\/page"}],"author":[{"embeddable":true,"href":"https:\/\/www.ufmg.br\/proex\/wp-json\/wp\/v2\/users\/2"}],"replies":[{"embeddable":true,"href":"https:\/\/www.ufmg.br\/proex\/wp-json\/wp\/v2\/comments?post=7155"}],"version-history":[{"count":1,"href":"https:\/\/www.ufmg.br\/proex\/wp-json\/wp\/v2\/pages\/7155\/revisions"}],"predecessor-version":[{"id":7157,"href":"https:\/\/www.ufmg.br\/proex\/wp-json\/wp\/v2\/pages\/7155\/revisions\/7157"}],"wp:attachment":[{"href":"https:\/\/www.ufmg.br\/proex\/wp-json\/wp\/v2\/media?parent=7155"}],"wp:term":[{"taxonomy":"post_tag","embeddable":true,"href":"https:\/\/www.ufmg.br\/proex\/wp-json\/wp\/v2\/tags?post=7155"}],"curies":[{"name":"wp","href":"https:\/\/api.w.org\/{rel}","templated":true}]}}