{"id":7187,"date":"2025-08-08T14:11:59","date_gmt":"2025-08-08T17:11:59","guid":{"rendered":"https:\/\/www.ufmg.br\/proex\/?page_id=7187"},"modified":"2025-08-08T11:23:28","modified_gmt":"2025-08-08T14:23:28","slug":"acoes-de-esporte-e-lazer-no-ceu","status":"publish","type":"page","link":"https:\/\/www.ufmg.br\/proex\/acoes-de-esporte-e-lazer-no-ceu\/","title":{"rendered":"Projeto A\u00e7\u00f5es de Esporte e Lazer no CEU"},"content":{"rendered":"<p>O projeto <a href=\"https:\/\/www.ufmg.br\/ceu\/app\/site\/home\" target=\"_blank\" rel=\"noopener\">A\u00e7\u00f5es de Esporte e Lazer no CEU\/UFMG<\/a> est\u00e1 com inscri\u00e7\u00f5es abertas, at\u00e9 <strong>15 de agosto de 2025<\/strong>, para sele\u00e7\u00e3o de bolsista de extens\u00e3o (Pbext).<\/p>\n<p>A oportunidade \u00e9 destinada a alunos(as) da UFMG dos cursos de Jornalismo, Publicidade e Propaganda ou Rela\u00e7\u00f5es P\u00fablicas a partir do 3\u00ba per\u00edodo.<\/p>\n<p>O estudante vai desenvolver atividades de comunica\u00e7\u00e3o e divulga\u00e7\u00e3o relacionadas ao projeto.<\/p>\n<p><strong>Valor da bolsa<\/strong>: 700 mensais<br \/>\n<strong>Vig\u00eancia<\/strong>: seis meses, a partir de agosto de 2025<\/p>\n<p>Os(as) candidatos(as) devem ter disponibilidade de 20 horas semanais, no turno da manh\u00e3 ou da tarde, incluindo finais de semana e feriados, n\u00e3o possuir outro tipo de bolsa, e estar regularmente matriculados(as) na Universidade.<\/p>\n<p>As inscri\u00e7\u00f5es devem ser feitas por meio de envio de curr\u00edculo para o e-mail <a href=\"mailto:sadm@ceu.ufmg.br\" target=\"_blank\" rel=\"noopener\">sadm@ceu.ufmg.br<\/a><\/p>\n<p>O exame de sele\u00e7\u00e3o compreender\u00e1:<\/p>\n<ul>\n<li>An\u00e1lise de curr\u00edculo<\/li>\n<li>Prova escrita \u2013 elabora\u00e7\u00e3o de lead noticioso<\/li>\n<li>Entrevista<\/li>\n<\/ul>\n<p>As informa\u00e7\u00f5es completas est\u00e3o no <a href=\"https:\/\/www.ufmg.br\/ceu\/storage_assets\/informes\/anexo_informe_784.pdf\" target=\"_blank\" rel=\"noopener\">edital de sele\u00e7\u00e3o.<\/a><\/p>\n<p>&nbsp;<\/p>\n<p>&nbsp;<\/p>\n","protected":false},"excerpt":{"rendered":"<p>O projeto A\u00e7\u00f5es de Esporte e Lazer no CEU\/UFMG est\u00e1 [&hellip;]<\/p>\n","protected":false},"author":2,"featured_media":0,"parent":0,"menu_order":0,"comment_status":"closed","ping_status":"closed","template":"","meta":[],"tags":[191,23,25,29],"_links":{"self":[{"href":"https:\/\/www.ufmg.br\/proex\/wp-json\/wp\/v2\/pages\/7187"}],"collection":[{"href":"https:\/\/www.ufmg.br\/proex\/wp-json\/wp\/v2\/pages"}],"about":[{"href":"https:\/\/www.ufmg.br\/proex\/wp-json\/wp\/v2\/types\/page"}],"author":[{"embeddable":true,"href":"https:\/\/www.ufmg.br\/proex\/wp-json\/wp\/v2\/users\/2"}],"replies":[{"embeddable":true,"href":"https:\/\/www.ufmg.br\/proex\/wp-json\/wp\/v2\/comments?post=7187"}],"version-history":[{"count":14,"href":"https:\/\/www.ufmg.br\/proex\/wp-json\/wp\/v2\/pages\/7187\/revisions"}],"predecessor-version":[{"id":16208,"href":"https:\/\/www.ufmg.br\/proex\/wp-json\/wp\/v2\/pages\/7187\/revisions\/16208"}],"wp:attachment":[{"href":"https:\/\/www.ufmg.br\/proex\/wp-json\/wp\/v2\/media?parent=7187"}],"wp:term":[{"taxonomy":"post_tag","embeddable":true,"href":"https:\/\/www.ufmg.br\/proex\/wp-json\/wp\/v2\/tags?post=7187"}],"curies":[{"name":"wp","href":"https:\/\/api.w.org\/{rel}","templated":true}]}}