{"id":725,"date":"2021-08-06T15:13:08","date_gmt":"2021-08-06T18:13:08","guid":{"rendered":"https:\/\/www.ufmg.br\/proex\/?page_id=725"},"modified":"2021-12-06T10:46:00","modified_gmt":"2021-12-06T13:46:00","slug":"internacionalizacao-da-extensao","status":"publish","type":"page","link":"https:\/\/www.ufmg.br\/proex\/documentos\/internacionalizacao-da-extensao\/","title":{"rendered":"Internacionaliza\u00e7\u00e3o"},"content":{"rendered":"<p>A UFMG tem ocupado um espa\u00e7o importante na produ\u00e7\u00e3o do conhecimento cient\u00edfico, art\u00edstico e tecnol\u00f3gico. A oferta social deste conhecimento, e com base no princ\u00edpio da indissociabilidade ensino, pesquisa e extens\u00e3o, tem garantido a articula\u00e7\u00e3o pol\u00edtica de suas a\u00e7\u00f5es com excel\u00eancia, relev\u00e2ncia e legitimidade social.<\/p>\n<p>Confira o\u00a0<a href=\"https:\/\/www.ufmg.br\/proex\/wp-content\/uploads\/2021\/12\/Relatorio-SEMINARIOS-DE-INTERNACIONALIZACAO-Extensao-em-Pauta.pdf\" target=\"_blank\" rel=\"noopener\"><u>relat\u00f3rio do Semin\u00e1rios de Internacionaliza\u00e7\u00e3o na UFMG: Extens\u00e3o em pauta<\/u><\/a>.<\/p>\n<p>&nbsp;<\/p>\n<p>&nbsp;<\/p>\n<p>&nbsp;<\/p>\n<p>&nbsp;<\/p>\n<p>&nbsp;<\/p>\n<p>&nbsp;<\/p>\n<p>&nbsp;<\/p>\n","protected":false},"excerpt":{"rendered":"<p>A UFMG tem ocupado um espa\u00e7o importante na produ\u00e7\u00e3o do [&hellip;]<\/p>\n","protected":false},"author":2,"featured_media":0,"parent":467,"menu_order":0,"comment_status":"closed","ping_status":"closed","template":"","meta":[],"tags":[49,51,265,23,25,307,29,4],"_links":{"self":[{"href":"https:\/\/www.ufmg.br\/proex\/wp-json\/wp\/v2\/pages\/725"}],"collection":[{"href":"https:\/\/www.ufmg.br\/proex\/wp-json\/wp\/v2\/pages"}],"about":[{"href":"https:\/\/www.ufmg.br\/proex\/wp-json\/wp\/v2\/types\/page"}],"author":[{"embeddable":true,"href":"https:\/\/www.ufmg.br\/proex\/wp-json\/wp\/v2\/users\/2"}],"replies":[{"embeddable":true,"href":"https:\/\/www.ufmg.br\/proex\/wp-json\/wp\/v2\/comments?post=725"}],"version-history":[{"count":7,"href":"https:\/\/www.ufmg.br\/proex\/wp-json\/wp\/v2\/pages\/725\/revisions"}],"predecessor-version":[{"id":3870,"href":"https:\/\/www.ufmg.br\/proex\/wp-json\/wp\/v2\/pages\/725\/revisions\/3870"}],"up":[{"embeddable":true,"href":"https:\/\/www.ufmg.br\/proex\/wp-json\/wp\/v2\/pages\/467"}],"wp:attachment":[{"href":"https:\/\/www.ufmg.br\/proex\/wp-json\/wp\/v2\/media?parent=725"}],"wp:term":[{"taxonomy":"post_tag","embeddable":true,"href":"https:\/\/www.ufmg.br\/proex\/wp-json\/wp\/v2\/tags?post=725"}],"curies":[{"name":"wp","href":"https:\/\/api.w.org\/{rel}","templated":true}]}}