{"id":7388,"date":"2023-02-24T16:21:18","date_gmt":"2023-02-24T18:21:18","guid":{"rendered":"https:\/\/www.ufmg.br\/proex\/?page_id=7388"},"modified":"2023-02-24T16:21:18","modified_gmt":"2023-02-24T18:21:18","slug":"articulando-espacos-de-formacao-inicial-e-continuada-de-professores-de-ciencia","status":"publish","type":"page","link":"https:\/\/www.ufmg.br\/proex\/articulando-espacos-de-formacao-inicial-e-continuada-de-professores-de-ciencia\/","title":{"rendered":"Articulando Espa\u00e7os de Forma\u00e7\u00e3o Inicial e Continuada de Professores de Ci\u00eancia"},"content":{"rendered":"<p>O programa <em>Articulando Espa\u00e7os de Forma\u00e7\u00e3o Inicial e Continuada de Professores de Ci\u00eancia, <\/em>da Faculdade de Educa\u00e7\u00e3o (FaE\/UFMG), recebe de inscri\u00e7\u00f5es, <strong>de 2 a 9 de mar\u00e7o de 2023<\/strong>, para duas bolsas de extens\u00e3o: uma vaga na modalidade PBEXT e uma vaga na modalidade PBEXT A\u00e7\u00e3o Afirmativa.<\/p>\n<p>O processo seletivo visa selecionar estudantes de gradua\u00e7\u00e3o da UFMG matriculados em cursos de Licenciatura em Qu\u00edmica; ou Licenciatura em F\u00edsica; ou Licenciatura em Ci\u00eancias Biol\u00f3gicas.<\/p>\n<p>As inscri\u00e7\u00f5es s\u00e3o recebidas exclusivamente pelo\u00a0e-mail <span id=\"cloak4cf16f43f0a4f0ee65707ba9899ce217\"><a href=\"mailto:cecimigufmg@gmail.com\">cecimigufmg@gmail.com<\/a><\/span>, identificando-se no campo assunto (a depender da vaga):<em>\u00a0sele\u00e7\u00e3o PBEXT 2023<\/em> e\/ou <em>sele\u00e7\u00e3o PBEXT-AF 2023. <\/em>Os (as) interessados (as) dever\u00e3o apresentar os seguintes documentos digitalizados:<br \/>\n&#8211; Hist\u00f3rico Escolar;<br \/>\n&#8211; Texto contendo uma exposi\u00e7\u00e3o dos motivos que levaram o estudante a pleitear sua participa\u00e7\u00e3o no projeto, em uma lauda, com fonte Arial 12 e espa\u00e7amento entre linhas de 1,5;<br \/>\n&#8211; Comprovantes para concorrer a vaga de bolsa PBEXT AF (A\u00e7\u00f5es Afirmativas): comprovante de classifica\u00e7\u00e3o socioeconomicamente nos n\u00edveis I, II e III da Funda\u00e7\u00e3o Universit\u00e1ria Mendes Pimentel (Fump) ou de\u00a0 ingresso na UFMG pelo sistema de cotas.<\/p>\n<p>Para saber mais informa\u00e7\u00f5es desta oportunidade, consulte o <a href=\"https:\/\/www.cecimig.fae.ufmg.br\/noticias\/eventos\/168-bolsas-de-extensao\" target=\"_blank\" rel=\"noopener\">site do Cecimg.<\/a><\/p>\n","protected":false},"excerpt":{"rendered":"<p>O programa Articulando Espa\u00e7os de Forma\u00e7\u00e3o Inicial e Continuada de [&hellip;]<\/p>\n","protected":false},"author":2,"featured_media":0,"parent":0,"menu_order":0,"comment_status":"closed","ping_status":"closed","template":"","meta":[],"tags":[],"_links":{"self":[{"href":"https:\/\/www.ufmg.br\/proex\/wp-json\/wp\/v2\/pages\/7388"}],"collection":[{"href":"https:\/\/www.ufmg.br\/proex\/wp-json\/wp\/v2\/pages"}],"about":[{"href":"https:\/\/www.ufmg.br\/proex\/wp-json\/wp\/v2\/types\/page"}],"author":[{"embeddable":true,"href":"https:\/\/www.ufmg.br\/proex\/wp-json\/wp\/v2\/users\/2"}],"replies":[{"embeddable":true,"href":"https:\/\/www.ufmg.br\/proex\/wp-json\/wp\/v2\/comments?post=7388"}],"version-history":[{"count":8,"href":"https:\/\/www.ufmg.br\/proex\/wp-json\/wp\/v2\/pages\/7388\/revisions"}],"predecessor-version":[{"id":7396,"href":"https:\/\/www.ufmg.br\/proex\/wp-json\/wp\/v2\/pages\/7388\/revisions\/7396"}],"wp:attachment":[{"href":"https:\/\/www.ufmg.br\/proex\/wp-json\/wp\/v2\/media?parent=7388"}],"wp:term":[{"taxonomy":"post_tag","embeddable":true,"href":"https:\/\/www.ufmg.br\/proex\/wp-json\/wp\/v2\/tags?post=7388"}],"curies":[{"name":"wp","href":"https:\/\/api.w.org\/{rel}","templated":true}]}}