{"id":7398,"date":"2023-02-24T16:57:49","date_gmt":"2023-02-24T18:57:49","guid":{"rendered":"https:\/\/www.ufmg.br\/proex\/?page_id=7398"},"modified":"2023-02-27T10:13:36","modified_gmt":"2023-02-27T13:13:36","slug":"assessoria-de-comunicacao-social-e-divulgacao-cientifica-do-icb","status":"publish","type":"page","link":"https:\/\/www.ufmg.br\/proex\/assessoria-de-comunicacao-social-e-divulgacao-cientifica-do-icb\/","title":{"rendered":"Assessoria de Comunica\u00e7\u00e3o Social e Divulga\u00e7\u00e3o Cient\u00edfica do ICB"},"content":{"rendered":"<p>O projeto <em>Suporte de Comunica\u00e7\u00e3o Institucional ICB UFMG<\/em> recebe inscri\u00e7\u00f5es, <strong>at\u00e9<\/strong> <strong>28 de fevereiro,<\/strong> para selecionar um bolsista de extens\u00e3o na modalidade PBEXT.<\/p>\n<p>Podem se inscrever estudantes de gradua\u00e7\u00e3o da UFMG, a partir do 4\u00ba per\u00edodo, do curso de Comunica\u00e7\u00e3o Social (Jornalismo, Rela\u00e7\u00f5es P\u00fablicas e Publicidade) e tamb\u00e9m dos outros cursos da UFMG, desde que o candidato apresente perfil, habilidades e trajet\u00f3ria compat\u00edveis com as atividades previstas, sendo principalmente: atuar na produ\u00e7\u00e3o de not\u00edcias, grava\u00e7\u00e3o de v\u00eddeos e fotografia de temas cient\u00edficos e\/ou administrativos para diferentes plataformas digitais (Instagram, Facebook, Youtube, LinkedIn, ResearchGate, Academia.Edu, Twitter&#8230;).<\/p>\n<p>As inscri\u00e7\u00f5es ser\u00e3o recebidas pelo e-mail <a href=\"mailto:comunica@icb.ufmg.br\" target=\"_blank\" rel=\"noopener\">comunica@icb.ufmg.br<\/a>, devendo o candidato identificar no campo o termo <em>bolsista 2023<\/em>. O (a) interessado (a) deve enviar os seguintes documentos:<\/p>\n<p>&#8211; Hist\u00f3rico Escolar;<br \/>\n&#8211; Curr\u00edculo Vitae (e Portfolio, caso tenha);<br \/>\n&#8211; Texto expondo os motivos que levaram a\/o estudante a pleitear sua participa\u00e7\u00e3o no \u00e2mbito da divulga\u00e7\u00e3o cient\u00edfica, em uma lauda, com fonte Arial 12 e espa\u00e7amento entre linhas de 1,5.<\/p>\n<p>As demais informa\u00e7\u00f5es devem ser consultadas no <a href=\"https:\/\/www.icb.ufmg.br\/images\/2023\/Janeiro\/Edital.Timbrado.Sele%C3%A7%C3%A3o.Bolsista.Proex.JAN2023.pdf\" target=\"_blank\" rel=\"noopener\">edital de sele\u00e7\u00e3o.<\/a><\/p>\n","protected":false},"excerpt":{"rendered":"<p>O projeto Suporte de Comunica\u00e7\u00e3o Institucional ICB UFMG recebe inscri\u00e7\u00f5es, [&hellip;]<\/p>\n","protected":false},"author":2,"featured_media":0,"parent":0,"menu_order":0,"comment_status":"closed","ping_status":"closed","template":"","meta":[],"tags":[],"_links":{"self":[{"href":"https:\/\/www.ufmg.br\/proex\/wp-json\/wp\/v2\/pages\/7398"}],"collection":[{"href":"https:\/\/www.ufmg.br\/proex\/wp-json\/wp\/v2\/pages"}],"about":[{"href":"https:\/\/www.ufmg.br\/proex\/wp-json\/wp\/v2\/types\/page"}],"author":[{"embeddable":true,"href":"https:\/\/www.ufmg.br\/proex\/wp-json\/wp\/v2\/users\/2"}],"replies":[{"embeddable":true,"href":"https:\/\/www.ufmg.br\/proex\/wp-json\/wp\/v2\/comments?post=7398"}],"version-history":[{"count":10,"href":"https:\/\/www.ufmg.br\/proex\/wp-json\/wp\/v2\/pages\/7398\/revisions"}],"predecessor-version":[{"id":7431,"href":"https:\/\/www.ufmg.br\/proex\/wp-json\/wp\/v2\/pages\/7398\/revisions\/7431"}],"wp:attachment":[{"href":"https:\/\/www.ufmg.br\/proex\/wp-json\/wp\/v2\/media?parent=7398"}],"wp:term":[{"taxonomy":"post_tag","embeddable":true,"href":"https:\/\/www.ufmg.br\/proex\/wp-json\/wp\/v2\/tags?post=7398"}],"curies":[{"name":"wp","href":"https:\/\/api.w.org\/{rel}","templated":true}]}}