{"id":747,"date":"2021-08-06T16:46:05","date_gmt":"2021-08-06T19:46:05","guid":{"rendered":"https:\/\/www.ufmg.br\/proex\/?page_id=747"},"modified":"2021-12-06T10:41:20","modified_gmt":"2021-12-06T13:41:20","slug":"relatorios-de-gestao","status":"publish","type":"page","link":"https:\/\/www.ufmg.br\/proex\/documentos\/relatorios-de-gestao\/","title":{"rendered":"Relat\u00f3rios de Gest\u00e3o"},"content":{"rendered":"<p class=\"divisao\"><u><a href=\"https:\/\/www.ufmg.br\/proex\/wp-content\/uploads\/2021\/12\/Relatorio-de-Gestao-PROEX-2010-2014.pdf\" target=\"_blank\" rel=\"noopener\">Relat\u00f3rio de Gest\u00e3o Proex 2010-2014<\/a><\/u><\/p>\n<div id=\"caixa_texto\">\n<p><a href=\"https:\/\/www.ufmg.br\/proex\/wp-content\/uploads\/2021\/12\/Relatorio-2006.pdf\" target=\"_blank\" rel=\"noopener\">Relat\u00f3rio PROEX\/2006<\/a><\/p>\n<p><a href=\"https:\/\/www.ufmg.br\/proex\/wp-content\/uploads\/2021\/12\/RELATORIO2005.pdf\" target=\"_blank\" rel=\"noopener\">Relat\u00f3rio PROEX\/2005<\/a><\/p>\n<p><a href=\"https:\/\/www.ufmg.br\/proex\/wp-content\/uploads\/2021\/12\/Relatorio2004.pdf\" target=\"_blank\" rel=\"noopener\">Relat\u00f3rio PROEX\/2004<\/a><\/p>\n<p><a href=\"https:\/\/www.ufmg.br\/proex\/wp-content\/uploads\/2021\/12\/Relatorio2003.pdf\" target=\"_blank\" rel=\"noopener\">Relat\u00f3rio PROEX\/2003<\/a><\/p>\n<p><a href=\"https:\/\/www.ufmg.br\/proex\/wp-content\/uploads\/2021\/12\/relatorio2002.pdf\" target=\"_blank\" rel=\"noopener\">Relat\u00f3rio PROEX\/2002<\/a><\/p>\n<p><a href=\"https:\/\/www.ufmg.br\/proex\/wp-content\/uploads\/2021\/12\/relatorio2001.pdf\" target=\"_blank\" rel=\"noopener\">Retrospectiva da Extens\u00e3o \/ UFMG &#8211; 1998 \u2013 2001<\/a><\/p>\n<p><a href=\"https:\/\/www.ufmg.br\/proex\/wp-content\/uploads\/2021\/12\/relatorio2000.pdf\" target=\"_blank\" rel=\"noopener\">Relat\u00f3rio PROEX\/2000<\/a><br \/>\n<a href=\"https:\/\/www.ufmg.br\/proex\/wp-content\/uploads\/2021\/12\/tabelas2000.pdf\" target=\"_blank\" rel=\"noopener\">Relat\u00f3rio PROEX\/2000 &#8211; Tabelas<\/a><\/p>\n<p><a href=\"https:\/\/www.ufmg.br\/proex\/wp-content\/uploads\/2021\/12\/Relatorio98.pdf\" target=\"_blank\" rel=\"noopener\">Relat\u00f3rio PROEX\/1998<\/a><\/p>\n<\/div>\n<p>&nbsp;<\/p>\n<p>&nbsp;<\/p>\n<p>&nbsp;<\/p>\n<p>&nbsp;<\/p>\n<p>&nbsp;<\/p>\n","protected":false},"excerpt":{"rendered":"<p>Relat\u00f3rio de Gest\u00e3o Proex 2010-2014 Relat\u00f3rio PROEX\/2006 Relat\u00f3rio PROEX\/2005 Relat\u00f3rio [&hellip;]<\/p>\n","protected":false},"author":2,"featured_media":0,"parent":467,"menu_order":0,"comment_status":"closed","ping_status":"closed","template":"","meta":[],"tags":[49,51,23,25,329,29,331,4],"_links":{"self":[{"href":"https:\/\/www.ufmg.br\/proex\/wp-json\/wp\/v2\/pages\/747"}],"collection":[{"href":"https:\/\/www.ufmg.br\/proex\/wp-json\/wp\/v2\/pages"}],"about":[{"href":"https:\/\/www.ufmg.br\/proex\/wp-json\/wp\/v2\/types\/page"}],"author":[{"embeddable":true,"href":"https:\/\/www.ufmg.br\/proex\/wp-json\/wp\/v2\/users\/2"}],"replies":[{"embeddable":true,"href":"https:\/\/www.ufmg.br\/proex\/wp-json\/wp\/v2\/comments?post=747"}],"version-history":[{"count":5,"href":"https:\/\/www.ufmg.br\/proex\/wp-json\/wp\/v2\/pages\/747\/revisions"}],"predecessor-version":[{"id":3868,"href":"https:\/\/www.ufmg.br\/proex\/wp-json\/wp\/v2\/pages\/747\/revisions\/3868"}],"up":[{"embeddable":true,"href":"https:\/\/www.ufmg.br\/proex\/wp-json\/wp\/v2\/pages\/467"}],"wp:attachment":[{"href":"https:\/\/www.ufmg.br\/proex\/wp-json\/wp\/v2\/media?parent=747"}],"wp:term":[{"taxonomy":"post_tag","embeddable":true,"href":"https:\/\/www.ufmg.br\/proex\/wp-json\/wp\/v2\/tags?post=747"}],"curies":[{"name":"wp","href":"https:\/\/api.w.org\/{rel}","templated":true}]}}