{"id":7605,"date":"2025-06-02T08:06:26","date_gmt":"2025-06-02T11:06:26","guid":{"rendered":"https:\/\/www.ufmg.br\/proex\/?page_id=7605"},"modified":"2026-03-13T21:23:34","modified_gmt":"2026-03-14T00:23:34","slug":"tembichonoparque","status":"publish","type":"page","link":"https:\/\/www.ufmg.br\/proex\/tembichonoparque\/","title":{"rendered":"Projeto Tem bicho no Parque?"},"content":{"rendered":"<p>O projeto <em>Tem bicho no Parque?, <\/em>do Coltec\/UFMG, oferece uma bolsa de Desenvolvimento em Ci\u00eancia, Tecnologia e Inova\u00e7\u00e3o, financiada pela Funda\u00e7\u00e3o de Amparo \u00e0 Pesquisa do Estado de Minas Gerais (Fapemig).<\/p>\n<p>A oportunidade \u00e9 destinada exclusivamente a <strong>graduados (gradua\u00e7\u00e3o completa)<\/strong> nos cursos de <strong>Artes Visuais<\/strong> ou <strong>Design<\/strong>.<\/p>\n<p>Per\u00edodo de inscri\u00e7\u00f5es: <strong>14 a 21 de mar\u00e7o de 2026.<\/strong><\/p>\n<p><strong>Valor da bolsa<\/strong>: R$ 1.936,00\/mensal<br \/>\n<strong>Vig\u00eancia<\/strong>: abril a novembro de 2026 (8 meses)<\/p>\n<p>O(a) bolsista selecionado(a) atuar\u00e1 na cria\u00e7\u00e3o de materiais educativos e de divulga\u00e7\u00e3o cient\u00edfica voltados \u00e0 conserva\u00e7\u00e3o da biodiversidade da Mata Atl\u00e2ntica. As atividades a serem desenvolvidas est\u00e3o detalhadas na chamada de sele\u00e7\u00e3o.<\/p>\n<p><strong>Como se inscrever<br \/>\n<\/strong>O(a) interessado(a) deve realizar a inscri\u00e7\u00e3o por meio de <a href=\"https:\/\/forms.gle\/7v9jCgWnzF1EJ1x99\" target=\"_blank\" rel=\"noopener\">formul\u00e1rio eletr\u00f4nico<\/a>. \u00c9 necess\u00e1rio enviar os seguintes documentos:<\/p>\n<ul>\n<li>Curriculum vitae ou lattes, em formato PDF;<\/li>\n<li>Diploma ou certificado de conclus\u00e3o do curso de gradua\u00e7\u00e3o, em formato PDF;<\/li>\n<li>Um par\u00e1grafo com exposi\u00e7\u00e3o dos motivos para se candidatar a bolsa (m\u00e1ximo 250 palavras);<\/li>\n<li>Uma proposta de post para a <a href=\"https:\/\/www.instagram.com\/tembichonoparque\/\" target=\"_blank\" rel=\"noopener\">rede social do projeto<\/a> ou uma ilustra\u00e7\u00e3o relacionada a um dos temas do projeto.<\/li>\n<li>Link do portf\u00f3lio<\/li>\n<\/ul>\n<p>Confira as informa\u00e7\u00f5es completas na <a href=\"https:\/\/www.ufmg.br\/proex\/wp-content\/uploads\/2026\/03\/Edital-de-Selecao-de-Bolsista-FAPEMIG_2026_assinado.pdf\" target=\"_blank\" rel=\"noopener\">chamada<\/a>.<\/p>\n<p>&nbsp;<\/p>\n<p>&nbsp;<\/p>\n","protected":false},"excerpt":{"rendered":"<p>O projeto Tem bicho no Parque?, do Coltec\/UFMG, oferece uma [&hellip;]<\/p>\n","protected":false},"author":2,"featured_media":0,"parent":0,"menu_order":0,"comment_status":"closed","ping_status":"closed","template":"","meta":[],"tags":[191,23,29],"_links":{"self":[{"href":"https:\/\/www.ufmg.br\/proex\/wp-json\/wp\/v2\/pages\/7605"}],"collection":[{"href":"https:\/\/www.ufmg.br\/proex\/wp-json\/wp\/v2\/pages"}],"about":[{"href":"https:\/\/www.ufmg.br\/proex\/wp-json\/wp\/v2\/types\/page"}],"author":[{"embeddable":true,"href":"https:\/\/www.ufmg.br\/proex\/wp-json\/wp\/v2\/users\/2"}],"replies":[{"embeddable":true,"href":"https:\/\/www.ufmg.br\/proex\/wp-json\/wp\/v2\/comments?post=7605"}],"version-history":[{"count":57,"href":"https:\/\/www.ufmg.br\/proex\/wp-json\/wp\/v2\/pages\/7605\/revisions"}],"predecessor-version":[{"id":17336,"href":"https:\/\/www.ufmg.br\/proex\/wp-json\/wp\/v2\/pages\/7605\/revisions\/17336"}],"wp:attachment":[{"href":"https:\/\/www.ufmg.br\/proex\/wp-json\/wp\/v2\/media?parent=7605"}],"wp:term":[{"taxonomy":"post_tag","embeddable":true,"href":"https:\/\/www.ufmg.br\/proex\/wp-json\/wp\/v2\/tags?post=7605"}],"curies":[{"name":"wp","href":"https:\/\/api.w.org\/{rel}","templated":true}]}}