{"id":7685,"date":"2023-03-06T12:32:53","date_gmt":"2023-03-06T15:32:53","guid":{"rendered":"https:\/\/www.ufmg.br\/proex\/?page_id=7685"},"modified":"2023-10-26T16:16:35","modified_gmt":"2023-10-26T19:16:35","slug":"florestania","status":"publish","type":"page","link":"https:\/\/www.ufmg.br\/proex\/florestania\/","title":{"rendered":"Programa Florestania"},"content":{"rendered":"<p>Acesse o <a href=\"https:\/\/www.ufmg.br\/proex\/wp-content\/uploads\/2023\/06\/RESULTADO-FINAL-EDITAL-N.072023_FLORESTANIA.pdf\" target=\"_blank\" rel=\"noopener\">resultado final<\/a> (publicado em 26 de junho 2023) do Programa Florestania.<\/p>\n<div>Veja a \u00edntegra do <a href=\"https:\/\/www.ufmg.br\/proex\/wp-content\/uploads\/2023\/03\/Edital-PROEX-no-07-2023_Florestania-UFMG.pdf\" target=\"_blank\" rel=\"noopener\">edital 07\/2023<\/a>\u00a0e sua\u00a0<a href=\"https:\/\/www.ufmg.br\/proex\/wp-content\/uploads\/2023\/10\/Edital-Proex-07.2023_Retificacao-do-cronograma-2_out2023.pdf\" target=\"_blank\" rel=\"noopener\">retifica\u00e7\u00e3o<\/a> (publicada em 26\/10\/2023).<\/div>\n<p><strong><br \/>\nMaterial permanente<\/strong><\/p>\n<p>O objetivo do Florestania, programa in\u00e9dito da Pr\u00f3-reitoria de Extens\u00e3o (Proex), \u00e9 financiar a compra de material permanente para programas e projetos de extens\u00e3o com foco em meio ambiente e cidadania, coordenados por professores e t\u00e9cnico-administrativos da UFMG.<\/p>\n<p>S\u00e3o priorizadas atividades da tem\u00e1tica ambiental que incorporem as rela\u00e7\u00f5es sociais, culturais, hist\u00f3ricas, econ\u00f4micas e pol\u00edticas no \u00e2mbito da sociedade.<\/p>\n<p>Para cada proponente, \u00e9 permitido inscrever-se apenas uma proposta pelo Sistema de Fomento. \u00c9 necess\u00e1rio que a proposta esteja registrada e atualizada no Sistema de Informa\u00e7\u00e3o da Extens\u00e3o (Siex).<\/p>\n<p>A destina\u00e7\u00e3o dos recursos corresponder\u00e1 \u00e0s seguintes modalidades e faixas (informadas no ato da inscri\u00e7\u00e3o):<\/p>\n<p><i>&#8211; <\/i><strong>Projeto<\/strong><i>:<\/i> at\u00e9 12 mil reais;<br \/>\n<i>&#8211; <\/i><strong>Programa<\/strong><i>:<\/i> at\u00e9 40 mil reais. \u00c9 preciso que o programa tenha, pelo menos, dois projetos vinculados.<\/p>\n<p><strong>Execu\u00e7\u00e3o<\/strong><\/p>\n<p>A proposta contemplada deve ser desenvolvida por, no m\u00ednimo, dois ter\u00e7os de pessoas vinculadas \u00e0 Universidade, sejam docentes, servidores t\u00e9cnico-administrativos ou estudantes matriculados nos cursos de gradua\u00e7\u00e3o ou p\u00f3s-gradua\u00e7\u00e3o.<\/p>\n<p>As atividades ser\u00e3o desenvolvidas em colabora\u00e7\u00e3o com as unidades, \u00f3rg\u00e3o ou institui\u00e7\u00f5es envolvidas, sob a forma de apoio operacional ou de infraestrutura.<\/p>\n<p>A aquisi\u00e7\u00e3o de materiais permanentes ser\u00e1 realizada pela Proex, via Fundep, que \u00e9 respons\u00e1vel pela gest\u00e3o financeira do programa.<\/p>\n<p>As propostas foram avaliadas e julgadas pela C\u00e2mara de Extens\u00e3o.<\/p>\n<p>As demais informa\u00e7\u00f5es devem ser consultadas no edital do programa Florestania.<\/p>\n<p>&nbsp;<\/p>\n<p>&nbsp;<\/p>\n<p>&nbsp;<\/p>\n<p>&nbsp;<\/p>\n<p>&nbsp;<\/p>\n<p>&nbsp;<\/p>\n","protected":false},"excerpt":{"rendered":"<p>Acesse o resultado final (publicado em 26 de junho 2023) [&hellip;]<\/p>\n","protected":false},"author":2,"featured_media":0,"parent":0,"menu_order":0,"comment_status":"closed","ping_status":"closed","template":"","meta":[],"tags":[483,23,737],"_links":{"self":[{"href":"https:\/\/www.ufmg.br\/proex\/wp-json\/wp\/v2\/pages\/7685"}],"collection":[{"href":"https:\/\/www.ufmg.br\/proex\/wp-json\/wp\/v2\/pages"}],"about":[{"href":"https:\/\/www.ufmg.br\/proex\/wp-json\/wp\/v2\/types\/page"}],"author":[{"embeddable":true,"href":"https:\/\/www.ufmg.br\/proex\/wp-json\/wp\/v2\/users\/2"}],"replies":[{"embeddable":true,"href":"https:\/\/www.ufmg.br\/proex\/wp-json\/wp\/v2\/comments?post=7685"}],"version-history":[{"count":33,"href":"https:\/\/www.ufmg.br\/proex\/wp-json\/wp\/v2\/pages\/7685\/revisions"}],"predecessor-version":[{"id":10747,"href":"https:\/\/www.ufmg.br\/proex\/wp-json\/wp\/v2\/pages\/7685\/revisions\/10747"}],"wp:attachment":[{"href":"https:\/\/www.ufmg.br\/proex\/wp-json\/wp\/v2\/media?parent=7685"}],"wp:term":[{"taxonomy":"post_tag","embeddable":true,"href":"https:\/\/www.ufmg.br\/proex\/wp-json\/wp\/v2\/tags?post=7685"}],"curies":[{"name":"wp","href":"https:\/\/api.w.org\/{rel}","templated":true}]}}