{"id":7703,"date":"2023-03-07T09:25:41","date_gmt":"2023-03-07T12:25:41","guid":{"rendered":"https:\/\/www.ufmg.br\/proex\/?page_id=7703"},"modified":"2023-03-07T09:41:17","modified_gmt":"2023-03-07T12:41:17","slug":"gesta","status":"publish","type":"page","link":"https:\/\/www.ufmg.br\/proex\/gesta\/","title":{"rendered":"Gesta"},"content":{"rendered":"<p>O Grupo de Estudos em Tem\u00e1ticas Ambientais (Gesta\/UFMG) est\u00e1 com edital aberto para selecionar estudantes dos cursos de gradua\u00e7\u00e3o em Ci\u00eancias Sociais, Ci\u00eancias Socioambientais, Antropologia, Geografia e Direito, a partir, preferencialmente, do 3\u00ba per\u00edodo.<\/p>\n<p>As inscri\u00e7\u00f5es devem ser realizadas <strong>at\u00e9 \u00e0s 12 horas do dia 9 de mar\u00e7o de 2023.<\/strong><\/p>\n<p>O extensionista vai atuar no<em> Programa Observat\u00f3rio dos Conflitos Ambientais: tecnologias sociais e justi\u00e7a ambiental<\/em> e participar\u00e1 de a\u00e7\u00f5es de pesquisa e extens\u00e3o executadas pelo n\u00facleo, al\u00e9m do acompanhamento dos casos de conflitos ambientais assessorados pelo Gesta<\/p>\n<p>\u00c9 necess\u00e1rio disponibilidade para reuni\u00e3o \u00e0s quintas-feiras durante a tarde e viagens peri\u00f3dicas.<\/p>\n<p>A bolsa, na modalidade Pbext, ter\u00e1 dura\u00e7\u00e3o de 12 meses.<\/p>\n<p><strong>Inscri\u00e7\u00e3o<\/strong><\/p>\n<p>O(a) interessados(a) devem encaminhar para o e-mail <a href=\"mailto:gesta@fafich.ufmg.br\" target=\"_blank\" rel=\"noopener\">gesta@fafich.ufmg.br<\/a>:<br \/>\n&#8211; Ficha de inscri\u00e7\u00e3o (dispon\u00edvel no edital);<br \/>\n&#8211; Hist\u00f3rico escolar;<br \/>\n&#8211; Curr\u00edculo lattes.<\/p>\n<p>Indicar no assunto: S<em>ele\u00e7\u00e3o Est\u00e1gio 2023 \u2013 Nova Chamada.<\/em><\/p>\n<p>Ap\u00f3s a an\u00e1lise da documenta\u00e7\u00e3o, as entrevistas ser\u00e3o agendadas em formato on-line atrav\u00e9s de contato por e-mail para o dia 10\/03 (sexta-feira), conforme n\u00famero de inscritos.<\/p>\n<p>Outras informa\u00e7\u00f5es devem ser consultadas no <a href=\"https:\/\/conflitosambientaismg.lcc.ufmg.br\/wp-content\/uploads\/2023\/03\/Edital-gesta-2023-NOVA-CHAMADA.pdf\" target=\"_blank\" rel=\"noopener\">edital do Gesta<\/a>.<\/p>\n","protected":false},"excerpt":{"rendered":"<p>O Grupo de Estudos em Tem\u00e1ticas Ambientais (Gesta\/UFMG) est\u00e1 com [&hellip;]<\/p>\n","protected":false},"author":2,"featured_media":0,"parent":0,"menu_order":0,"comment_status":"closed","ping_status":"closed","template":"","meta":[],"tags":[],"_links":{"self":[{"href":"https:\/\/www.ufmg.br\/proex\/wp-json\/wp\/v2\/pages\/7703"}],"collection":[{"href":"https:\/\/www.ufmg.br\/proex\/wp-json\/wp\/v2\/pages"}],"about":[{"href":"https:\/\/www.ufmg.br\/proex\/wp-json\/wp\/v2\/types\/page"}],"author":[{"embeddable":true,"href":"https:\/\/www.ufmg.br\/proex\/wp-json\/wp\/v2\/users\/2"}],"replies":[{"embeddable":true,"href":"https:\/\/www.ufmg.br\/proex\/wp-json\/wp\/v2\/comments?post=7703"}],"version-history":[{"count":9,"href":"https:\/\/www.ufmg.br\/proex\/wp-json\/wp\/v2\/pages\/7703\/revisions"}],"predecessor-version":[{"id":7713,"href":"https:\/\/www.ufmg.br\/proex\/wp-json\/wp\/v2\/pages\/7703\/revisions\/7713"}],"wp:attachment":[{"href":"https:\/\/www.ufmg.br\/proex\/wp-json\/wp\/v2\/media?parent=7703"}],"wp:term":[{"taxonomy":"post_tag","embeddable":true,"href":"https:\/\/www.ufmg.br\/proex\/wp-json\/wp\/v2\/tags?post=7703"}],"curies":[{"name":"wp","href":"https:\/\/api.w.org\/{rel}","templated":true}]}}