{"id":7719,"date":"2024-10-04T15:51:18","date_gmt":"2024-10-04T18:51:18","guid":{"rendered":"https:\/\/www.ufmg.br\/proex\/?page_id=7719"},"modified":"2026-03-03T15:59:56","modified_gmt":"2026-03-03T18:59:56","slug":"selex","status":"publish","type":"page","link":"https:\/\/www.ufmg.br\/proex\/selex\/","title":{"rendered":"Selex UFMG"},"content":{"rendered":"<p>O projeto Sistemas El\u00e9tricos Experimentais (Selex) seleciona estudantes da UFMG para preencher quatro vagas de bolsas de extens\u00e3o.<\/p>\n<ul>\n<li>2 Bolsas PBEXT (destinadas a discentes de gradua\u00e7\u00e3o).<\/li>\n<li>2 Bolsas PBEXT A\u00e7\u00e3o Afirmativa (exclusiva para discentes classificados socioeconomicamente n\u00edvel I, II ou III pela FUMP e\/ou discentes que ingressaram pelo sistema de cotas).<\/li>\n<\/ul>\n<p><strong>Valor<\/strong>: R$700\/mensal<br \/>\n<strong>Vig\u00eancia<\/strong>: mar\u00e7o de 2026 a fevereiro de 2026<\/p>\n<p>Per\u00edodo de inscri\u00e7\u00f5es:<strong> at\u00e9 09\/03\/2026\u00a0<\/strong><\/p>\n<p><strong>Como se inscrever<br \/>\n<\/strong>Os (as) interessados (as) devem enviar para o e-mail <a href=\"mailto:diogo.batista@gmail.com\" target=\"_blank\" rel=\"noopener\">diogo.batista@gmail.com<\/a> os seguintes documentos (digitalizados em boa qualidade):<br \/>\n&#8211; Documento com imagem da Carteira de Identidade e CPF;<br \/>\n&#8211; Hist\u00f3rico Escolar completo com RSG (vers\u00e3o da internet);<br \/>\n&#8211; Curr\u00edculo<br \/>\n&#8211; \u00daltimo comprovante (ou proposta) de matr\u00edcula na UFMG.<\/p>\n<p>As informa\u00e7\u00f5es completas est\u00e3o no <a href=\"https:\/\/l.instagram.com\/?u=https%3A%2F%2Fdrive.google.com%2Ffile%2Fd%2F1eCSaqUfG5LgyYmzDNopZhzPuP3_tN7HV%2Fview%3Fusp%3Ddrivesdk%26utm_source%3Dig%26utm_medium%3Dsocial%26utm_content%3Dlink_in_bio%26fbclid%3DPAZXh0bgNhZW0CMTEAc3J0YwZhcHBfaWQMMjU2MjgxMDQwNTU4AAGn-K14S1Ei96FZcnOIVTRklbwbt0qoRt836RbfZWPdiyJB7WXxJHSAbT34Crk_aem_kZ0hmJIL_IG6YxWu-Y9fRg&amp;e=AT7Kp1qo80-rd2ENOHyQwi9eg0uQt08RqEbJksNeDzIKpAwq0ppPsff8WTpxJlIMtty7N7PzhggrB4_LHcd59qwuApx8iiU8SwZBHI9AXQ\" target=\"_blank\" rel=\"noopener\">Edital 01\/2026.<\/a><\/p>\n<p><strong>Sobre o projeto<br \/>\n<\/strong>O Selex \u00e9 desenvolvido em parceria com a Escola de Engenharia da UFMG e a Prefeitura de Belo Horizonte (CRAS), promovendo diversas oficinas de tecnologia, arte e m\u00fasica para jovens em medidas socioeducativas. Siga o projeto no <a href=\"https:\/\/www.instagram.com\/selexufmg\" target=\"_blank\" rel=\"noopener\">Instagram.<\/a><\/p>\n<p>&nbsp;<\/p>\n<p>&nbsp;<\/p>\n","protected":false},"excerpt":{"rendered":"<p>O projeto Sistemas El\u00e9tricos Experimentais (Selex) seleciona estudantes da UFMG [&hellip;]<\/p>\n","protected":false},"author":2,"featured_media":0,"parent":0,"menu_order":0,"comment_status":"closed","ping_status":"closed","template":"","meta":[],"tags":[191,23,823],"_links":{"self":[{"href":"https:\/\/www.ufmg.br\/proex\/wp-json\/wp\/v2\/pages\/7719"}],"collection":[{"href":"https:\/\/www.ufmg.br\/proex\/wp-json\/wp\/v2\/pages"}],"about":[{"href":"https:\/\/www.ufmg.br\/proex\/wp-json\/wp\/v2\/types\/page"}],"author":[{"embeddable":true,"href":"https:\/\/www.ufmg.br\/proex\/wp-json\/wp\/v2\/users\/2"}],"replies":[{"embeddable":true,"href":"https:\/\/www.ufmg.br\/proex\/wp-json\/wp\/v2\/comments?post=7719"}],"version-history":[{"count":50,"href":"https:\/\/www.ufmg.br\/proex\/wp-json\/wp\/v2\/pages\/7719\/revisions"}],"predecessor-version":[{"id":17241,"href":"https:\/\/www.ufmg.br\/proex\/wp-json\/wp\/v2\/pages\/7719\/revisions\/17241"}],"wp:attachment":[{"href":"https:\/\/www.ufmg.br\/proex\/wp-json\/wp\/v2\/media?parent=7719"}],"wp:term":[{"taxonomy":"post_tag","embeddable":true,"href":"https:\/\/www.ufmg.br\/proex\/wp-json\/wp\/v2\/tags?post=7719"}],"curies":[{"name":"wp","href":"https:\/\/api.w.org\/{rel}","templated":true}]}}