{"id":772,"date":"2021-08-06T18:21:47","date_gmt":"2021-08-06T21:21:47","guid":{"rendered":"https:\/\/www.ufmg.br\/proex\/?page_id=772"},"modified":"2025-02-13T11:28:24","modified_gmt":"2025-02-13T14:28:24","slug":"extensao-na-ufmg","status":"publish","type":"page","link":"https:\/\/www.ufmg.br\/proex\/extensao-na-ufmg\/","title":{"rendered":"Extens\u00e3o na UFMG"},"content":{"rendered":"<p>Em 2024,\u00a0a Universidade Federal de Minas Gerais (UFMG) executou <strong>3.765 atividades de extens\u00e3o<\/strong> (distribu\u00eddas nas modalidades projeto, evento, presta\u00e7\u00e3o de servi\u00e7o, curso e programa).<\/p>\n\n<table id=\"tablepress-36\" class=\"tablepress tablepress-id-36\">\n<thead>\n<tr class=\"row-1 odd\">\n\t<th class=\"column-1\">Modalidade<\/th><th class=\"column-2\">N\u00famero de atividades (por modalidade)<\/th>\n<\/tr>\n<\/thead>\n<tbody class=\"row-hover\">\n<tr class=\"row-2 even\">\n\t<td class=\"column-1\">Projeto<\/td><td class=\"column-2\">1.823<\/td>\n<\/tr>\n<tr class=\"row-3 odd\">\n\t<td class=\"column-1\">Evento<\/td><td class=\"column-2\">617<\/td>\n<\/tr>\n<tr class=\"row-4 even\">\n\t<td class=\"column-1\">Presta\u00e7\u00e3o de servi\u00e7o<\/td><td class=\"column-2\">582<\/td>\n<\/tr>\n<tr class=\"row-5 odd\">\n\t<td class=\"column-1\">Curso<\/td><td class=\"column-2\">517<\/td>\n<\/tr>\n<tr class=\"row-6 even\">\n\t<td class=\"column-1\">Programa<\/td><td class=\"column-2\">226<\/td>\n<\/tr>\n<\/tbody>\n<\/table>\n<!-- #tablepress-36 from cache -->\n<h3>P\u00fablico atingido<\/h3>\n<p>&nbsp;<\/p>\n<p>Essas atividades impactaram <strong>3.305.499<\/strong><strong> pessoas.\u00a0<\/strong><\/p>\n\n<table id=\"tablepress-39\" class=\"tablepress tablepress-id-39\">\n<thead>\n<tr class=\"row-1 odd\">\n\t<th class=\"column-1\">Modalidade<\/th><th class=\"column-2\">N\u00famero de pessoas impactadas (por modalidade)<\/th>\n<\/tr>\n<\/thead>\n<tbody class=\"row-hover\">\n<tr class=\"row-2 even\">\n\t<td class=\"column-1\">Projeto<\/td><td class=\"column-2\">3.280.413<\/td>\n<\/tr>\n<tr class=\"row-3 odd\">\n\t<td class=\"column-1\">Evento<\/td><td class=\"column-2\">16.924<\/td>\n<\/tr>\n<tr class=\"row-4 even\">\n\t<td class=\"column-1\">Curso<\/td><td class=\"column-2\">4.776<\/td>\n<\/tr>\n<tr class=\"row-5 odd\">\n\t<td class=\"column-1\">Presta\u00e7\u00e3o de servi\u00e7o<\/td><td class=\"column-2\">3.386 <\/td>\n<\/tr>\n<\/tbody>\n<\/table>\n<!-- #tablepress-39 from cache -->\n<h3>Equipe envolvida<\/h3>\n<p>&nbsp;<\/p>\n<p>S\u00e3o <strong>14.421 atores envolvidos <\/strong>na extens\u00e3o da UFMG: professores, estudantes, t\u00e9cnicos administrativos em educa\u00e7\u00e3o e membros da comunidade externa, que trabalham em estreita parceria. As a\u00e7\u00f5es s\u00e3o desenvolvidas em conjunto com movimentos sociais, empresas, pol\u00edticas p\u00fablicas e \u00f3rg\u00e3os p\u00fablicos em geral de todas as regi\u00f5es do Brasil e at\u00e9 do exterior.<\/p>\n\n<table id=\"tablepress-38\" class=\"tablepress tablepress-id-38\">\n<thead>\n<tr class=\"row-1 odd\">\n\t<th class=\"column-1\">Equipes<\/th><th class=\"column-2\">Quantidade<\/th>\n<\/tr>\n<\/thead>\n<tbody class=\"row-hover\">\n<tr class=\"row-2 even\">\n\t<td class=\"column-1\">Estudante de gradua\u00e7\u00e3o<\/td><td class=\"column-2\">7.195<\/td>\n<\/tr>\n<tr class=\"row-3 odd\">\n\t<td class=\"column-1\">Docente<\/td><td class=\"column-2\">2.497 <\/td>\n<\/tr>\n<tr class=\"row-4 even\">\n\t<td class=\"column-1\">Estudante de p\u00f3s-gradua\u00e7\u00e3o<\/td><td class=\"column-2\">2.306<\/td>\n<\/tr>\n<tr class=\"row-5 odd\">\n\t<td class=\"column-1\">Colaborador externo<\/td><td class=\"column-2\">1.762<\/td>\n<\/tr>\n<tr class=\"row-6 even\">\n\t<td class=\"column-1\">T\u00e9cnico administrativo<\/td><td class=\"column-2\">661<\/td>\n<\/tr>\n<\/tbody>\n<\/table>\n<!-- #tablepress-38 from cache -->\n<h3><strong>Papel da Proex<\/strong><\/h3>\n<p>&nbsp;<\/p>\n<p>A Pr\u00f3-Reitoria de Extens\u00e3o (Proex), \u00f3rg\u00e3o da Administra\u00e7\u00e3o Central da UFMG, \u00e9 respons\u00e1vel por fomentar, acompanhar, avaliar, articular, divulgar e coordenar essas a\u00e7\u00f5es, conforme as delibera\u00e7\u00f5es dos \u00f3rg\u00e3os superiores da Universidade (CEPE e Conselho Universit\u00e1rio) e da <a href=\"https:\/\/www.ufmg.br\/proex\/camara-de-extensao\/\" target=\"_blank\" rel=\"noopener\">C\u00e2mara de Extens\u00e3o.<\/a><\/p>\n<p>Atualmente, a extens\u00e3o universit\u00e1ria da UFMG est\u00e1 em processo de fortalecimento, com destaque para as \u00e1reas de Direitos Humanos, interioriza\u00e7\u00e3o da extens\u00e3o e divulga\u00e7\u00e3o cient\u00edfica.<\/p>\n<p>A Proex tem atuado de forma determinante nesse processo, sobretudo a partir de 2018, quando a dimens\u00e3o acad\u00eamica passou ter maior reconhecimento da sociedade. Na pandemia de covid-19, a partir de 2020, a UFMG se destacou nacionalmente no enfrentamento \u00e0 crise humanit\u00e1ria.<\/p>\n<h3>Indissociabilidade<\/h3>\n<p>&nbsp;<\/p>\n<p>O lugar ocupado pela extens\u00e3o est\u00e1 definido no <a href=\"https:\/\/www.ufmg.br\/english\/orgaos\/novo-estatuto.html\" target=\"_blank\" rel=\"noopener\">Estatuto<\/a> e <a href=\"https:\/\/www.ufmg.br\/online\/arquivos\/anexos\/Regimento%20Geral%20Destaques.pdf\" target=\"_blank\" rel=\"noopener\">Regimento Geral<\/a> da UFMG e nas normativas mais recentes da Universidade, como a que regulamentou a integraliza\u00e7\u00e3o da extens\u00e3o aos curr\u00edculos dos cursos de gradua\u00e7\u00e3o (<a href=\"https:\/\/www.ufmg.br\/proex\/feu\/\" target=\"_blank\" rel=\"noopener\">Forma\u00e7\u00e3o em Extens\u00e3o Universit\u00e1ria &#8211; FEU<\/a>)\u00a0e a <a href=\"https:\/\/www.ufmg.br\/proex\/conheca-a-politica-de-divulgacao-cientifica-da-ufmg\/\" target=\"_blank\" rel=\"noopener\">pol\u00edtica institucional de divulga\u00e7\u00e3o cient\u00edfica<\/a>.<\/p>\n<p>A atua\u00e7\u00e3o referenciada da UFMG na extens\u00e3o ocorre tamb\u00e9m por meio de grupos, laborato\u0301rios e nu\u0301cleos de ensino, pesquisa e extens\u00e3o. S\u00e3o exemplos o Programa Participa UFMG Mariana e Rio Doce, o<a href=\"http:\/\/www.projetobrumadinho.ufmg.br\/\" target=\"_blank\" rel=\"noopener\"> Projeto Brumadinho<\/a>, as Redes Interdisciplinares e a <a href=\"https:\/\/www.ufmg.br\/proex\/diretorias\/universidade-dos-direitos-humanos-udh\/\" target=\"_blank\" rel=\"noopener\">Universidade dos Direitos Humanos (UDH)<\/a>.<\/p>\n<p>Al\u00e9m disso, a UFMG tem desenvolvido experi\u00eancias exitosas de integra\u00e7\u00e3o da extens\u00e3o aos programas de p\u00f3s-gradua\u00e7\u00e3o.<\/p>\n<p><em>Fonte: <a href=\"https:\/\/sistemas.ufmg.br\/siex\/Principal.do\" target=\"_blank\" rel=\"noopener\">Siex<\/a> | atualiza\u00e7\u00e3o fevereiro 2025<\/em><\/p>\n<p>&nbsp;<\/p>\n","protected":false},"excerpt":{"rendered":"<p>Em 2024,\u00a0a Universidade Federal de Minas Gerais (UFMG) executou 3.765 [&hellip;]<\/p>\n","protected":false},"author":2,"featured_media":0,"parent":0,"menu_order":0,"comment_status":"closed","ping_status":"closed","template":"","meta":[],"tags":[599,23,29,4],"_links":{"self":[{"href":"https:\/\/www.ufmg.br\/proex\/wp-json\/wp\/v2\/pages\/772"}],"collection":[{"href":"https:\/\/www.ufmg.br\/proex\/wp-json\/wp\/v2\/pages"}],"about":[{"href":"https:\/\/www.ufmg.br\/proex\/wp-json\/wp\/v2\/types\/page"}],"author":[{"embeddable":true,"href":"https:\/\/www.ufmg.br\/proex\/wp-json\/wp\/v2\/users\/2"}],"replies":[{"embeddable":true,"href":"https:\/\/www.ufmg.br\/proex\/wp-json\/wp\/v2\/comments?post=772"}],"version-history":[{"count":229,"href":"https:\/\/www.ufmg.br\/proex\/wp-json\/wp\/v2\/pages\/772\/revisions"}],"predecessor-version":[{"id":14557,"href":"https:\/\/www.ufmg.br\/proex\/wp-json\/wp\/v2\/pages\/772\/revisions\/14557"}],"wp:attachment":[{"href":"https:\/\/www.ufmg.br\/proex\/wp-json\/wp\/v2\/media?parent=772"}],"wp:term":[{"taxonomy":"post_tag","embeddable":true,"href":"https:\/\/www.ufmg.br\/proex\/wp-json\/wp\/v2\/tags?post=772"}],"curies":[{"name":"wp","href":"https:\/\/api.w.org\/{rel}","templated":true}]}}