{"id":783,"date":"2021-08-10T11:27:40","date_gmt":"2021-08-10T14:27:40","guid":{"rendered":"https:\/\/www.ufmg.br\/proex\/?page_id=783"},"modified":"2025-07-15T10:09:48","modified_gmt":"2025-07-15T13:09:48","slug":"gastos","status":"publish","type":"page","link":"https:\/\/www.ufmg.br\/proex\/documentos\/transparencia\/gastos\/","title":{"rendered":"Gastos"},"content":{"rendered":"<p>A\u00a0<a href=\"http:\/\/www.planalto.gov.br\/ccivil_03\/_ato2011-2014\/2011\/lei\/l12527.htm\" target=\"_blank\" rel=\"noopener\">Lei n\u00ba 12.527\/2011<\/a>, conhecida como Lei de Acesso \u00e0 Informa\u00e7\u00e3o &#8211; LAI, regulamenta o direito, previsto na Constitui\u00e7\u00e3o, de qualquer pessoa solicitar e receber dos \u00f3rg\u00e3os e entidades p\u00fablicos, de todos os entes e Poderes, informa\u00e7\u00f5es p\u00fablicas por eles produzidas ou custodiadas.<\/p>\n<h4><strong>Confira rela\u00e7\u00e3o mensal de pagamentos da Proex<\/strong><\/h4>\n<p><strong><br \/>\n2025<\/strong><\/p>\n<p>Mar\u00e7o <em>\u2013<\/em><a href=\"https:\/\/www.ufmg.br\/proex\/wp-content\/uploads\/2025\/07\/Relacao-de-pagamentos-03-2025.pdf\" target=\"_blank\" rel=\"noopener\"> Transpar\u00eancia Gastos P\u00fablicos\u00a0<\/a><\/p>\n<p>Fevereiro <em>\u2013<\/em> <a href=\"https:\/\/www.ufmg.br\/proex\/wp-content\/uploads\/2025\/07\/Relacao-de-pagamentos-02-2025.pdf\" target=\"_blank\" rel=\"noopener\">Transpar\u00eancia Gastos P\u00fablicos\u00a0<\/a><\/p>\n<p>Janeiro <em>\u2013<\/em> <a href=\"https:\/\/www.ufmg.br\/proex\/wp-content\/uploads\/2025\/07\/Relacao-de-pagamentos-01-2025.pdf\" target=\"_blank\" rel=\"noopener\">Transpar\u00eancia Gastos P\u00fablicos\u00a0<\/a><\/p>\n<p><strong>2024<\/strong><\/p>\n<p>Dezembro \u2013 <a href=\"https:\/\/www.ufmg.br\/proex\/wp-content\/uploads\/2025\/07\/Relacao-de-pagamentos-12-2024.pdf\" target=\"_blank\" rel=\"noopener\"><u>Transpar\u00eanc<\/u><u>i<\/u><u>a Gastos P\u00fablicos<\/u><\/a><\/p>\n<p>Novembro \u2013 <a href=\"https:\/\/www.ufmg.br\/proex\/wp-content\/uploads\/2025\/01\/Relacao-de-pagamentos-11-2024.pdf\" target=\"_blank\" rel=\"noopener\"><u>Transpar\u00eanc<\/u><u>i<\/u><u>a Gastos P\u00fablicos<\/u><\/a><\/p>\n<p>Outubro \u2013 <a href=\"https:\/\/www.ufmg.br\/proex\/wp-content\/uploads\/2024\/11\/Relacao-de-pagamentos-10-2024.pdf\" target=\"_blank\" rel=\"noopener\"><u>Transpar\u00eanc<\/u><u>i<\/u><u>a Gastos P\u00fablicos<\/u><\/a><\/p>\n<p>Setembro \u2013 <a href=\"https:\/\/www.ufmg.br\/proex\/wp-content\/uploads\/2024\/10\/Relacao-de-pagamentos-09-2024.pdf\" target=\"_blank\" rel=\"noopener\"><u>Transpar\u00eancia Gastos P\u00fablicos<\/u><\/a><\/p>\n<p>Agosto \u2013 <a href=\"https:\/\/www.ufmg.br\/proex\/wp-content\/uploads\/2024\/09\/Relacao-de-pagamentos-08-2024.pdf\" target=\"_blank\" rel=\"noopener\"><u>Transpar\u00eancia Gastos P\u00fablicos<\/u><\/a><strong><br \/>\n<\/strong><\/p>\n<p>Julho \u2013 <a href=\"https:\/\/www.ufmg.br\/proex\/wp-content\/uploads\/2024\/08\/Relacao-de-pagamentos-07-2024.pdf\" target=\"_blank\" rel=\"noopener\"><u>Transpar\u00eancia Gastos P\u00fablicos<\/u><\/a><\/p>\n<p>Junho \u2013 <a href=\"https:\/\/www.ufmg.br\/proex\/wp-content\/uploads\/2024\/08\/Relacao-de-pagamentos-06-2024.pdf\" target=\"_blank\" rel=\"noopener\"><u>Transpar\u00eancia Gastos P\u00fablicos<\/u><\/a><\/p>\n<p>Maio \u2013 <a href=\"https:\/\/www.ufmg.br\/proex\/wp-content\/uploads\/2024\/06\/Relacao-de-pagamentos-05-2024.pdf\" target=\"_blank\" rel=\"noopener\"><u>Transpar\u00eancia Gastos P\u00fablicos<\/u><\/a><\/p>\n<p>Abril \u2013<a href=\"https:\/\/www.ufmg.br\/proex\/wp-content\/uploads\/2024\/06\/Relacao-de-pagamentos-04-2024.pdf\" target=\"_blank\" rel=\"noopener\"> <u>Transpar\u00eancia Gastos P\u00fablicos<\/u><\/a><\/p>\n<p>Mar\u00e7o \u2013<a href=\"https:\/\/www.ufmg.br\/proex\/wp-content\/uploads\/2024\/06\/Relacao-de-pagamentos-03-2024.pdf\" target=\"_blank\" rel=\"noopener\"> <u>Transpar\u00eancia Gastos P\u00fablicos<\/u><\/a><\/p>\n<p>Fevereiro \u2013<a href=\"https:\/\/www.ufmg.br\/proex\/wp-content\/uploads\/2024\/06\/Relacao-de-pagamentos-02-2024.pdf\" target=\"_blank\" rel=\"noopener\"><u>Trans<\/u><u>par\u00eancia Gastos P\u00fablicos<\/u><\/a><\/p>\n<p>Janeiro \u2013<a href=\"https:\/\/www.ufmg.br\/proex\/wp-content\/uploads\/2024\/05\/Relacao_de_pagamentos_-_01-2024_assinado.pdf\" target=\"_blank\" rel=\"noopener\"> <u>Transpar\u00eancia Gastos P\u00fablicos<\/u><\/a><\/p>\n<p><strong>2023<\/strong><\/p>\n<p>Dezembro \u2013 <a href=\"https:\/\/www.ufmg.br\/proex\/wp-content\/uploads\/2024\/06\/Relacao-de-pagamentos-12-2023.pdf\" target=\"_blank\" rel=\"noopener\"><u>Transpar\u00eancia Gastos P\u00fablicos<\/u><\/a><\/p>\n<p>Novembro \u2013 <a href=\"https:\/\/www.ufmg.br\/proex\/wp-content\/uploads\/2024\/06\/Relacao-de-pagamentos-11-2023.pdf\" target=\"_blank\" rel=\"noopener\"><u>Transpar\u00eancia Gastos P\u00fablicos<\/u><\/a><strong><br \/>\n<\/strong><\/p>\n<p>Outubro \u2013<a href=\"https:\/\/www.ufmg.br\/proex\/wp-content\/uploads\/2024\/06\/Relacao-de-pagamentos-10-2023.pdf\" target=\"_blank\" rel=\"noopener\"> <u>Transpar\u00eancia Gastos P\u00fablicos<\/u><\/a><\/p>\n<p>Setembro \u2013 <a href=\"https:\/\/www.ufmg.br\/proex\/wp-content\/uploads\/2024\/06\/Relacao-de-pagamentos-09-2023.pdf\" target=\"_blank\" rel=\"noopener\"><u>Transpar\u00eancia Gastos P\u00fablicos<\/u><\/a><\/p>\n<p>Agosto \u2013 <a href=\"https:\/\/www.ufmg.br\/proex\/wp-content\/uploads\/2024\/06\/Relacao-de-pagamentos-08-2023.pdf\" target=\"_blank\" rel=\"noopener\"><u>Transpar\u00eancia Gastos P\u00fablicos<\/u><\/a><\/p>\n<p>Julho \u2013 <a href=\"https:\/\/www.ufmg.br\/proex\/wp-content\/uploads\/2024\/07\/Relacao-de-pagamentos-07-2023.pdf\" target=\"_blank\" rel=\"noopener\"><u>Transpar\u00eancia Gastos P\u00fablicos<\/u><\/a><\/p>\n<p>Junho \u2013 <a href=\"https:\/\/www.ufmg.br\/proex\/wp-content\/uploads\/2024\/07\/Relacao-de-pagamentos-06-2023-1.pdf\" target=\"_blank\" rel=\"noopener\"><u>Transpar\u00eancia Gastos P\u00fablicos<\/u><\/a><\/p>\n<p>Maio \u2013 <a href=\"https:\/\/www.ufmg.br\/proex\/wp-content\/uploads\/2024\/07\/Relacao-de-pagamentos-05-2023.pdf\" target=\"_blank\" rel=\"noopener\"><u>Transpar\u00eancia Gastos P\u00fablicos<\/u><\/a><\/p>\n<p>Abril \u2013 <a href=\"https:\/\/www.ufmg.br\/proex\/wp-content\/uploads\/2024\/07\/Relacao-de-pagamentos-04-2023.pdf\" target=\"_blank\" rel=\"noopener\"><u>Transpar\u00eancia Gastos P\u00fablicos<\/u><\/a><\/p>\n<p>Mar\u00e7o \u2013 <a href=\"https:\/\/www.ufmg.br\/proex\/wp-content\/uploads\/2024\/07\/Relacao-de-pagamentos-03-2023.pdf\" target=\"_blank\" rel=\"noopener\"><u>Transpar\u00eancia Gastos P\u00fablicos<\/u><\/a><\/p>\n<p>Fevereiro \u2013<a href=\"https:\/\/www.ufmg.br\/proex\/wp-content\/uploads\/2024\/07\/Relacao-de-pagamentos-02-2023.pdf\" target=\"_blank\" rel=\"noopener\"> <u>Transpar\u00eancia Gastos P\u00fablicos<\/u><\/a><\/p>\n<p>Janeiro \u2013 <a href=\"https:\/\/www.ufmg.br\/proex\/wp-content\/uploads\/2025\/07\/Relacao-de-pagamentos-01-2023.pdf\" target=\"_blank\" rel=\"noopener\"><u>Transpar\u00eancia Gastos P\u00fablicos<\/u><\/a><\/p>\n<p><strong>2022<\/strong><\/p>\n<p>Dezembro <em>\u2013<\/em> <a href=\"https:\/\/www.ufmg.br\/proex\/wp-content\/uploads\/2023\/02\/Relacao-de-pagamentos-12-2022-1.pdf\" target=\"_blank\" rel=\"noopener\">Transpar\u00eancia Gastos P\u00fablicos\u00a0<\/a><\/p>\n<p>Novembro <em>\u2013<\/em> <a href=\"https:\/\/www.ufmg.br\/proex\/wp-content\/uploads\/2022\/12\/Relacao-de-pagamentos-11-2022.pdf\" target=\"_blank\" rel=\"noopener\">Transpar\u00eancia Gastos P\u00fablicos\u00a0<\/a><\/p>\n<p>Outubro <em>\u2013<\/em> <a href=\"https:\/\/www.ufmg.br\/proex\/wp-content\/uploads\/2022\/12\/Relacao-de-pagamentos-10-2022.pdf\" target=\"_blank\" rel=\"noopener\">Transpar\u00eancia Gastos P\u00fablicos\u00a0<\/a><\/p>\n<p>Setembro <em>\u2013<\/em> <a href=\"https:\/\/www.ufmg.br\/proex\/wp-content\/uploads\/2022\/10\/Relacao-de-pagamentos-09-2022.pdf\" target=\"_blank\" rel=\"noopener\">Transpar\u00eancia Gastos P\u00fablicos\u00a0<\/a><\/p>\n<p>Agosto <em>\u2013<\/em> <a href=\"https:\/\/www.ufmg.br\/proex\/wp-content\/uploads\/2022\/09\/Relacao-de-pagamentos-08-2022.pdf\" target=\"_blank\" rel=\"noopener\">Transpar\u00eancia Gastos P\u00fablicos\u00a0<\/a><\/p>\n<p>Julho <em>\u2013<\/em><a href=\"https:\/\/www.ufmg.br\/proex\/wp-content\/uploads\/2022\/08\/Relacao-de-pagamentos-07-2022.pdf\" target=\"_blank\" rel=\"noopener\"> Transpar\u00eancia Gastos P\u00fablicos\u00a0<\/a><\/p>\n<p>Junho <em>\u2013<\/em> <a href=\"https:\/\/www.ufmg.br\/proex\/wp-content\/uploads\/2022\/08\/Relacao-de-pagamentos-06-2022.pdf\" target=\"_blank\" rel=\"noopener\">Transpar\u00eancia Gastos P\u00fablicos\u00a0<\/a><\/p>\n<p>Maio <em>\u2013<\/em> <a href=\"https:\/\/www.ufmg.br\/proex\/wp-content\/uploads\/2022\/07\/Relacao-de-pagamentos-05-2022.pdf\" target=\"_blank\" rel=\"noopener\">Transpar\u00eancia Gastos P\u00fablicos\u00a0<\/a><\/p>\n<p>Abril <em>\u2013<\/em> <a href=\"https:\/\/www.ufmg.br\/proex\/wp-content\/uploads\/2022\/05\/Relacao-de-pagamentos-04-2022.pdf\" target=\"_blank\" rel=\"noopener\">Transpar\u00eancia Gastos P\u00fablicos\u00a0<\/a><\/p>\n<p>Mar\u00e7o <em>\u2013<\/em> <a href=\"https:\/\/www.ufmg.br\/proex\/wp-content\/uploads\/2022\/04\/Relacao-de-pagamentos-03-2022.pdf\" target=\"_blank\" rel=\"noopener\">Transpar\u00eancia Gastos P\u00fablicos\u00a0<\/a><\/p>\n<p>Fevereiro <em>\u2013<\/em> <a href=\"https:\/\/www.ufmg.br\/proex\/wp-content\/uploads\/2022\/03\/Relacao-de-pagamentos-02-2022.pdf\" target=\"_blank\" rel=\"noopener\">Transpar\u00eancia Gastos P\u00fablicos\u00a0<\/a><\/p>\n<p>Janeiro <em>\u2013<\/em> <a href=\"https:\/\/www.ufmg.br\/proex\/wp-content\/uploads\/2025\/07\/Relacao-de-pagamentos-01-2023.pdf\" target=\"_blank\" rel=\"noopener\">Transpar\u00eancia Gastos P\u00fablicos\u00a0<\/a><\/p>\n<p><b>2021<\/b><\/p>\n<p>Dezembro \u2013 <a href=\"https:\/\/www.ufmg.br\/proex\/wp-content\/uploads\/2022\/01\/Relacao-de-pagamentos-12-2021.pdf\" target=\"_blank\" rel=\"noopener\">Transpar\u00eancia Gastos P\u00fablicos\u00a0<\/a><\/p>\n<p>Novembro \u2013<a href=\"https:\/\/www.ufmg.br\/proex\/wp-content\/uploads\/2022\/01\/Relacao-de-pagamentos-11-2021.pdf\" target=\"_blank\" rel=\"noopener\"> Transpar\u00eancia Gastos P\u00fablicos\u00a0<\/a><\/p>\n<p>Outubro \u2013<a href=\"https:\/\/www.ufmg.br\/proex\/wp-content\/uploads\/2021\/11\/Relacao-de-pagamentos-10-2021.pdf\" target=\"_blank\" rel=\"noopener\">\u00a0Transpar\u00eancia Gastos P\u00fablicos\u00a0<\/a><\/p>\n<p>Setembro \u2013<a href=\"https:\/\/www.ufmg.br\/proex\/wp-content\/uploads\/2021\/11\/Relacao-de-pagamentos-09-2021.pdf\" target=\"_blank\" rel=\"noopener\">Transpar\u00eancia Gastos P\u00fablicos\u00a0<\/a><\/p>\n<p>Agosto \u2013 <a href=\"https:\/\/www.ufmg.br\/proex\/wp-content\/uploads\/2021\/11\/Relacao-de-pagamentos-08-2021.pdf\">Transpar\u00eancia Gastos P\u00fablicos\u00a0<\/a><\/p>\n<p>Julho \u2013 <a href=\"https:\/\/www.ufmg.br\/proex\/wp-content\/uploads\/2021\/12\/Relacao-de-pagamentos-07-2021.pdf\" target=\"_blank\" rel=\"noopener\"><u>Transpar\u00eancia Gastos P\u00fablicos<\/u><\/a><\/p>\n<p>Junho \u2013<u><a href=\"https:\/\/www.ufmg.br\/proex\/wp-content\/uploads\/2021\/12\/Relacao-de-pagamentos-06-2021.pdf\" target=\"_blank\" rel=\"noopener\">\u00a0Transpar\u00eancia Gastos P\u00fablicos<\/a><\/u><\/p>\n<p>Maio \u2013 <a href=\"https:\/\/www.ufmg.br\/proex\/wp-content\/uploads\/2021\/12\/Relacao-de-pagamentos-05-2021.pdf\"><u>Transpar\u00eancia Gastos P\u00fablicos<\/u><\/a><\/p>\n<p>Abril \u2013 <a href=\"https:\/\/www.ufmg.br\/proex\/wp-content\/uploads\/2021\/12\/Relacao-de-pagamentos-04-2021.pdf\"><u>Transpar\u00eancia Gastos P\u00fablicos<\/u><\/a><\/p>\n<p>Mar\u00e7o \u2013 <u><a href=\"https:\/\/www.ufmg.br\/proex\/wp-content\/uploads\/2021\/12\/Relacao-de-pagamentos-03-2021.pdf\" target=\"_blank\" rel=\"noopener\">Transpar\u00eancia Gastos P\u00fablicos<\/a><\/u><\/p>\n<p>Fevereiro \u2013 <a href=\"https:\/\/www.ufmg.br\/proex\/wp-content\/uploads\/2021\/12\/Relacao-de-pagamentos-02-2021.pdf\" target=\"_blank\" rel=\"noopener\"><u>Transpar\u00eancia Gastos P\u00fablicos<\/u><\/a><\/p>\n<p>Janeiro \u2013 <a href=\"https:\/\/www.ufmg.br\/proex\/wp-content\/uploads\/2021\/12\/Relacao-de-pagamentos-01-2021.pdf\" target=\"_blank\" rel=\"noopener\"><u>Transpar\u00eancia Gastos P\u00fablicos<\/u>\u00a0<\/a><\/p>\n<p><b>2020<\/b><\/p>\n<p>Dezembro \u2013 <u><a href=\"https:\/\/www.ufmg.br\/proex\/wp-content\/uploads\/2021\/12\/Relacao-de-pagamentos-12-2020.pdf\" target=\"_blank\" rel=\"noopener\">Transpar\u00eancia Gastos P\u00fablicos<\/a><\/u><\/p>\n<p>Novembro \u2013 <u><a href=\"https:\/\/www.ufmg.br\/proex\/wp-content\/uploads\/2021\/12\/Relacao-de-pagamentos-11-2020.pdf\" target=\"_blank\" rel=\"noopener\">Transpar\u00eancia Gastos P\u00fablicos<\/a><\/u><\/p>\n<p>Outubro <b>\u2013 <\/b><u><a href=\"https:\/\/www.ufmg.br\/proex\/wp-content\/uploads\/2021\/12\/Relacao-de-pagamentos-10-2020.pdf\" target=\"_blank\" rel=\"noopener\">Transpar\u00eancia Gastos P\u00fablicos<\/a><\/u><\/p>\n<p>Setembro \u2013<a href=\"https:\/\/www.ufmg.br\/proex\/wp-content\/uploads\/2021\/12\/Relacao-de-pagamentos-09-2020.pdf\" target=\"_blank\" rel=\"noopener\"><strong>\u00a0<\/strong><u>Transpar\u00eancia Gastos P\u00fablicos<\/u><\/a><\/p>\n<p>Agosto \u2013 <a href=\"https:\/\/www.ufmg.br\/proex\/wp-content\/uploads\/2021\/12\/Relacao-de-pagamentos-08-2020.pdf\" target=\"_blank\" rel=\"noopener\"><u>Transpar\u00eancia Gastos P\u00fablicos<\/u><\/a><\/p>\n<p>Julho \u2013<a href=\"https:\/\/www.ufmg.br\/proex\/wp-content\/uploads\/2021\/12\/Relacao-de-pagamentos-07-2020.pdf\" target=\"_blank\" rel=\"noopener\"><u>Transpar\u00eancia<\/u><u> Gastos<\/u><u> P\u00fablicos<\/u><\/a><\/p>\n<p>Junho \u2013 <a href=\"https:\/\/www.ufmg.br\/proex\/wp-content\/uploads\/2021\/12\/Relacao-de-pagamentos-06-2020.pdf\"><u>Transpar\u00eancia Gastos P\u00fablicos<\/u><\/a><\/p>\n<p>Maio \u2013 <a href=\"https:\/\/www.ufmg.br\/proex\/wp-content\/uploads\/2021\/12\/Relacao-de-pagamentos-05-2020.pdf\" target=\"_blank\" rel=\"noopener\"><u>Transpar\u00eancia Gastos P\u00fablicos<\/u><\/a><\/p>\n<p>Abril \u2013 <a href=\"https:\/\/www.ufmg.br\/proex\/wp-content\/uploads\/2021\/12\/Relacao-de-pagamentos-04-2020.pdf\">Transpar\u00eancia Gastos P\u00fablicos<\/a><\/p>\n<p>Mar\u00e7o \u2013 <a href=\"https:\/\/www.ufmg.br\/proex\/wp-content\/uploads\/2021\/12\/Relacao-de-pagamentos-03-2020.pdf\" target=\"_blank\" rel=\"noopener\">Transpar\u00eancia Gastos P\u00fablicos<\/a><\/p>\n<p>Fevereiro \u2013<a href=\"https:\/\/www.ufmg.br\/proex\/wp-content\/uploads\/2021\/12\/Relacao-de-pagamentos-02-2020.pdf\" target=\"_blank\" rel=\"noopener\"><u>Transpar\u00eancia\u00a0Gastos P\u00fablicos<\/u><\/a><\/p>\n<p>Janeiro \u2013<a href=\"https:\/\/www.ufmg.br\/proex\/wp-content\/uploads\/2021\/12\/Relacao-de-pagamentos-01-2020.pdf\" target=\"_blank\" rel=\"noopener\"><u>Transpar\u00eancia\u00a0Gastos P\u00fablicos<\/u><\/a><\/p>\n<p><b>2019<\/b><\/p>\n<p>Dezembro \u2013<a href=\"https:\/\/www.ufmg.br\/proex\/wp-content\/uploads\/2021\/12\/Relacao-de-pagamentos-12-2019.pdf\" target=\"_blank\" rel=\"noopener\"><u>Transpar\u00eancia Gastos P\u00fablicos<\/u><\/a><\/p>\n<p>Novembro \u2013 <a href=\"https:\/\/www.ufmg.br\/proex\/wp-content\/uploads\/2021\/12\/Relacao-de-pagamentos-11-2019.pdf\" target=\"_blank\" rel=\"noopener\"><u>Transpar\u00eancia Gastos P\u00fablicos<\/u><\/a><\/p>\n<p>Outubro \u2013 <a href=\"https:\/\/www.ufmg.br\/proex\/wp-content\/uploads\/2021\/12\/Relacao-de-pagamentos-10-2019.pdf\" target=\"_blank\" rel=\"noopener\"><u>Transpar\u00eancia Gastos P\u00fablicos<\/u><\/a><\/p>\n<p>Setembro \u2013 <a href=\"https:\/\/www.ufmg.br\/proex\/wp-content\/uploads\/2021\/12\/Relacao-de-pagamentos-09-2019.pdf\" target=\"_blank\" rel=\"noopener\"><u>Transpar\u00eancia Gastos P\u00fablicos<\/u><\/a><\/p>\n<p>Agosto \u2013<a href=\"https:\/\/www.ufmg.br\/proex\/wp-content\/uploads\/2021\/12\/Relacao-de-pagamentos-08-2019.pdf\" target=\"_blank\" rel=\"noopener\"><u>Transpar\u00eancia Gastos P\u00fablicos<\/u><\/a><\/p>\n<p>Junho \u2013 <u><a href=\"https:\/\/www.ufmg.br\/proex\/wp-content\/uploads\/2021\/12\/Relacao-de-pagamentos-06-2019.pdf\" target=\"_blank\" rel=\"noopener\">Transpar\u00eancia Gastos P\u00fablicos<\/a><\/u><\/p>\n<p>Maio \u2013<u><a href=\"https:\/\/www.ufmg.br\/proex\/wp-content\/uploads\/2021\/12\/Relacao-de-pagamentos-05-2019.pdf\" target=\"_blank\" rel=\"noopener\">Transpar\u00eancia Gastos P\u00fablicos<\/a><\/u><\/p>\n<p>Abril \u2013 <u><a href=\"https:\/\/www.ufmg.br\/proex\/wp-content\/uploads\/2021\/12\/Relacao-de-pagamentos-04-2019.pdf\" target=\"_blank\" rel=\"noopener\">Transpar\u00eancia Gastos P\u00fablicos<\/a><\/u><\/p>\n<p>Mar\u00e7o \u2013 <u><a href=\"https:\/\/www.ufmg.br\/proex\/wp-content\/uploads\/2021\/12\/Relacao-de-pagamentos-03-2019.pdf\" target=\"_blank\" rel=\"noopener\">Transpar\u00eancia Gastos P\u00fablicos<\/a><\/u><\/p>\n<p>Fevereiro \u2013<u><a id=\"__mce_tmp\" href=\"https:\/\/www.ufmg.br\/proex\/wp-content\/uploads\/2021\/12\/Relacao-de-pagamentos-02-2019.pdf\" target=\"_blank\" rel=\"noopener\">Transpar\u00eancia Gastos P\u00fablicos<\/a><\/u><\/p>\n<p><strong>2018<\/strong><\/p>\n<p>Dezembro \u2013<u><a href=\"https:\/\/www.ufmg.br\/proex\/wp-content\/uploads\/2021\/12\/Relacao-de-pagamentos-12-2018.pdf\" target=\"_blank\" rel=\"noopener\">Transpar\u00eancia Gastos P\u00fablicos<\/a><\/u><\/p>\n<p>Novembro \u2013 <u><a href=\"https:\/\/www.ufmg.br\/proex\/wp-content\/uploads\/2021\/12\/Relacao-de-pagamentos-11-2018.pdf\" target=\"_blank\" rel=\"noopener\">Transpar\u00eancia Gastos P\u00fablicos<\/a><\/u><\/p>\n<p>Outubro \u2013<u><a href=\"https:\/\/www.ufmg.br\/proex\/wp-content\/uploads\/2021\/12\/Relacao-de-pagamentos-10-2018.pdf\" target=\"_blank\" rel=\"noopener\">Transpar\u00eancia Gastos P\u00fablicos<\/a><\/u><\/p>\n<p>Setembro \u2013<u><a href=\"https:\/\/www.ufmg.br\/proex\/wp-content\/uploads\/2021\/12\/Relacao-de-pagamentos-09-2018.pdf\" target=\"_blank\" rel=\"noopener\">Transpar\u00eancia Gastos P\u00fablicos<\/a><\/u><\/p>\n<p>Agosto \u2013 <u><a href=\"https:\/\/www.ufmg.br\/proex\/wp-content\/uploads\/2021\/12\/Relacao-de-pagamentos-08-2018.pdf\" target=\"_blank\" rel=\"noopener\">Transpar\u00eancia Gastos P\u00fablicos<\/a><\/u><\/p>\n<p>Julho \u2013 <u><a href=\"https:\/\/www.ufmg.br\/proex\/wp-content\/uploads\/2021\/12\/Relacao-de-pagamentos-07-2018.pdf\" target=\"_blank\" rel=\"noopener\">Transpar\u00eancia Gastos P\u00fablicos<\/a><\/u><\/p>\n<p>Junho \u2013<u><a href=\"https:\/\/www.ufmg.br\/proex\/wp-content\/uploads\/2021\/12\/Relacao-de-pagamentos-06-2018.pdf\" target=\"_blank\" rel=\"noopener\">Transpar\u00eancia Gastos P\u00fablicos<\/a><\/u><\/p>\n<p>Maio \u2013 <u><a href=\"https:\/\/www.ufmg.br\/proex\/wp-content\/uploads\/2021\/12\/Relacao-de-pagamentos-05-2018.pdf\" target=\"_blank\" rel=\"noopener\">Transpar\u00eancia Gastos P\u00fablicos<\/a><\/u><\/p>\n<p>Abril \u2013 <u><a href=\"https:\/\/www.ufmg.br\/proex\/wp-content\/uploads\/2021\/12\/Relacao-de-pagamentos-04-2018-CORRIGIDO.pdf\" target=\"_blank\" rel=\"noopener\">Transpar\u00eancia Gastos P\u00fablicos<\/a><\/u><\/p>\n<p>&nbsp;<\/p>\n","protected":false},"excerpt":{"rendered":"<p>A\u00a0Lei n\u00ba 12.527\/2011, conhecida como Lei de Acesso \u00e0 Informa\u00e7\u00e3o [&hellip;]<\/p>\n","protected":false},"author":2,"featured_media":0,"parent":780,"menu_order":0,"comment_status":"closed","ping_status":"closed","template":"","meta":[],"tags":[],"_links":{"self":[{"href":"https:\/\/www.ufmg.br\/proex\/wp-json\/wp\/v2\/pages\/783"}],"collection":[{"href":"https:\/\/www.ufmg.br\/proex\/wp-json\/wp\/v2\/pages"}],"about":[{"href":"https:\/\/www.ufmg.br\/proex\/wp-json\/wp\/v2\/types\/page"}],"author":[{"embeddable":true,"href":"https:\/\/www.ufmg.br\/proex\/wp-json\/wp\/v2\/users\/2"}],"replies":[{"embeddable":true,"href":"https:\/\/www.ufmg.br\/proex\/wp-json\/wp\/v2\/comments?post=783"}],"version-history":[{"count":108,"href":"https:\/\/www.ufmg.br\/proex\/wp-json\/wp\/v2\/pages\/783\/revisions"}],"predecessor-version":[{"id":15869,"href":"https:\/\/www.ufmg.br\/proex\/wp-json\/wp\/v2\/pages\/783\/revisions\/15869"}],"up":[{"embeddable":true,"href":"https:\/\/www.ufmg.br\/proex\/wp-json\/wp\/v2\/pages\/780"}],"wp:attachment":[{"href":"https:\/\/www.ufmg.br\/proex\/wp-json\/wp\/v2\/media?parent=783"}],"wp:term":[{"taxonomy":"post_tag","embeddable":true,"href":"https:\/\/www.ufmg.br\/proex\/wp-json\/wp\/v2\/tags?post=783"}],"curies":[{"name":"wp","href":"https:\/\/api.w.org\/{rel}","templated":true}]}}