{"id":7849,"date":"2023-04-18T09:00:18","date_gmt":"2023-04-18T12:00:18","guid":{"rendered":"https:\/\/www.ufmg.br\/proex\/?page_id=7849"},"modified":"2023-04-18T09:23:20","modified_gmt":"2023-04-18T12:23:20","slug":"educacao-cientifica-em-museus","status":"publish","type":"page","link":"https:\/\/www.ufmg.br\/proex\/educacao-cientifica-em-museus\/","title":{"rendered":"Educa\u00e7\u00e3o cient\u00edfica em museus"},"content":{"rendered":"<p><strong>At\u00e9 23 de abril de 2023<\/strong>, est\u00e3o abertas as inscri\u00e7\u00f5es para uma vaga de bolsista no projeto <em>Educa\u00e7\u00e3o cient\u00edfica em museus: desenvolvimento do pensamento cient\u00edfico, cr\u00edtico e criativo na imers\u00e3o dos acervos universit\u00e1rios da UFMG.<\/em><\/p>\n<p>Podem se inscrever estudantes de gradua\u00e7\u00e3o da UFMG dos cursos Jornalismo, Publicidade e Propaganda Rela\u00e7\u00f5es P\u00fablicas, cursos afins ou estudantes com experi\u00eancia no plano de atividades, que estejam regularmente matriculados em qualquer Institui\u00e7\u00e3o de Ensino Superior da Regi\u00e3o Metropolitana de Belo Horizonte, do 2\u00ba ao 7\u00ba per\u00edodo.<\/p>\n<p>Para realizar a inscri\u00e7\u00e3o, o candidato dever\u00e1 enviar\u00a0<a href=\"https:\/\/docs.google.com\/forms\/d\/e\/1FAIpQLSdita-ASZPEdLCuyiFWPMwW52iV7qnokpP5d5StsdiOtI52oQ\/viewform\" target=\"_blank\" rel=\"noopener\">formul\u00e1rio eletr\u00f4nico<\/a> totalmente preenchido e anexar os seguintes documentos:<\/p>\n<p>&#8211; Arquivo contendo o hist\u00f3rico escolar da Gradua\u00e7\u00e3o e o Rendimento ou Nota Semestral Global dos per\u00edodos j\u00e1 cursados;<br \/>\n&#8211; Arquivo contendo Carta de Inten\u00e7\u00f5es do candidato (apresenta\u00e7\u00e3o do perfil e descri\u00e7\u00e3o do motivo pelo qual deseja ser bolsista do projeto).<\/p>\n<p>O resultado final ser\u00e1 divulgado no <a href=\"http:\/\/www.ufmg.br\/rededemuseus\" target=\"_blank\" rel=\"noopener\">website da Rede de Museus da UFMG<\/a>, a partir do dia 27 de abril.<\/p>\n<p>As demais informa\u00e7\u00f5es devem ser consultadas no<a href=\"https:\/\/www.ufmg.br\/proex\/wp-content\/uploads\/2023\/04\/2023_06_Edital.pdf\" target=\"_blank\" rel=\"noopener\"> edital 06\/2023.<\/a><\/p>\n<p>&nbsp;<\/p>\n<p>&nbsp;<\/p>\n<p>&nbsp;<\/p>\n<p>&nbsp;<\/p>\n<p>&nbsp;<\/p>\n","protected":false},"excerpt":{"rendered":"<p>At\u00e9 23 de abril de 2023, est\u00e3o abertas as inscri\u00e7\u00f5es [&hellip;]<\/p>\n","protected":false},"author":2,"featured_media":0,"parent":0,"menu_order":0,"comment_status":"closed","ping_status":"closed","template":"","meta":[],"tags":[23,299],"_links":{"self":[{"href":"https:\/\/www.ufmg.br\/proex\/wp-json\/wp\/v2\/pages\/7849"}],"collection":[{"href":"https:\/\/www.ufmg.br\/proex\/wp-json\/wp\/v2\/pages"}],"about":[{"href":"https:\/\/www.ufmg.br\/proex\/wp-json\/wp\/v2\/types\/page"}],"author":[{"embeddable":true,"href":"https:\/\/www.ufmg.br\/proex\/wp-json\/wp\/v2\/users\/2"}],"replies":[{"embeddable":true,"href":"https:\/\/www.ufmg.br\/proex\/wp-json\/wp\/v2\/comments?post=7849"}],"version-history":[{"count":13,"href":"https:\/\/www.ufmg.br\/proex\/wp-json\/wp\/v2\/pages\/7849\/revisions"}],"predecessor-version":[{"id":8127,"href":"https:\/\/www.ufmg.br\/proex\/wp-json\/wp\/v2\/pages\/7849\/revisions\/8127"}],"wp:attachment":[{"href":"https:\/\/www.ufmg.br\/proex\/wp-json\/wp\/v2\/media?parent=7849"}],"wp:term":[{"taxonomy":"post_tag","embeddable":true,"href":"https:\/\/www.ufmg.br\/proex\/wp-json\/wp\/v2\/tags?post=7849"}],"curies":[{"name":"wp","href":"https:\/\/api.w.org\/{rel}","templated":true}]}}