{"id":7860,"date":"2023-03-21T11:16:05","date_gmt":"2023-03-21T14:16:05","guid":{"rendered":"https:\/\/www.ufmg.br\/proex\/?page_id=7860"},"modified":"2024-02-19T11:38:11","modified_gmt":"2024-02-19T14:38:11","slug":"projeto-pequi","status":"publish","type":"page","link":"https:\/\/www.ufmg.br\/proex\/projeto-pequi\/","title":{"rendered":"Projeto Pequi"},"content":{"rendered":"<p><strong>At\u00e9 29 de fevereiro de 2024<\/strong>, est\u00e3o abertas as inscri\u00e7\u00f5es para sele\u00e7\u00e3o de bolsistas para projeto <em>Uso do pequi Caryocar brasiliense como alternativa de renda para a comunidade remanescente do quilombo de Pontinha, Paraopeba, Minas Gerais,<\/em> vinculado ao Instituto de Ci\u00eancias Biol\u00f3gicas (ICB\/UFMG).<\/p>\n<p>S\u00e3o ofertadas 2 (duas) vagas, sendo 1 (uma) bolsa PBEXT e 1 (uma) bolsa PBEXT A\u00e7\u00e3o Afirmativa.<\/p>\n<p>O (a) interessado (a) deve ser aluno (a) regularmente matriculado (a) nos cursos de gradua\u00e7\u00e3o da UFMG em Ci\u00eancias Biol\u00f3gicas ou Ci\u00eancias Socioambientais, a partir do quinto per\u00edodo.<\/p>\n<p>A inscri\u00e7\u00e3o dever\u00e1 ser realizada por meio de <a href=\"https:\/\/docs.google.com\/forms\/d\/e\/1FAIpQLSexUlLr4mm038GdNnuAzl0ZPiFBaVHGHDunId6mezzGinT4Qg\/viewform\" target=\"_blank\" rel=\"noopener\">formul\u00e1rio on-line.<\/a> Os candidatos dever\u00e3o anexar ao formul\u00e1rio os seguintes documentos:<br \/>\na) Hist\u00f3rico Escolar da Gradua\u00e7\u00e3o dos per\u00edodos j\u00e1 cursados, incluindo o Rendimento Semestral<br \/>\nGlobal (RSG);<br \/>\nb) Carta de Inten\u00e7\u00f5es do candidato (apresenta\u00e7\u00e3o\/perfil e motivos pelos quais deseja ser bolsista do Programa);<br \/>\nc) Curr\u00edculo Lattes atualizado;<br \/>\nd) No caso de candidatos \u00e0 bolsa Bolsa PBEXT A\u00e7\u00e3o Afirmativa, comprovante de classifica\u00e7\u00e3o pelo sistema de cotas ou autodeclara\u00e7\u00e3o que comprove atender o item 3.5 do edital.<\/p>\n<p>A bolsa ter\u00e1 vig\u00eancia de mar\u00e7o de 2024 a fevereiro de 2025.<\/p>\n<p>Outras informa\u00e7\u00f5es devem ser consultadas no <a href=\"https:\/\/www.icb.ufmg.br\/images\/CENEX\/2024_Editais\/Edital-Pequi.pdf\" target=\"_blank\" rel=\"noopener\">edital de sele\u00e7\u00e3o.<\/a><\/p>\n<p>&nbsp;<\/p>\n","protected":false},"excerpt":{"rendered":"<p>At\u00e9 29 de fevereiro de 2024, est\u00e3o abertas as inscri\u00e7\u00f5es [&hellip;]<\/p>\n","protected":false},"author":2,"featured_media":0,"parent":0,"menu_order":0,"comment_status":"closed","ping_status":"closed","template":"","meta":[],"tags":[23,739],"_links":{"self":[{"href":"https:\/\/www.ufmg.br\/proex\/wp-json\/wp\/v2\/pages\/7860"}],"collection":[{"href":"https:\/\/www.ufmg.br\/proex\/wp-json\/wp\/v2\/pages"}],"about":[{"href":"https:\/\/www.ufmg.br\/proex\/wp-json\/wp\/v2\/types\/page"}],"author":[{"embeddable":true,"href":"https:\/\/www.ufmg.br\/proex\/wp-json\/wp\/v2\/users\/2"}],"replies":[{"embeddable":true,"href":"https:\/\/www.ufmg.br\/proex\/wp-json\/wp\/v2\/comments?post=7860"}],"version-history":[{"count":12,"href":"https:\/\/www.ufmg.br\/proex\/wp-json\/wp\/v2\/pages\/7860\/revisions"}],"predecessor-version":[{"id":11630,"href":"https:\/\/www.ufmg.br\/proex\/wp-json\/wp\/v2\/pages\/7860\/revisions\/11630"}],"wp:attachment":[{"href":"https:\/\/www.ufmg.br\/proex\/wp-json\/wp\/v2\/media?parent=7860"}],"wp:term":[{"taxonomy":"post_tag","embeddable":true,"href":"https:\/\/www.ufmg.br\/proex\/wp-json\/wp\/v2\/tags?post=7860"}],"curies":[{"name":"wp","href":"https:\/\/api.w.org\/{rel}","templated":true}]}}