{"id":7871,"date":"2023-03-22T08:57:11","date_gmt":"2023-03-22T11:57:11","guid":{"rendered":"https:\/\/www.ufmg.br\/proex\/?page_id=7871"},"modified":"2023-03-22T09:34:03","modified_gmt":"2023-03-22T12:34:03","slug":"tecnologias-digitais-de-informacao-e-comunicacao","status":"publish","type":"page","link":"https:\/\/www.ufmg.br\/proex\/tecnologias-digitais-de-informacao-e-comunicacao\/","title":{"rendered":"Tecnologias digitais de informa\u00e7\u00e3o e comunica\u00e7\u00e3o"},"content":{"rendered":"<p>O projeto de extens\u00e3o <em>Ensino e aprendizagem de tecnologias e l\u00ednguas adicionais: uma parceria UFMG e AVABRUM<\/em>, da Faculdade de Letras (Fale), abriu processo para selecionar dois bolsistas (duas vagas) de p\u00f3s-gradua\u00e7\u00e3o da UFMG (cursando mestrado e doutorado).<\/p>\n<p>O estudante vai realizar atividades de tutoria de cursos de capacita\u00e7\u00e3o em tecnologias digitais de informa\u00e7\u00e3o e comunica\u00e7\u00e3o oferecidos na modalidade a dist\u00e2ncia.<\/p>\n<p>Ser\u00e1 dada prefer\u00eancia a estudantes que desenvolvem pesquisa na \u00e1rea da educa\u00e7\u00e3o e tecnologias educacionais.<\/p>\n<p>A inscri\u00e7\u00e3o \u00e9 realizada exclusivamente por <a href=\"https:\/\/forms.gle\/gnBsSGG6CpX6ULqu5\" target=\"_blank\" rel=\"noopener\">formul\u00e1rio eletr\u00f4nico<\/a>, <strong>at\u00e9 2 de abril de 2023<\/strong>. Os candidatos devem enviar os seguintes documentos:<br \/>\na) Curr\u00edculo;<br \/>\nb) Hist\u00f3rico Escolar;<br \/>\nc) Comprovante de matr\u00edcula no semestre atual;<br \/>\nd) Comprovante de endere\u00e7o, caso o estudante seja proveniente do munic\u00edpio de Brumadinho e demais munic\u00edpios da regi\u00e3o da bacia do Rio Paraopeba.<\/p>\n<p>As atividades v\u00e3o iniciar no dia 1\u00ba de maio de 2023.<\/p>\n<p>Consulte as demais informa\u00e7\u00f5es no<a href=\"https:\/\/www.ufmg.br\/proex\/wp-content\/uploads\/2023\/03\/Edital_bolsistas_marco2023_divulgacao.pdf\" target=\"_blank\" rel=\"noopener\"> edital 0043\/2023 Fale-UFMG.<\/a><\/p>\n<p>&nbsp;<\/p>\n<p>&nbsp;<\/p>\n<p>&nbsp;<\/p>\n<p>&nbsp;<\/p>\n<p>&nbsp;<\/p>\n<p>&nbsp;<\/p>\n","protected":false},"excerpt":{"rendered":"<p>O projeto de extens\u00e3o Ensino e aprendizagem de tecnologias e [&hellip;]<\/p>\n","protected":false},"author":2,"featured_media":0,"parent":0,"menu_order":0,"comment_status":"closed","ping_status":"closed","template":"","meta":[],"tags":[129,23],"_links":{"self":[{"href":"https:\/\/www.ufmg.br\/proex\/wp-json\/wp\/v2\/pages\/7871"}],"collection":[{"href":"https:\/\/www.ufmg.br\/proex\/wp-json\/wp\/v2\/pages"}],"about":[{"href":"https:\/\/www.ufmg.br\/proex\/wp-json\/wp\/v2\/types\/page"}],"author":[{"embeddable":true,"href":"https:\/\/www.ufmg.br\/proex\/wp-json\/wp\/v2\/users\/2"}],"replies":[{"embeddable":true,"href":"https:\/\/www.ufmg.br\/proex\/wp-json\/wp\/v2\/comments?post=7871"}],"version-history":[{"count":9,"href":"https:\/\/www.ufmg.br\/proex\/wp-json\/wp\/v2\/pages\/7871\/revisions"}],"predecessor-version":[{"id":7882,"href":"https:\/\/www.ufmg.br\/proex\/wp-json\/wp\/v2\/pages\/7871\/revisions\/7882"}],"wp:attachment":[{"href":"https:\/\/www.ufmg.br\/proex\/wp-json\/wp\/v2\/media?parent=7871"}],"wp:term":[{"taxonomy":"post_tag","embeddable":true,"href":"https:\/\/www.ufmg.br\/proex\/wp-json\/wp\/v2\/tags?post=7871"}],"curies":[{"name":"wp","href":"https:\/\/api.w.org\/{rel}","templated":true}]}}