{"id":7883,"date":"2023-03-22T09:24:44","date_gmt":"2023-03-22T12:24:44","guid":{"rendered":"https:\/\/www.ufmg.br\/proex\/?page_id=7883"},"modified":"2023-03-22T09:28:13","modified_gmt":"2023-03-22T12:28:13","slug":"proeco","status":"publish","type":"page","link":"https:\/\/www.ufmg.br\/proex\/proeco\/","title":{"rendered":"Programa de extens\u00e3o Esta\u00e7\u00e3o Ecol\u00f3gica"},"content":{"rendered":"<p>O programa de extens\u00e3o Esta\u00e7\u00e3o Ecol\u00f3gica (Proeco\/UFMG) recebe, <strong>at\u00e9 26 de mar\u00e7o<\/strong>, inscri\u00e7\u00f5es de candidatos a bolsistas e volunt\u00e1rios.<\/p>\n<p>S\u00e3o oferecidas 14 vagas imediatas mais cadastro de reserva (encaminhados imediatamente ao voluntariado), destinadas a alunos de quaisquer cursos de gradua\u00e7\u00e3o da UFMG, a partir do 2\u00ba per\u00edodo.<\/p>\n<p>O estudante vai participar como monitor em atividades de educa\u00e7\u00e3o ambiental na Esta\u00e7\u00e3o Ecol\u00f3gica (campus Pampulha). As inscri\u00e7\u00f5es devem ser realizadas somente por meio de <a href=\"https:\/\/docs.google.com\/forms\/d\/e\/1FAIpQLScScka2yXqvrafMjBLuFwbDd2mkFZhEf_WP9x4oAPwODjvhtQ\/viewform\" target=\"_blank\" rel=\"noopener\">formul\u00e1rio eletr\u00f4nico<\/a>.<\/p>\n<p>As demais informa\u00e7\u00f5es est\u00e3o no <a href=\"https:\/\/drive.google.com\/file\/d\/1-4Bk0-MMLN_dttUiE4y_qESenM-It0_7\/view\" target=\"_blank\" rel=\"noopener\">edital da sele\u00e7\u00e3o.<\/a><\/p>\n<p>O Proeco consiste em um programa que envolve diversos projetos comprometidos com a conserva\u00e7\u00e3o da biodiversidade, com a educa\u00e7\u00e3o ambiental cr\u00edtica e com o di\u00e1logo com a sociedade. Possui diversas a\u00e7\u00f5es de car\u00e1ter educativo, de democratiza\u00e7\u00e3o e populariza\u00e7\u00e3o do conhecimento cient\u00edfico, eventos, oficinas, forma\u00e7\u00f5es e a\u00e7\u00f5es sociais, tanto no \u00e2mbito da Esta\u00e7\u00e3o Ecol\u00f3gica, como para al\u00e9m dos muros da UFMG.<\/p>\n<p>&nbsp;<\/p>\n<p>&nbsp;<\/p>\n<p>&nbsp;<\/p>\n<p>&nbsp;<\/p>\n","protected":false},"excerpt":{"rendered":"<p>O programa de extens\u00e3o Esta\u00e7\u00e3o Ecol\u00f3gica (Proeco\/UFMG) recebe, at\u00e9 26 [&hellip;]<\/p>\n","protected":false},"author":2,"featured_media":0,"parent":0,"menu_order":0,"comment_status":"closed","ping_status":"closed","template":"","meta":[],"tags":[23,741],"_links":{"self":[{"href":"https:\/\/www.ufmg.br\/proex\/wp-json\/wp\/v2\/pages\/7883"}],"collection":[{"href":"https:\/\/www.ufmg.br\/proex\/wp-json\/wp\/v2\/pages"}],"about":[{"href":"https:\/\/www.ufmg.br\/proex\/wp-json\/wp\/v2\/types\/page"}],"author":[{"embeddable":true,"href":"https:\/\/www.ufmg.br\/proex\/wp-json\/wp\/v2\/users\/2"}],"replies":[{"embeddable":true,"href":"https:\/\/www.ufmg.br\/proex\/wp-json\/wp\/v2\/comments?post=7883"}],"version-history":[{"count":9,"href":"https:\/\/www.ufmg.br\/proex\/wp-json\/wp\/v2\/pages\/7883\/revisions"}],"predecessor-version":[{"id":7893,"href":"https:\/\/www.ufmg.br\/proex\/wp-json\/wp\/v2\/pages\/7883\/revisions\/7893"}],"wp:attachment":[{"href":"https:\/\/www.ufmg.br\/proex\/wp-json\/wp\/v2\/media?parent=7883"}],"wp:term":[{"taxonomy":"post_tag","embeddable":true,"href":"https:\/\/www.ufmg.br\/proex\/wp-json\/wp\/v2\/tags?post=7883"}],"curies":[{"name":"wp","href":"https:\/\/api.w.org\/{rel}","templated":true}]}}