{"id":7944,"date":"2023-03-28T15:17:55","date_gmt":"2023-03-28T18:17:55","guid":{"rendered":"https:\/\/www.ufmg.br\/proex\/?page_id=7944"},"modified":"2025-11-19T10:50:13","modified_gmt":"2025-11-19T13:50:13","slug":"extensaoacademicanapratica","status":"publish","type":"page","link":"https:\/\/www.ufmg.br\/proex\/extensaoacademicanapratica\/","title":{"rendered":"Curso Extens\u00e3o Acad\u00eamica na Pr\u00e1tica"},"content":{"rendered":"<h4><strong><em>Servidores da UFMG podem se inscrever em cada oficina no segundo semestre de 2025<\/em><\/strong><\/h4>\n<p>&nbsp;<\/p>\n<div id=\"attachment_15676\" style=\"width: 760px\" class=\"wp-caption alignnone\"><img aria-describedby=\"caption-attachment-15676\" loading=\"lazy\" class=\"wp-image-15676\" src=\"https:\/\/www.ufmg.br\/proex\/wp-content\/uploads\/2025\/06\/Formacao-teve-ampla-participacao-dos-servidores-no-segundo-semestre-de-2024-Foto-Eduardo-MaiaProex--300x200.jpg\" alt=\"Forma\u00e7\u00e3o contou com ampla participa\u00e7\u00e3o da comunidade acad\u00eamica em 2024 | Foto: Eduardo Maia\/Proex\" width=\"750\" height=\"500\" srcset=\"https:\/\/www.ufmg.br\/proex\/wp-content\/uploads\/2025\/06\/Formacao-teve-ampla-participacao-dos-servidores-no-segundo-semestre-de-2024-Foto-Eduardo-MaiaProex--300x200.jpg 300w, https:\/\/www.ufmg.br\/proex\/wp-content\/uploads\/2025\/06\/Formacao-teve-ampla-participacao-dos-servidores-no-segundo-semestre-de-2024-Foto-Eduardo-MaiaProex--1024x683.jpg 1024w, https:\/\/www.ufmg.br\/proex\/wp-content\/uploads\/2025\/06\/Formacao-teve-ampla-participacao-dos-servidores-no-segundo-semestre-de-2024-Foto-Eduardo-MaiaProex--768x512.jpg 768w, https:\/\/www.ufmg.br\/proex\/wp-content\/uploads\/2025\/06\/Formacao-teve-ampla-participacao-dos-servidores-no-segundo-semestre-de-2024-Foto-Eduardo-MaiaProex--1536x1024.jpg 1536w, https:\/\/www.ufmg.br\/proex\/wp-content\/uploads\/2025\/06\/Formacao-teve-ampla-participacao-dos-servidores-no-segundo-semestre-de-2024-Foto-Eduardo-MaiaProex--2048x1365.jpg 2048w\" sizes=\"(max-width: 750px) 100vw, 750px\" \/><p id=\"caption-attachment-15676\" class=\"wp-caption-text\">Forma\u00e7\u00e3o contou com ampla participa\u00e7\u00e3o da comunidade acad\u00eamica em 2024 | Foto: Eduardo Maia\/Proex<\/p><\/div>\n<p>As Pr\u00f3-reitorias de Extens\u00e3o (Proex) e de Recursos Humanos (ProRH) da UFMG oferecem o <strong>curso Extens\u00e3o Acad\u00eamica na Pr\u00e1tica<\/strong>.<\/p>\n<p>A edi\u00e7\u00e3o referente ao segundo semestre de 2025 \u00e9 composta por seis oficinas tem\u00e1ticas sobre extens\u00e3o. As oficinas ser\u00e3o realizadas, presencialmente, at\u00e9 novembro.<\/p>\n<p><strong>A participa\u00e7\u00e3o \u00e9 gratuita! <\/strong><\/p>\n<p>Podem se inscrever servidores docentes e t\u00e9cnico-administrativos da Universidade.<\/p>\n<p>S\u00e3o disponibilizadas 40 vagas em cada encontro.<\/p>\n<p dir=\"ltr\"><strong>Oficina 1 (realizada)<\/strong><br \/>\nComo submeter a minha atividade de extens\u00e3o aos editais de fomento da PROEX? Como \u00e9 o processo de avalia\u00e7\u00e3o da extens\u00e3o na UFMG?<br \/>\n<strong>Inscri\u00e7\u00e3o<\/strong>: 12\/06 a 18\/06\/2025<br \/>\n<strong>Data do encontro<\/strong>: 3 julho, das 14h \u00e0s 17h<br \/>\n<strong>Local<\/strong>: ICB<br \/>\n<a href=\"https:\/\/forms.gle\/fFN1K9G39rHuLHVVA\" target=\"_blank\" rel=\"noopener\">Formul\u00e1rio de inscri\u00e7\u00e3o<\/a><\/p>\n<p dir=\"ltr\"><strong>Oficina 2 (realizada)<\/strong><br \/>\nQuais os caminhos para aprova\u00e7\u00e3o e registro das atividades de extens\u00e3o?<br \/>\n<strong>Inscri\u00e7\u00e3o<\/strong>: 14\/07 a 25\/07\/2025<br \/>\n<strong>Data do encontro<\/strong>: 7 de agosto, das 14h \u00e0s 17h<br \/>\n<strong>Local<\/strong>: ICB<br \/>\n<a href=\"https:\/\/docs.google.com\/forms\/d\/e\/1FAIpQLScraBzJ1Lph3h-GjHM63-bKSEb7XTGnn6jegrzKkg8DFGETeA\/viewform\" target=\"_blank\" rel=\"noopener\">Formul\u00e1rio de inscri\u00e7\u00e3o<\/a><\/p>\n<p dir=\"ltr\"><strong>Oficina 3 (realizada)<\/strong><br \/>\nO que eu fa\u00e7o ou pretendo fazer \u00e9 Divulga\u00e7\u00e3o cient\u00edfica?<br \/>\n<strong>Inscri\u00e7\u00e3o<\/strong>: 11\/08 a 15\/08\/2025<br \/>\n<strong>Data do encontro<\/strong>: 28 agosto, das 14h \u00e0s 17h<br \/>\n<strong>Local<\/strong>: ICB<br \/>\n<a href=\"https:\/\/forms.gle\/URXy1Cea7ZNZ2VmR7\" target=\"_blank\" rel=\"noopener\">Formul\u00e1rio de inscri\u00e7\u00e3o<\/a><\/p>\n<p dir=\"ltr\"><strong>Oficina 4 (realizada)<br \/>\n<\/strong>Tenho uma ideia, como fa\u00e7o para transform\u00e1-la em atividade de extens\u00e3o?<br \/>\n<strong>Inscri\u00e7\u00e3o<\/strong>: at\u00e9 17\/09\/2025<br \/>\n<strong>Data do encontro<\/strong>: 25 setembro, das 14h \u00e0s 17h<br \/>\n<strong>Local<\/strong>: ICB<br \/>\n<a href=\"https:\/\/forms.gle\/FW5SWoNPPW5Z9Lq37\" target=\"_blank\" rel=\"noopener\">Formul\u00e1rio de inscri\u00e7\u00e3o<\/a><\/p>\n<p dir=\"ltr\"><strong>Oficina 5 (realizada)<\/strong><br \/>\nDo que trata a forma\u00e7\u00e3o em extens\u00e3o na gradua\u00e7\u00e3o e como posso contribuir?<br \/>\n<strong>Inscri\u00e7\u00e3o<\/strong>: 13\/10 a 17\/10\/2025<br \/>\n<strong>Data do encontro<\/strong>: 30 outubro, das 14h \u00e0s 17h<br \/>\n<strong>Local<\/strong>: ICB<br \/>\n<a href=\"https:\/\/forms.gle\/JirXoSYqEYSuUSMz7\" target=\"_blank\" rel=\"noopener\">Formul\u00e1rio de inscri\u00e7\u00e3o<\/a><\/p>\n<p dir=\"ltr\"><strong>Oficina 6 (realizada)<\/strong><br \/>\nExtens\u00e3o Universit\u00e1ria, Direitos Humanos e Participa\u00e7\u00e3o Social<br \/>\n<strong>Inscri\u00e7\u00e3o<\/strong>: 03\/11 a 10\/11\/2025<br \/>\n<strong>Data do encontro<\/strong>: 18 novembro, das 14h \u00e0s 17h<br \/>\n<strong>Local<\/strong>: ICB<br \/>\n<a href=\"https:\/\/forms.gle\/zaoUx9mWAyPi1NKS9\" target=\"_blank\" rel=\"noopener\">Formul\u00e1rio de inscri\u00e7\u00e3o<\/a><\/p>\n<div>\n<p>O material de refer\u00eancia ser\u00e1 disponibilizado no <a href=\"https:\/\/virtual.ufmg.br\/minhasturmas\/\" target=\"_blank\" rel=\"noopener\">Moodle<\/a>.<\/p>\n<p>Outras informa\u00e7\u00f5es podem ser obtidas pelo e-mail <a href=\"mailto:dage@proex.ufmg.br\" target=\"_blank\" rel=\"noopener\">eventos@proex.ufmg.br<\/a> ou telefone (31) 3409-3215.<\/p>\n<\/div>\n","protected":false},"excerpt":{"rendered":"<p>Servidores da UFMG podem se inscrever em cada oficina no [&hellip;]<\/p>\n","protected":false},"author":2,"featured_media":0,"parent":0,"menu_order":0,"comment_status":"closed","ping_status":"closed","template":"","meta":[],"tags":[807,23,809,29],"_links":{"self":[{"href":"https:\/\/www.ufmg.br\/proex\/wp-json\/wp\/v2\/pages\/7944"}],"collection":[{"href":"https:\/\/www.ufmg.br\/proex\/wp-json\/wp\/v2\/pages"}],"about":[{"href":"https:\/\/www.ufmg.br\/proex\/wp-json\/wp\/v2\/types\/page"}],"author":[{"embeddable":true,"href":"https:\/\/www.ufmg.br\/proex\/wp-json\/wp\/v2\/users\/2"}],"replies":[{"embeddable":true,"href":"https:\/\/www.ufmg.br\/proex\/wp-json\/wp\/v2\/comments?post=7944"}],"version-history":[{"count":193,"href":"https:\/\/www.ufmg.br\/proex\/wp-json\/wp\/v2\/pages\/7944\/revisions"}],"predecessor-version":[{"id":16811,"href":"https:\/\/www.ufmg.br\/proex\/wp-json\/wp\/v2\/pages\/7944\/revisions\/16811"}],"wp:attachment":[{"href":"https:\/\/www.ufmg.br\/proex\/wp-json\/wp\/v2\/media?parent=7944"}],"wp:term":[{"taxonomy":"post_tag","embeddable":true,"href":"https:\/\/www.ufmg.br\/proex\/wp-json\/wp\/v2\/tags?post=7944"}],"curies":[{"name":"wp","href":"https:\/\/api.w.org\/{rel}","templated":true}]}}