{"id":8051,"date":"2023-12-15T10:00:49","date_gmt":"2023-12-15T12:00:49","guid":{"rendered":"https:\/\/www.ufmg.br\/proex\/?page_id=8051"},"modified":"2026-01-19T12:34:02","modified_gmt":"2026-01-19T15:34:02","slug":"departamento-de-gestao-ambiental","status":"publish","type":"page","link":"https:\/\/www.ufmg.br\/proex\/departamento-de-gestao-ambiental\/","title":{"rendered":"Departamento de Gest\u00e3o Ambiental (DGA\/UFMG)"},"content":{"rendered":"<p>Est\u00e3o abertas\u00a0as inscri\u00e7\u00f5es de candidatos(as) a duas bolsas de extens\u00e3o, na modalidade PBEXT, no projeto &#8220;Atividades de educa\u00e7\u00e3o ambiental e manejo de animais para a garantia do bem-estar dos peixes do Lago da Reitoria\u201d, do Departamento de Gest\u00e3o Ambiental (DGA) da UFMG.<\/p>\n<p>Podem se inscrever discentes de gradua\u00e7\u00e3o dos cursos de Aquacultura ou Medicina Veterin\u00e1ria da UFMG.<\/p>\n<p><strong>Valor da bolsa:<\/strong> R$700,00\/mensal<br \/>\n<strong>Vig\u00eancia<\/strong>: mar\u00e7o de 2026 a fevereiro de 2027<\/p>\n<p><strong>Per\u00edodo de inscri\u00e7\u00f5es<\/strong>: 26 de janeiro a 6 de fevereiro at\u00e9 as 12h.<\/p>\n<p><strong>Sele\u00e7\u00e3o<br \/>\n<\/strong>Os requisitos para as inscri\u00e7\u00f5es s\u00e3o:<br \/>\n-Estar regularmente matriculado na gradua\u00e7\u00e3o;<br \/>\n-Ter disponibilidade e compromisso para cumprir 20 horas semanais;<br \/>\n-Apresentar interesse nos temas do plano de atividades; e<br \/>\n-N\u00e3o estar recebendo nenhum outro tipo de bolsa acad\u00eamica.<\/p>\n<p>Os (as) interessados (as) devem encaminhar a documenta\u00e7\u00e3o relacionada abaixo para o e-mail <a href=\"mailto:dir@dga.ufmg.br\" target=\"_blank\" rel=\"noopener\">dir@dga.ufmg.br<\/a> (identificar no campo assunto Edital n.\u00ba 01\/2026).<br \/>\n&#8211; Curriculum Vitae ou Lattes;<br \/>\n&#8211; Hist\u00f3rico Escolar (ser\u00e1 aceita a vers\u00e3o do hist\u00f3rico dispon\u00edvel na internet em formato PDF);<br \/>\n&#8211; Texto com exposi\u00e7\u00e3o dos motivos que levam o aluno a pleitear sua participa\u00e7\u00e3o no programa (no m\u00e1ximo uma lauda).<\/p>\n<p>As informa\u00e7\u00f5es completas dessa oportunidade est\u00e3o no <a href=\"https:\/\/www.ufmg.br\/proex\/wp-content\/uploads\/2026\/01\/Minuta_Edital_DGA_2026_19_01_2026_assinado-1.pdf\" target=\"_blank\" rel=\"noopener\">edital de sele\u00e7\u00e3o.<\/a><\/p>\n<p>&nbsp;<\/p>\n<p>&nbsp;<\/p>\n","protected":false},"excerpt":{"rendered":"<p>Est\u00e3o abertas\u00a0as inscri\u00e7\u00f5es de candidatos(as) a duas bolsas de extens\u00e3o, [&hellip;]<\/p>\n","protected":false},"author":2,"featured_media":0,"parent":0,"menu_order":0,"comment_status":"closed","ping_status":"closed","template":"","meta":[],"tags":[191,23,29],"_links":{"self":[{"href":"https:\/\/www.ufmg.br\/proex\/wp-json\/wp\/v2\/pages\/8051"}],"collection":[{"href":"https:\/\/www.ufmg.br\/proex\/wp-json\/wp\/v2\/pages"}],"about":[{"href":"https:\/\/www.ufmg.br\/proex\/wp-json\/wp\/v2\/types\/page"}],"author":[{"embeddable":true,"href":"https:\/\/www.ufmg.br\/proex\/wp-json\/wp\/v2\/users\/2"}],"replies":[{"embeddable":true,"href":"https:\/\/www.ufmg.br\/proex\/wp-json\/wp\/v2\/comments?post=8051"}],"version-history":[{"count":47,"href":"https:\/\/www.ufmg.br\/proex\/wp-json\/wp\/v2\/pages\/8051\/revisions"}],"predecessor-version":[{"id":16967,"href":"https:\/\/www.ufmg.br\/proex\/wp-json\/wp\/v2\/pages\/8051\/revisions\/16967"}],"wp:attachment":[{"href":"https:\/\/www.ufmg.br\/proex\/wp-json\/wp\/v2\/media?parent=8051"}],"wp:term":[{"taxonomy":"post_tag","embeddable":true,"href":"https:\/\/www.ufmg.br\/proex\/wp-json\/wp\/v2\/tags?post=8051"}],"curies":[{"name":"wp","href":"https:\/\/api.w.org\/{rel}","templated":true}]}}