{"id":863,"date":"2021-08-11T17:06:24","date_gmt":"2021-08-11T20:06:24","guid":{"rendered":"https:\/\/www.ufmg.br\/proex\/?page_id=863"},"modified":"2023-08-03T14:58:47","modified_gmt":"2023-08-03T17:58:47","slug":"formacao-transversal-em-direitos-humanos","status":"publish","type":"page","link":"https:\/\/www.ufmg.br\/proex\/formacao-transversal-em-direitos-humanos\/","title":{"rendered":"Forma\u00e7\u00e3o Transversal em Direitos Humanos"},"content":{"rendered":"<p>O debate sobre os direitos humanos e a forma\u00e7\u00e3o para a cidadania democr\u00e1tica vem, aos poucos, ganhando espa\u00e7o e relev\u00e2ncia no nosso pa\u00eds. Ao mesmo tempo, lidamos com padr\u00f5es hist\u00f3ricos de opress\u00e3o, viol\u00eancia, desigualdade e viola\u00e7\u00f5es.<\/p>\n<p>Por meio da Forma\u00e7\u00e3o Transversal em Direitos Humanos, o aluno ter\u00e1 contato com as diversas dimens\u00f5es dos direitos humanos, o hist\u00f3rico de lutas e proposi\u00e7\u00f5es, os marcos regulat\u00f3rios, os indicadores das desigualdades, as especificidades das experi\u00eancias que envolvem os direitos de minorias e ter\u00e3o oportunidade de experimentar a pr\u00e1tica do planejamento e do desenvolvimento de interven\u00e7\u00f5es.<\/p>\n<p>Pretende-se tamb\u00e9m construir uma espa\u00e7o de reflex\u00e3o e an\u00e1lise dos princ\u00edpios, valores e direitos que caracterizam a dignidade humana, a democracia e a sociedade livre, justa e solid\u00e1ria e oferecer ao estudante as diversas perspectivas que caracterizam o intenso debate social, pol\u00edtico, jur\u00eddico, cultural, cient\u00edfico sobre os direitos humanos.<\/p>\n<p>As disciplinas s\u00e3o ministradas pelos professores da Rede de Direitos Humanos da UFMG. Podem participar alunos de gradua\u00e7\u00e3o e p\u00f3s-gradua\u00e7\u00e3o de qualquer curso da Universidade. Pessoas da comunidade externa tamb\u00e9m podem se matricular na modalidade disciplina isolada.<\/p>\n<p>Conhe\u00e7a a <a href=\"https:\/\/www2.ufmg.br\/proex\/content\/download\/7681\/49526\/file\/Formacao%20Transversal%20Direitos%20Humanos.pdf\" target=\"_blank\" rel=\"noopener\">proposta <\/a>da Forma\u00e7\u00e3o Transversal em Direitos Humanos.<\/p>\n<p>As disciplinas ofertadas no semestre, prazos e instru\u00e7\u00f5es de matr\u00edcula s\u00e3o divulgados na <a href=\"https:\/\/www.ufmg.br\/prograd\/matricula-nas-atividades-academicas-curriculares-de-formacao-transversal\/\" target=\"_blank\" rel=\"noopener\">p\u00e1gina da Pr\u00f3-reitoria de Gradua\u00e7\u00e3o da UFMG<\/a> e nas <a href=\"https:\/\/www.instagram.com\/udhufmg\/\" target=\"_blank\" rel=\"noopener\">redes sociais.<\/a><\/p>\n<p>D\u00favidas podem ser esclarecidas na Secretaria das Forma\u00e7\u00f5es Transversais (localizada na sala A105 do CAD III no campus Pampulha) pelo telefone (31) 3409-6590 ou por e-mail <u><a href=\"mailto:transversal@prograd.ufmg.br\" target=\"_self\" rel=\"noopener\">transversal@prograd.ufmg.br<\/a><\/u><\/p>\n<p>&nbsp;<\/p>\n<p>&nbsp;<\/p>\n<p>&nbsp;<\/p>\n<p>&nbsp;<\/p>\n<p>&nbsp;<\/p>\n","protected":false},"excerpt":{"rendered":"<p>O debate sobre os direitos humanos e a forma\u00e7\u00e3o para [&hellip;]<\/p>\n","protected":false},"author":2,"featured_media":0,"parent":0,"menu_order":0,"comment_status":"closed","ping_status":"closed","template":"","meta":[],"tags":[51,25,389],"_links":{"self":[{"href":"https:\/\/www.ufmg.br\/proex\/wp-json\/wp\/v2\/pages\/863"}],"collection":[{"href":"https:\/\/www.ufmg.br\/proex\/wp-json\/wp\/v2\/pages"}],"about":[{"href":"https:\/\/www.ufmg.br\/proex\/wp-json\/wp\/v2\/types\/page"}],"author":[{"embeddable":true,"href":"https:\/\/www.ufmg.br\/proex\/wp-json\/wp\/v2\/users\/2"}],"replies":[{"embeddable":true,"href":"https:\/\/www.ufmg.br\/proex\/wp-json\/wp\/v2\/comments?post=863"}],"version-history":[{"count":37,"href":"https:\/\/www.ufmg.br\/proex\/wp-json\/wp\/v2\/pages\/863\/revisions"}],"predecessor-version":[{"id":865,"href":"https:\/\/www.ufmg.br\/proex\/wp-json\/wp\/v2\/pages\/863\/revisions\/865"}],"wp:attachment":[{"href":"https:\/\/www.ufmg.br\/proex\/wp-json\/wp\/v2\/media?parent=863"}],"wp:term":[{"taxonomy":"post_tag","embeddable":true,"href":"https:\/\/www.ufmg.br\/proex\/wp-json\/wp\/v2\/tags?post=863"}],"curies":[{"name":"wp","href":"https:\/\/api.w.org\/{rel}","templated":true}]}}