{"id":8763,"date":"2023-06-07T16:25:57","date_gmt":"2023-06-07T19:25:57","guid":{"rendered":"https:\/\/www.ufmg.br\/proex\/?page_id=8763"},"modified":"2025-08-28T16:31:38","modified_gmt":"2025-08-28T19:31:38","slug":"convenios","status":"publish","type":"page","link":"https:\/\/www.ufmg.br\/proex\/convenios\/","title":{"rendered":"Servi\u00e7o de Conv\u00eanios"},"content":{"rendered":"<p dir=\"ltr\">O Servi\u00e7o de Conv\u00eanios da Pr\u00f3-Reitoria de Extens\u00e3o da UFMG \u00e9 respons\u00e1vel pela gest\u00e3o dos contratos, conv\u00eanios e Termos de Execu\u00e7\u00e3o Descentralizada (TEDs) vinculados ao Minist\u00e9rio da Educa\u00e7\u00e3o ou n\u00e3o, em parceria com a Pr\u00f3-Reitoria de Extens\u00e3o.<\/p>\n<p dir=\"ltr\">O setor fica encarregado tamb\u00e9m da fiscaliza\u00e7\u00e3o administrativa desses acordos de parceria assegurando que o objeto entregue e\/ou servi\u00e7o prestado esteja de acordo com o que foi contratado, al\u00e9m da verifica\u00e7\u00e3o e ateste das notas fiscais.<\/p>\n<p dir=\"ltr\">As principais atividades do Servi\u00e7o de Conv\u00eanios s\u00e3o a implanta\u00e7\u00e3o dos projetos nas Funda\u00e7\u00f5es de Apoio, o controle e acompanhamento dos repasses financeiros aos projetos, relat\u00f3rios de presta\u00e7\u00e3o de contas e atendimento a pareceres da Procuradoria Federal na UFMG.<\/p>\n<p dir=\"ltr\"><strong><b>Equipe: <\/b><\/strong>Thatiana Marques dos Santos<strong><br \/>\nTelefone<\/strong>: (31) 3409-4076\u00a0<i><br \/>\n<\/i><strong>E-mail:<\/strong> <a href=\"mailto:sconvenios@proex.ufmg.br\" target=\"_blank\" rel=\"noopener\"><span style=\"color: #1155cc;\">sconvenios@proex.ufmg.br<\/span><\/a><\/p>\n","protected":false},"excerpt":{"rendered":"<p>O Servi\u00e7o de Conv\u00eanios da Pr\u00f3-Reitoria de Extens\u00e3o da UFMG [&hellip;]<\/p>\n","protected":false},"author":2,"featured_media":0,"parent":0,"menu_order":0,"comment_status":"closed","ping_status":"closed","template":"","meta":[],"tags":[843,23,25,29],"_links":{"self":[{"href":"https:\/\/www.ufmg.br\/proex\/wp-json\/wp\/v2\/pages\/8763"}],"collection":[{"href":"https:\/\/www.ufmg.br\/proex\/wp-json\/wp\/v2\/pages"}],"about":[{"href":"https:\/\/www.ufmg.br\/proex\/wp-json\/wp\/v2\/types\/page"}],"author":[{"embeddable":true,"href":"https:\/\/www.ufmg.br\/proex\/wp-json\/wp\/v2\/users\/2"}],"replies":[{"embeddable":true,"href":"https:\/\/www.ufmg.br\/proex\/wp-json\/wp\/v2\/comments?post=8763"}],"version-history":[{"count":22,"href":"https:\/\/www.ufmg.br\/proex\/wp-json\/wp\/v2\/pages\/8763\/revisions"}],"predecessor-version":[{"id":16356,"href":"https:\/\/www.ufmg.br\/proex\/wp-json\/wp\/v2\/pages\/8763\/revisions\/16356"}],"wp:attachment":[{"href":"https:\/\/www.ufmg.br\/proex\/wp-json\/wp\/v2\/media?parent=8763"}],"wp:term":[{"taxonomy":"post_tag","embeddable":true,"href":"https:\/\/www.ufmg.br\/proex\/wp-json\/wp\/v2\/tags?post=8763"}],"curies":[{"name":"wp","href":"https:\/\/api.w.org\/{rel}","templated":true}]}}