{"id":885,"date":"2021-06-14T17:59:05","date_gmt":"2021-06-14T20:59:05","guid":{"rendered":"https:\/\/www.ufmg.br\/proex\/?page_id=885"},"modified":"2024-06-13T11:28:38","modified_gmt":"2024-06-13T14:28:38","slug":"programa-participa-ufmg-mariana-rio-doce","status":"publish","type":"page","link":"https:\/\/www.ufmg.br\/proex\/programa-participa-ufmg-mariana-rio-doce\/","title":{"rendered":"Programa Participa UFMG \/ Mariana-Rio Doce"},"content":{"rendered":"<p>O rompimento, em 2015, da barragem de Fund\u00e3o, de propriedade da mineradora Samarco, no distrito de Bento Rodrigues, em Mariana (MG), teve implica\u00e7\u00f5es ambientais, culturais, sociais, hist\u00f3ricas, econ\u00f4micas e afetivas permanentes.<\/p>\n<p>Logo ap\u00f3s o desastre, a UFMG, por meio da Pr\u00f3-reitoria de Extens\u00e3o, lan\u00e7ou o <a href=\"https:\/\/sistemas.ufmg.br\/siex\/VerIdentificacao.do?id=83195&amp;tipo=Programa\" target=\"_blank\" rel=\"noopener\">Programa Participa UFMG<\/a>, que iniciou um trabalho intenso de m\u00e9dio\/longo prazo comprometido com a vida e direitos das popula\u00e7\u00f5es atingidas.<\/p>\n<p>O programa re\u00fane e articula grupos de extens\u00e3o e pesquisa, iniciativas e atividades na regi\u00e3o de Mariana e em toda a extens\u00e3o da bacia do Rio Doce com o objetivo de diagnosticar os problemas e propor a\u00e7\u00f5es de reconstru\u00e7\u00e3o relacionadas ao meio ambiente, moradia, gera\u00e7\u00e3o de emprego e renda, sa\u00fade, educa\u00e7\u00e3o, cultura, lazer, entre outras \u00e1reas.<\/p>\n<p><a href=\"https:\/\/www2.ufmg.br\/proex\/content\/download\/8228\/52935\/file\/Cadastrados%20PARTICIPA%20UFMG.pdf\" target=\"_blank\" rel=\"noopener\">Lista dos professores cadastrados<\/a><\/p>\n<p><strong>Algumas a\u00e7\u00f5es desenvolvidas<\/strong><\/p>\n<p><u><a href=\"https:\/\/www.ufmg.br\/online\/arquivos\/041375.shtml\" target=\"_blank\" rel=\"noopener\">Lan\u00e7amento do programa e mensagem \u00e0 comunidade<\/a><\/u><\/p>\n<p><a href=\"https:\/\/www.ufmg.br\/proex\/programa-participa-ufmg-desenvolve-acoes-para-enfrentar-a-covid-19-na-regiao-do-desastre-de-mariana\/\" target=\"_blank\" rel=\"noopener\">Enfrentamento \u00e0 pandemia de covid-19 na regi\u00e3o do desastre<\/a><\/p>\n<p><a href=\"https:\/\/www.ufmg.br\/proex\/ufmg-debate-acordo-entre-uniao-minas-gerais-espirito-santo-e-empresas-envolvidas-em-rompimento-de-barragem\/\" target=\"_blank\" rel=\"noopener\"><u>O Caso Samarco: Perspectivas do Acord\u00e3o<\/u><\/a><\/p>\n<p><a href=\"https:\/\/www.ufmg.br\/ieat\/2016\/08\/painel-tecnicas-e-regulacao-da-atividade-mineraria\/\" target=\"_blank\" rel=\"noopener\">Apoio a evento do IEAT UFMG: T\u00e9cnicas e Regula\u00e7\u00e3o da Atividade Miner\u00e1ria<\/a><\/p>\n<p><a href=\"https:\/\/www.ufmg.br\/proex\/wp-content\/uploads\/2022\/01\/CHAMADA-INTERNA-PARTICIPA-UFMG-2017.pdf\" target=\"_blank\" rel=\"noopener\">Chamada Interna para programas e projetos de extens\u00e3o<\/a><\/p>\n<p><a href=\"https:\/\/www.ufmg.br\/online\/arquivos\/045875.shtml\" target=\"_blank\" rel=\"noopener\"><u>Um ano de contamina\u00e7\u00e3o do Rio Doce e um s\u00e9culo de luta Krenak<\/u><\/a><\/p>\n<p><u><a href=\"https:\/\/www.ufmg.br\/proex\/participa-ufmg-convida-comunidade-academica-para-a-jornada-um-ano-de-lama-e-luta-somos-tods-atingids\/\" target=\"_blank\" rel=\"noopener\">Apoio \u00e0 Jornada \u201cUm ano de lama e luta &#8211; somos tod@s atingid@s&#8221;<\/a><\/u><\/p>\n<p>Papel da Academia em Suporte aos \u00d3rg\u00e3os P\u00fablicos e \u00e0 Sociedade Civil em Virtude dos M\u00faltiplos Impactos Decorrentes do Desastre da Samarco<\/p>\n<p><u><a href=\"https:\/\/www.ufmg.br\/online\/arquivos\/045239.shtml\" target=\"_blank\" rel=\"noopener\">Observat\u00f3rio Interinstitucional Mariana \u2013 Rio Doce (UFMG\/UFES\/UFOP)<\/a><\/u><\/p>\n<p>&nbsp;<\/p>\n<p>&nbsp;<\/p>\n<p>&nbsp;<\/p>\n<p>&nbsp;<\/p>\n<p>&nbsp;<\/p>\n<p>&nbsp;<\/p>\n<p>&nbsp;<\/p>\n<p>&nbsp;<\/p>\n<p>&nbsp;<\/p>\n<p>&nbsp;<\/p>\n<p>&nbsp;<\/p>\n","protected":false},"excerpt":{"rendered":"<p>O rompimento, em 2015, da barragem de Fund\u00e3o, de propriedade [&hellip;]<\/p>\n","protected":false},"author":2,"featured_media":0,"parent":0,"menu_order":0,"comment_status":"closed","ping_status":"closed","template":"","meta":[],"tags":[49,379,23,373,29,399,169,365,95],"_links":{"self":[{"href":"https:\/\/www.ufmg.br\/proex\/wp-json\/wp\/v2\/pages\/885"}],"collection":[{"href":"https:\/\/www.ufmg.br\/proex\/wp-json\/wp\/v2\/pages"}],"about":[{"href":"https:\/\/www.ufmg.br\/proex\/wp-json\/wp\/v2\/types\/page"}],"author":[{"embeddable":true,"href":"https:\/\/www.ufmg.br\/proex\/wp-json\/wp\/v2\/users\/2"}],"replies":[{"embeddable":true,"href":"https:\/\/www.ufmg.br\/proex\/wp-json\/wp\/v2\/comments?post=885"}],"version-history":[{"count":42,"href":"https:\/\/www.ufmg.br\/proex\/wp-json\/wp\/v2\/pages\/885\/revisions"}],"predecessor-version":[{"id":12749,"href":"https:\/\/www.ufmg.br\/proex\/wp-json\/wp\/v2\/pages\/885\/revisions\/12749"}],"wp:attachment":[{"href":"https:\/\/www.ufmg.br\/proex\/wp-json\/wp\/v2\/media?parent=885"}],"wp:term":[{"taxonomy":"post_tag","embeddable":true,"href":"https:\/\/www.ufmg.br\/proex\/wp-json\/wp\/v2\/tags?post=885"}],"curies":[{"name":"wp","href":"https:\/\/api.w.org\/{rel}","templated":true}]}}