{"id":8892,"date":"2023-06-20T15:49:39","date_gmt":"2023-06-20T18:49:39","guid":{"rendered":"https:\/\/www.ufmg.br\/proex\/?page_id=8892"},"modified":"2023-11-20T13:11:17","modified_gmt":"2023-11-20T16:11:17","slug":"envelhecimento-ativo","status":"publish","type":"page","link":"https:\/\/www.ufmg.br\/proex\/envelhecimento-ativo\/","title":{"rendered":"Programa Envelhecimento Ativo"},"content":{"rendered":"<p>Est\u00e3o abertas,\u00a0<strong>at\u00e9 o dia 26 de novembro<\/strong>, as inscri\u00e7\u00f5es para oportunidade como bolsista no Programa Envelhecimento Ativo, da Escola de Educa\u00e7\u00e3o F\u00edsica, Fisioterapia e Terapia Ocupacional da UFMG.<\/p>\n<p>Ser\u00e3o at\u00e9 16 vagas. A sele\u00e7\u00e3o ser\u00e1 para atividades presenciais e tamb\u00e9m on-line.<\/p>\n<p>Poder\u00e3o se inscrever estudantes com ou sem experi\u00eancia, dos cursos de Educa\u00e7\u00e3o F\u00edsica, Fisioterapia, Terapia Ocupacional, Pedagogia, Dan\u00e7as e \u00e1reas afins da UFMG e outras universidades.<\/p>\n<p><strong>Das inscri\u00e7\u00f5es<\/strong><\/p>\n<p>O programa receber\u00e1 as inscri\u00e7\u00f5es por meio de <a href=\"https:\/\/docs.google.com\/forms\/d\/e\/1FAIpQLScCYdmDWhGSMwSMi4r6hogKP7MNFX1DTAidY-GC2nin46quZQ\/viewform\" target=\"_blank\" rel=\"noopener\">formul\u00e1rio eletr\u00f4nico.<\/a><\/p>\n<p>No ato da inscri\u00e7\u00e3o, os candidatos dever\u00e3o anexar a carteira de identidade, CPF, hist\u00f3rico escolar de gradua\u00e7\u00e3o, curr\u00edculo vitae (m\u00e1ximo de duas laudas) ou Lattes, comprovante de endere\u00e7o\u00a0 e carta de inten\u00e7\u00e3o (m\u00e1ximo de uma lauda).<\/p>\n<p>Mais informa\u00e7\u00f5es est\u00e3o dispon\u00edveis no <a href=\"https:\/\/www.ufmg.br\/proex\/wp-content\/uploads\/2023\/11\/EDITAL_15_-_PROGRAMA_ENVELHECIMENTO_ATIVO_2024_1.pdf\" target=\"_blank\" rel=\"noopener\">edital.<\/a><\/p>\n<div class=\"_a9zs\"><\/div>\n<div class=\"x9f619 xjbqb8w x78zum5 x168nmei x13lgxp2 x5pf9jr xo71vjh x1xmf6yo x12nagc x1n2onr6 x1plvlek xryxfnj x1c4vz4f x2lah0s xdt5ytf xqjyukv x1qjc9v5 x1oa3qoh x1nhvcw1\"><\/div>\n<div><\/div>\n<div><\/div>\n<div><\/div>\n<div><\/div>\n<div><\/div>\n","protected":false},"excerpt":{"rendered":"<p>Est\u00e3o abertas,\u00a0at\u00e9 o dia 26 de novembro, as inscri\u00e7\u00f5es para [&hellip;]<\/p>\n","protected":false},"author":2,"featured_media":0,"parent":0,"menu_order":0,"comment_status":"closed","ping_status":"closed","template":"","meta":[],"tags":[23],"_links":{"self":[{"href":"https:\/\/www.ufmg.br\/proex\/wp-json\/wp\/v2\/pages\/8892"}],"collection":[{"href":"https:\/\/www.ufmg.br\/proex\/wp-json\/wp\/v2\/pages"}],"about":[{"href":"https:\/\/www.ufmg.br\/proex\/wp-json\/wp\/v2\/types\/page"}],"author":[{"embeddable":true,"href":"https:\/\/www.ufmg.br\/proex\/wp-json\/wp\/v2\/users\/2"}],"replies":[{"embeddable":true,"href":"https:\/\/www.ufmg.br\/proex\/wp-json\/wp\/v2\/comments?post=8892"}],"version-history":[{"count":16,"href":"https:\/\/www.ufmg.br\/proex\/wp-json\/wp\/v2\/pages\/8892\/revisions"}],"predecessor-version":[{"id":11081,"href":"https:\/\/www.ufmg.br\/proex\/wp-json\/wp\/v2\/pages\/8892\/revisions\/11081"}],"wp:attachment":[{"href":"https:\/\/www.ufmg.br\/proex\/wp-json\/wp\/v2\/media?parent=8892"}],"wp:term":[{"taxonomy":"post_tag","embeddable":true,"href":"https:\/\/www.ufmg.br\/proex\/wp-json\/wp\/v2\/tags?post=8892"}],"curies":[{"name":"wp","href":"https:\/\/api.w.org\/{rel}","templated":true}]}}