{"id":8978,"date":"2023-06-28T11:21:28","date_gmt":"2023-06-28T14:21:28","guid":{"rendered":"https:\/\/www.ufmg.br\/proex\/?page_id=8978"},"modified":"2024-07-03T14:04:47","modified_gmt":"2024-07-03T17:04:47","slug":"linguas-culturas-no-coltec","status":"publish","type":"page","link":"https:\/\/www.ufmg.br\/proex\/linguas-culturas-no-coltec\/","title":{"rendered":"L\u00ednguas-Culturas no COLTEC"},"content":{"rendered":"<p>Inscri\u00e7\u00f5es abertas, at\u00e9 o dia <strong>4 de julho de 2024,<\/strong> para processo seletivo do<em> Projeto L\u00cdNGUAS-CULTURAS NO COLTEC: parceria entre o Ensino Superior e a Educa\u00e7\u00e3o B\u00e1sica e Profissional da UFMG.<\/em><\/p>\n<p>O projeto oferece 1 vaga de bolsa de extens\u00e3o na modalidade PBEXT A\u00e7\u00e3o Afirmativa (democratizar). Podem se inscrever estudantes da UFMG do curso de gradua\u00e7\u00e3o em Letras (Licenciatura).<\/p>\n<p>As inscri\u00e7\u00f5es s\u00e3o realizadas por meio de preenchimento de <a href=\"https:\/\/forms.gle\/YvbYuudCNzVAppiRA\" target=\"_blank\" rel=\"noopener\">formul\u00e1rio on-line.\u00a0<\/a><\/p>\n<p>No ato da inscri\u00e7\u00e3o, os\/as candidatos\/as dever\u00e3o apresentar os seguintes documentos digitalizados:<br \/>\na) Curriculum vitae ou lattes, em formato PDF;<br \/>\nb) Hist\u00f3rico escolar, em formato PDF (ser\u00e1 aceita a vers\u00e3o do hist\u00f3rico dispon\u00edvel na intranet);<br \/>\nc) Comprovante de matr\u00edcula (2024\/1) ou documento comprobat\u00f3rio equivalente, em formato PDF;<br \/>\nd) Texto com exposi\u00e7\u00e3o dos motivos para se candidatar a bolsa (m\u00e1ximo de 1 lauda, Arial 12, espa\u00e7amento 1,5), em formato PDF<\/p>\n<p>As demais informa\u00e7\u00f5es devem ser consultadas no <a href=\"https:\/\/www.ufmg.br\/proex\/wp-content\/uploads\/2024\/07\/Edital_de_Selecao_de_Bolsista_Extensao_Democratizar_2024_OK_assinado.pdf\" target=\"_blank\" rel=\"noopener\">edital de sele\u00e7\u00e3o.<\/a><\/p>\n","protected":false},"excerpt":{"rendered":"<p>Inscri\u00e7\u00f5es abertas, at\u00e9 o dia 4 de julho de 2024, [&hellip;]<\/p>\n","protected":false},"author":2,"featured_media":0,"parent":0,"menu_order":0,"comment_status":"closed","ping_status":"closed","template":"","meta":[],"tags":[191,23],"_links":{"self":[{"href":"https:\/\/www.ufmg.br\/proex\/wp-json\/wp\/v2\/pages\/8978"}],"collection":[{"href":"https:\/\/www.ufmg.br\/proex\/wp-json\/wp\/v2\/pages"}],"about":[{"href":"https:\/\/www.ufmg.br\/proex\/wp-json\/wp\/v2\/types\/page"}],"author":[{"embeddable":true,"href":"https:\/\/www.ufmg.br\/proex\/wp-json\/wp\/v2\/users\/2"}],"replies":[{"embeddable":true,"href":"https:\/\/www.ufmg.br\/proex\/wp-json\/wp\/v2\/comments?post=8978"}],"version-history":[{"count":6,"href":"https:\/\/www.ufmg.br\/proex\/wp-json\/wp\/v2\/pages\/8978\/revisions"}],"predecessor-version":[{"id":12898,"href":"https:\/\/www.ufmg.br\/proex\/wp-json\/wp\/v2\/pages\/8978\/revisions\/12898"}],"wp:attachment":[{"href":"https:\/\/www.ufmg.br\/proex\/wp-json\/wp\/v2\/media?parent=8978"}],"wp:term":[{"taxonomy":"post_tag","embeddable":true,"href":"https:\/\/www.ufmg.br\/proex\/wp-json\/wp\/v2\/tags?post=8978"}],"curies":[{"name":"wp","href":"https:\/\/api.w.org\/{rel}","templated":true}]}}