{"id":898,"date":"2021-08-12T15:23:17","date_gmt":"2021-08-12T18:23:17","guid":{"rendered":"https:\/\/www.ufmg.br\/proex\/?page_id=898"},"modified":"2021-09-22T11:30:19","modified_gmt":"2021-09-22T14:30:19","slug":"rede-cidades-ufmg","status":"publish","type":"page","link":"https:\/\/www.ufmg.br\/proex\/rede-cidades-ufmg\/","title":{"rendered":"Rede Cidades UFMG"},"content":{"rendered":"<p>A Rede Cidades UFMG re\u00fane professores pesquisadores de diversas \u00e1reas do conhecimento (Antropologia, Arquitetura e Urbanismo, Ci\u00eancias do Estado, Comunica\u00e7\u00e3o, Direito, Economia, Educa\u00e7\u00e3o, Engenharia, Geografia, Psicologia e Sociologia) que desenvolvem a\u00e7\u00f5es de extens\u00e3o, ensino e pesquisa envolvendo quest\u00f5es ambientais e sociais, al\u00e9m de moradores e ocupantes de territ\u00f3rios conflituosos em Belo Horizonte e Regi\u00e3o Metropolitana.<\/p>\n<p><strong>Algumas a\u00e7\u00f5es desenvolvidas<\/strong><\/p>\n<p><a href=\"https:\/\/www.ufmg.br\/proex\/rede-cidades-da-ufmg-oferece-apoio-a-moradores-das-ocupacoes-de-belo-horizonte\/\" target=\"_blank\" rel=\"noopener\"><u>Participa\u00e7\u00e3o em Reuni\u00e3o T\u00e9cnica sobre empreendimento Granja Werneck<\/u><\/a><\/p>\n<p><a href=\"https:\/\/www2.ufmg.br\/proex\/content\/download\/5793\/37759\/file\/NOTA%20PU%CC%81BLICA%20DA%20REDE%20CIDADES%20UFMG.pdf\" target=\"_blank\" rel=\"noopener\"><u>Nota P\u00fablica sobre conflito socioterritorial na regi\u00e3o da Izidora<\/u><\/a><\/p>\n<p>&nbsp;<\/p>\n<p>&nbsp;<\/p>\n<p>&nbsp;<\/p>\n<p>&nbsp;<\/p>\n<p>&nbsp;<\/p>\n<p>&nbsp;<\/p>\n<p>&nbsp;<\/p>\n<p>&nbsp;<\/p>\n<p>&nbsp;<\/p>\n<p>&nbsp;<\/p>\n","protected":false},"excerpt":{"rendered":"<p>A Rede Cidades UFMG re\u00fane professores pesquisadores de diversas \u00e1reas [&hellip;]<\/p>\n","protected":false},"author":2,"featured_media":0,"parent":0,"menu_order":0,"comment_status":"closed","ping_status":"closed","template":"","meta":[],"tags":[49,51,379,23,25,29,401,369,371,365,4,95],"_links":{"self":[{"href":"https:\/\/www.ufmg.br\/proex\/wp-json\/wp\/v2\/pages\/898"}],"collection":[{"href":"https:\/\/www.ufmg.br\/proex\/wp-json\/wp\/v2\/pages"}],"about":[{"href":"https:\/\/www.ufmg.br\/proex\/wp-json\/wp\/v2\/types\/page"}],"author":[{"embeddable":true,"href":"https:\/\/www.ufmg.br\/proex\/wp-json\/wp\/v2\/users\/2"}],"replies":[{"embeddable":true,"href":"https:\/\/www.ufmg.br\/proex\/wp-json\/wp\/v2\/comments?post=898"}],"version-history":[{"count":12,"href":"https:\/\/www.ufmg.br\/proex\/wp-json\/wp\/v2\/pages\/898\/revisions"}],"predecessor-version":[{"id":2810,"href":"https:\/\/www.ufmg.br\/proex\/wp-json\/wp\/v2\/pages\/898\/revisions\/2810"}],"wp:attachment":[{"href":"https:\/\/www.ufmg.br\/proex\/wp-json\/wp\/v2\/media?parent=898"}],"wp:term":[{"taxonomy":"post_tag","embeddable":true,"href":"https:\/\/www.ufmg.br\/proex\/wp-json\/wp\/v2\/tags?post=898"}],"curies":[{"name":"wp","href":"https:\/\/api.w.org\/{rel}","templated":true}]}}