{"id":8990,"date":"2023-06-29T09:18:01","date_gmt":"2023-06-29T12:18:01","guid":{"rendered":"https:\/\/www.ufmg.br\/proex\/?page_id=8990"},"modified":"2023-06-29T11:38:17","modified_gmt":"2023-06-29T14:38:17","slug":"projeto-promocao-de-saude-bucal-para-adolescentes","status":"publish","type":"page","link":"https:\/\/www.ufmg.br\/proex\/projeto-promocao-de-saude-bucal-para-adolescentes\/","title":{"rendered":"Projeto Promo\u00e7\u00e3o de Sa\u00fade Bucal para Adolescentes"},"content":{"rendered":"<p>\u00d3tima oportunidade (1 vaga) no projeto <a href=\"https:\/\/sistemas.ufmg.br\/siex\/VerIdentificacao.do?id=87225&amp;tipo=Projeto\" target=\"_blank\" rel=\"noopener\">Promo\u00e7\u00e3o de Sa\u00fade Bucal para Adolescentes<\/a>, da Faculdade de Odontologia (FAO\/UFMG).<\/p>\n<p>O processo de sele\u00e7\u00e3o \u00e9 destinado \u00e0 participa\u00e7\u00e3o de graduandos do curso de Odontologia da UFMG que tenham interesse na tem\u00e1tica. \u00c9 necess\u00e1rio que o estudante seja benefici\u00e1rio das pol\u00edticas de a\u00e7\u00f5es afirmativas (n\u00edvel I, II ou III pela FUMP) e\/ou tenha ingressado na UFMG pelo sistema de cotas.<\/p>\n<p>As inscri\u00e7\u00f5es v\u00e3o <strong>at\u00e9 4 de julho de 2023<\/strong>, por meio de <a href=\"https:\/\/docs.google.com\/forms\/d\/e\/1FAIpQLSfsytP79kzv1dzgnlMnUHCt2GuOdvvvccloG883liIDmHYg3w\/viewform\" target=\"_blank\" rel=\"noopener\">formul\u00e1rio eletr\u00f4nico<\/a>.<\/p>\n<p>Os (as) candidatos (as) devem enviar (arquivos no formato PDF):<br \/>\n-Hist\u00f3rico Escolar;<br \/>\n-Extrato de Integraliza\u00e7\u00e3o Curricular; e<br \/>\n-Documento comprobat\u00f3rio de que o estudante \u00e9 sujeito das pol\u00edticas de a\u00e7\u00f5es afirmativas.<\/p>\n<p>O projeto <em>Promo\u00e7\u00e3o de Sa\u00fade Bucal para Adolescentes <\/em>\u00e9 vinculado ao Departamento de Odontologia Social e Preventiva e coordenado pela professora Andrea Clemente Palmier.<\/p>\n<p>As demais informa\u00e7\u00f5es est\u00e3o dispon\u00edveis na <a href=\"https:\/\/www.odonto.ufmg.br\/cenex\/wp-content\/uploads\/sites\/2\/2023\/06\/CHAMADA-CENEX-53-23.docx-1.pdf\" target=\"_blank\" rel=\"noopener\">chamada 53\/2023.<\/a><\/p>\n<p>&nbsp;<\/p>\n<p>&nbsp;<\/p>\n<p>&nbsp;<\/p>\n","protected":false},"excerpt":{"rendered":"<p>\u00d3tima oportunidade (1 vaga) no projeto Promo\u00e7\u00e3o de Sa\u00fade Bucal [&hellip;]<\/p>\n","protected":false},"author":2,"featured_media":0,"parent":0,"menu_order":0,"comment_status":"closed","ping_status":"closed","template":"","meta":[],"tags":[191,23],"_links":{"self":[{"href":"https:\/\/www.ufmg.br\/proex\/wp-json\/wp\/v2\/pages\/8990"}],"collection":[{"href":"https:\/\/www.ufmg.br\/proex\/wp-json\/wp\/v2\/pages"}],"about":[{"href":"https:\/\/www.ufmg.br\/proex\/wp-json\/wp\/v2\/types\/page"}],"author":[{"embeddable":true,"href":"https:\/\/www.ufmg.br\/proex\/wp-json\/wp\/v2\/users\/2"}],"replies":[{"embeddable":true,"href":"https:\/\/www.ufmg.br\/proex\/wp-json\/wp\/v2\/comments?post=8990"}],"version-history":[{"count":7,"href":"https:\/\/www.ufmg.br\/proex\/wp-json\/wp\/v2\/pages\/8990\/revisions"}],"predecessor-version":[{"id":8998,"href":"https:\/\/www.ufmg.br\/proex\/wp-json\/wp\/v2\/pages\/8990\/revisions\/8998"}],"wp:attachment":[{"href":"https:\/\/www.ufmg.br\/proex\/wp-json\/wp\/v2\/media?parent=8990"}],"wp:term":[{"taxonomy":"post_tag","embeddable":true,"href":"https:\/\/www.ufmg.br\/proex\/wp-json\/wp\/v2\/tags?post=8990"}],"curies":[{"name":"wp","href":"https:\/\/api.w.org\/{rel}","templated":true}]}}