{"id":903,"date":"2021-08-12T15:31:29","date_gmt":"2021-08-12T18:31:29","guid":{"rendered":"https:\/\/www.ufmg.br\/proex\/?page_id=903"},"modified":"2021-09-23T08:41:21","modified_gmt":"2021-09-23T11:41:21","slug":"rede-juventude-ufmg","status":"publish","type":"page","link":"https:\/\/www.ufmg.br\/proex\/rede-juventude-ufmg\/","title":{"rendered":"Rede Juventude UFMG"},"content":{"rendered":"<p>A Rede Juventude UFMG agrega e grupos e acad\u00eamicos de diversas \u00e1reas do conhecimento (Ci\u00eancia da Informa\u00e7\u00e3o, Ci\u00eancias Sociais, Direito, Educa\u00e7\u00e3o, Educa\u00e7\u00e3o F\u00edsica, Engenharia, Medicina, Odontologia, Psicologia, Terapia Ocupacional), que abordam essa tem\u00e1tica em di\u00e1logo com coletivos e movimentos sociais.<\/p>\n<p>A Rede se debru\u00e7a sobre quest\u00f5es experimentadas pela juventude com foco nas necessidades emergenciais e reais de nossa sociedade.<\/p>\n<p><strong>Algumas a\u00e7\u00f5es desenvolvidas<\/strong><\/p>\n<p><a href=\"https:\/\/www2.ufmg.br\/proex\/content\/download\/5714\/37294\/file\/CARTA%20DA%20REDE%20JUVENTUDE%2017%20junho%202015.pdf\" target=\"_blank\" rel=\"noopener\"><u>Carta \u00e0 Sociedade sobre a Maioridade Penal<\/u><\/a><\/p>\n<p><u><a href=\"https:\/\/www.ufmg.br\/online\/imprensa\/arquivos\/038810.shtml\" target=\"_blank\" rel=\"noopener\">Debate sobre a Maioridade Penal<\/a><\/u><\/p>\n<p><u><a href=\"https:\/\/www.ufmg.br\/online\/arquivos\/040295.shtml\" target=\"_blank\" rel=\"noopener\">Semin\u00e1rio Territ\u00f3rios da Juventude<\/a><\/u><\/p>\n<p><a href=\"https:\/\/www.ufmg.br\/proex\/o-jovem-no-brasil-nunca-e-levado-a-serio\/\" target=\"_blank\" rel=\"noopener\">Debate &#8216;Que Brasil queremos? O que dizem os\/as jovens?&#8217;<\/a><\/p>\n<p><strong>Grupos participantes\u00a0<\/strong><\/p>\n<p>Cidadania da Inf\u00e2ncia e Hiperm\u00eddia (Escola de Ci\u00eancia da Informa\u00e7\u00e3o\/UFMG)<\/p>\n<p>Conex\u00f5es de Saberes (Faculdade de Filosofia e Ci\u00eancias Humanas\/UFMG)<\/p>\n<p>J\u00e1 \u00e9 (Faculdade de Filosofia e Ci\u00eancias Humanas\/UFMG)<\/p>\n<p>Janela da Escuta (Faculdade de Medicina\/ UFMG)<\/p>\n<p>Lapsi (Faculdade de Educa\u00e7\u00e3o\/UFMG)<\/p>\n<p>Observat\u00f3rio da Juventude (Faculdade de Educa\u00e7\u00e3o \/UFMG)<\/p>\n<p>Observat\u00f3rio de Pol\u00edticas Estudantis (Pr\u00f3-reitoria de Assuntos Estudantis\/UFMG)<\/p>\n<p>Programa F\u00f3rum Metr\u00f4 (Faculdade de Educa\u00e7\u00e3o \/ UFMG)<\/p>\n<p>Programa Polos (Faculdade de Direito\/UFMG)<\/p>\n<p>Promo\u00e7\u00e3o da Sa\u00fade Bucal de Adolescentes (Faculdade de Odontologia\/ UFMG)<\/p>\n<p>Recaj (Faculdade de Direito\/UFMG)<\/p>\n<p>Selex (Escola de Engenharia\/UFMG)<b>\u00a0<\/b><\/p>\n<p>&nbsp;<\/p>\n<p>&nbsp;<\/p>\n<p>&nbsp;<\/p>\n<p>&nbsp;<\/p>\n","protected":false},"excerpt":{"rendered":"<p>A Rede Juventude UFMG agrega e grupos e acad\u00eamicos de [&hellip;]<\/p>\n","protected":false},"author":2,"featured_media":0,"parent":0,"menu_order":0,"comment_status":"closed","ping_status":"closed","template":"","meta":[],"tags":[49,51,23,25,29,403,369,371,365,4,95],"_links":{"self":[{"href":"https:\/\/www.ufmg.br\/proex\/wp-json\/wp\/v2\/pages\/903"}],"collection":[{"href":"https:\/\/www.ufmg.br\/proex\/wp-json\/wp\/v2\/pages"}],"about":[{"href":"https:\/\/www.ufmg.br\/proex\/wp-json\/wp\/v2\/types\/page"}],"author":[{"embeddable":true,"href":"https:\/\/www.ufmg.br\/proex\/wp-json\/wp\/v2\/users\/2"}],"replies":[{"embeddable":true,"href":"https:\/\/www.ufmg.br\/proex\/wp-json\/wp\/v2\/comments?post=903"}],"version-history":[{"count":24,"href":"https:\/\/www.ufmg.br\/proex\/wp-json\/wp\/v2\/pages\/903\/revisions"}],"predecessor-version":[{"id":2971,"href":"https:\/\/www.ufmg.br\/proex\/wp-json\/wp\/v2\/pages\/903\/revisions\/2971"}],"wp:attachment":[{"href":"https:\/\/www.ufmg.br\/proex\/wp-json\/wp\/v2\/media?parent=903"}],"wp:term":[{"taxonomy":"post_tag","embeddable":true,"href":"https:\/\/www.ufmg.br\/proex\/wp-json\/wp\/v2\/tags?post=903"}],"curies":[{"name":"wp","href":"https:\/\/api.w.org\/{rel}","templated":true}]}}